{"id":151183,"date":"2024-09-12T12:17:58","date_gmt":"2024-09-12T10:17:58","guid":{"rendered":"https:\/\/www.fabioferro.eu\/.html?post_type=product&#038;p=151183"},"modified":"2025-05-15T10:03:09","modified_gmt":"2025-05-15T08:03:09","slug":"halskette-giovanni-raspini-blade-media-copy","status":"publish","type":"product","link":"https:\/\/www.fabioferro.eu\/de\/halskette-giovanni-raspini-blade-media-copy.html","title":{"rendered":"Giovanni Raspini Anh\u00e4nger Klinge Halskette"},"content":{"rendered":"<p>Halskette aus geh\u00e4mmertem 925\/1000 Silber.<\/p>\n<p>Die L\u00e4nge der Kette betr\u00e4gt 80 cm. Der Anh\u00e4nger misst 6,2 cm. <\/p>\n<p>Hergestellt in Italien.<\/p>\n<p>Sehr praktisch und schnell anzuziehen dank seiner extremen Flexibilit\u00e4t.<\/p>\n<p>Begleitet von der offiziellen Giovanni Raspini Box und Garantie.<\/p>\n","protected":false},"excerpt":{"rendered":"<p>Eine ganz besondere Verarbeitung, die neue Emotionen weckt, auch dank ihres zeitgen\u00f6ssischen Stils.<\/p>\n","protected":false},"featured_media":150585,"comment_status":"open","ping_status":"closed","template":"","meta":[],"product_brand":[155],"product_cat":[7568],"product_tag":[],"class_list":{"0":"post-151183","1":"product","2":"type-product","3":"status-publish","4":"has-post-thumbnail","6":"product_brand-raspini","7":"product_cat-giovanni-raspini-halsketten","9":"first","10":"instock","11":"sale","12":"taxable","13":"shipping-taxable","14":"purchasable","15":"product-type-simple"},"exclude_global_add_ons":[],"addons":[],"df_price":306,"df_sale_price":306,"df_regular_price":340,"df_image_link":"https:\/\/cdn02.fabioferro.eu\/wp-content\/uploads\/collana-giovanni-raspini-pendente-blade-12094.jpg","_links":{"self":[{"href":"https:\/\/www.fabioferro.eu\/de\/wp-json\/wp\/v2\/product\/151183","targetHints":{"allow":["GET"]}}],"collection":[{"href":"https:\/\/www.fabioferro.eu\/de\/wp-json\/wp\/v2\/product"}],"about":[{"href":"https:\/\/www.fabioferro.eu\/de\/wp-json\/wp\/v2\/types\/product"}],"replies":[{"embeddable":true,"href":"https:\/\/www.fabioferro.eu\/de\/wp-json\/wp\/v2\/comments?post=151183"}],"version-history":[{"count":0,"href":"https:\/\/www.fabioferro.eu\/de\/wp-json\/wp\/v2\/product\/151183\/revisions"}],"wp:featuredmedia":[{"embeddable":true,"href":"https:\/\/www.fabioferro.eu\/de\/wp-json\/wp\/v2\/media\/150585"}],"wp:attachment":[{"href":"https:\/\/www.fabioferro.eu\/de\/wp-json\/wp\/v2\/media?parent=151183"}],"wp:term":[{"taxonomy":"product_brand","embeddable":true,"href":"https:\/\/www.fabioferro.eu\/de\/wp-json\/wp\/v2\/product_brand?post=151183"},{"taxonomy":"product_cat","embeddable":true,"href":"https:\/\/www.fabioferro.eu\/de\/wp-json\/wp\/v2\/product_cat?post=151183"},{"taxonomy":"product_tag","embeddable":true,"href":"https:\/\/www.fabioferro.eu\/de\/wp-json\/wp\/v2\/product_tag?post=151183"}],"curies":[{"name":"wp","href":"https:\/\/api.w.org\/{rel}","templated":true}]}}