{"id":151231,"date":"2024-09-12T12:51:39","date_gmt":"2024-09-12T10:51:39","guid":{"rendered":"https:\/\/www.fabioferro.eu\/.html?post_type=product&#038;p=151231"},"modified":"2025-05-15T10:03:06","modified_gmt":"2025-05-15T08:03:06","slug":"halskette-giovanni-raspini-blade-media-copy-2","status":"publish","type":"product","link":"https:\/\/www.fabioferro.eu\/de\/halskette-giovanni-raspini-blade-media-copy-2.html","title":{"rendered":"Giovanni Raspini Blade Media Dorata Halskette"},"content":{"rendered":"<p>Halskette aus 925\/1000 gelbvergoldetem und geh\u00e4mmertem Silber.<\/p>\n<p>Die Gr\u00f6\u00dfe des inneren Ovals betr\u00e4gt 12,5 cm.<\/p>\n<p>Hergestellt in Italien.<\/p>\n<p>Sehr praktisch und schnell zu tragen dank seiner extremen Flexibilit\u00e4t.<\/p>\n<p>Mit offizieller Giovanni Raspini Box und Garantie.<\/p>\n","protected":false},"excerpt":{"rendered":"<p>Eine ganz besondere Verarbeitung, die neue Emotionen weckt, auch dank ihres zeitgen\u00f6ssischen Stils.<\/p>\n","protected":false},"featured_media":150561,"comment_status":"open","ping_status":"closed","template":"","meta":[],"product_brand":[155],"product_cat":[7568],"product_tag":[],"class_list":{"0":"post-151231","1":"product","2":"type-product","3":"status-publish","4":"has-post-thumbnail","6":"product_brand-raspini","7":"product_cat-giovanni-raspini-halsketten","9":"first","10":"instock","11":"sale","12":"taxable","13":"shipping-taxable","14":"purchasable","15":"product-type-simple"},"exclude_global_add_ons":[],"addons":[],"df_price":742.5,"df_sale_price":742.5,"df_regular_price":825,"df_image_link":"https:\/\/cdn02.fabioferro.eu\/wp-content\/uploads\/collana-giovanni-raspini-blade-media-golden-12101.jpg","_links":{"self":[{"href":"https:\/\/www.fabioferro.eu\/de\/wp-json\/wp\/v2\/product\/151231","targetHints":{"allow":["GET"]}}],"collection":[{"href":"https:\/\/www.fabioferro.eu\/de\/wp-json\/wp\/v2\/product"}],"about":[{"href":"https:\/\/www.fabioferro.eu\/de\/wp-json\/wp\/v2\/types\/product"}],"replies":[{"embeddable":true,"href":"https:\/\/www.fabioferro.eu\/de\/wp-json\/wp\/v2\/comments?post=151231"}],"version-history":[{"count":0,"href":"https:\/\/www.fabioferro.eu\/de\/wp-json\/wp\/v2\/product\/151231\/revisions"}],"wp:featuredmedia":[{"embeddable":true,"href":"https:\/\/www.fabioferro.eu\/de\/wp-json\/wp\/v2\/media\/150561"}],"wp:attachment":[{"href":"https:\/\/www.fabioferro.eu\/de\/wp-json\/wp\/v2\/media?parent=151231"}],"wp:term":[{"taxonomy":"product_brand","embeddable":true,"href":"https:\/\/www.fabioferro.eu\/de\/wp-json\/wp\/v2\/product_brand?post=151231"},{"taxonomy":"product_cat","embeddable":true,"href":"https:\/\/www.fabioferro.eu\/de\/wp-json\/wp\/v2\/product_cat?post=151231"},{"taxonomy":"product_tag","embeddable":true,"href":"https:\/\/www.fabioferro.eu\/de\/wp-json\/wp\/v2\/product_tag?post=151231"}],"curies":[{"name":"wp","href":"https:\/\/api.w.org\/{rel}","templated":true}]}}