{"id":151342,"date":"2024-09-13T08:06:09","date_gmt":"2024-09-13T06:06:09","guid":{"rendered":"https:\/\/www.fabioferro.eu\/tamashii-tibetisches-doppelstrang-armband-matt-haematit.html"},"modified":"2024-12-16T13:34:13","modified_gmt":"2024-12-16T12:34:13","slug":"tamashii-tibetisches-doppelstrang-armband-matt-haematit","status":"publish","type":"product","link":"https:\/\/www.fabioferro.eu\/de\/tamashii-tibetisches-doppelstrang-armband-matt-haematit.html","title":{"rendered":"Tamashii Tibetisches Doppelstrang-Armband Matt H\u00e4matit"},"content":{"rendered":"<p class=\"p1\">Tamashii Armband mit opakem H\u00e4matit Geburtsstein, handgefertigt in Tibet und gesegnet von buddhistischen M\u00f6nchen.<\/p>\n<p>H\u00e4matit ist ein schwarzer Naturstein eisenhaltigen Ursprungs, der eine rote Farbe annehmen kann, wenn er zu Pulver zermahlen wird. Es regt den Tr\u00e4ger dazu an, sich um sein k\u00f6rperliches Wohlbefinden zu k\u00fcmmern, indem es ihn ermutigt, f\u00fcr die Befriedigung jeglicher Bed\u00fcrfnisse zu k\u00e4mpfen.<\/p>\n<p class=\"p2\">Das One-Size-Fits-All-Design mit integrierten \u00d6sen erm\u00f6glicht eine einfache Anpassung an jedes Handgelenk.<\/p>\n<p class=\"p2\">Da es aus Natursteinen handgefertigt ist, kann es leichte Farbabweichungen von den Bildern aufweisen.<\/p>\n<p class=\"p2\">Verpackt in der Originalverpackung von Tamashii, zusammen mit Echtheitszertifikat und Garantie.<\/p>\n","protected":false},"excerpt":{"rendered":"<p>Tamashii-Armband, hilft Ihnen, f\u00fcr Ihr k\u00f6rperliches Wohlbefinden zu sorgen.<\/p>\n","protected":false},"featured_media":151327,"comment_status":"open","ping_status":"closed","template":"","meta":[],"product_brand":[199],"product_cat":[6318],"product_tag":[],"class_list":{"0":"post-151342","1":"product","2":"type-product","3":"status-publish","4":"has-post-thumbnail","6":"product_brand-tamashii","7":"product_cat-tamashii","9":"first","10":"instock","11":"taxable","12":"shipping-taxable","13":"purchasable","14":"product-type-simple"},"exclude_global_add_ons":[],"addons":[],"df_price":55,"df_sale_price":"","df_regular_price":55,"df_image_link":"https:\/\/cdn02.fabioferro.eu\/wp-content\/uploads\/bracciale-tamashii-tibetano-a-doppio-filo-ematite-opaca.jpg","_links":{"self":[{"href":"https:\/\/www.fabioferro.eu\/de\/wp-json\/wp\/v2\/product\/151342","targetHints":{"allow":["GET"]}}],"collection":[{"href":"https:\/\/www.fabioferro.eu\/de\/wp-json\/wp\/v2\/product"}],"about":[{"href":"https:\/\/www.fabioferro.eu\/de\/wp-json\/wp\/v2\/types\/product"}],"replies":[{"embeddable":true,"href":"https:\/\/www.fabioferro.eu\/de\/wp-json\/wp\/v2\/comments?post=151342"}],"version-history":[{"count":0,"href":"https:\/\/www.fabioferro.eu\/de\/wp-json\/wp\/v2\/product\/151342\/revisions"}],"wp:featuredmedia":[{"embeddable":true,"href":"https:\/\/www.fabioferro.eu\/de\/wp-json\/wp\/v2\/media\/151327"}],"wp:attachment":[{"href":"https:\/\/www.fabioferro.eu\/de\/wp-json\/wp\/v2\/media?parent=151342"}],"wp:term":[{"taxonomy":"product_brand","embeddable":true,"href":"https:\/\/www.fabioferro.eu\/de\/wp-json\/wp\/v2\/product_brand?post=151342"},{"taxonomy":"product_cat","embeddable":true,"href":"https:\/\/www.fabioferro.eu\/de\/wp-json\/wp\/v2\/product_cat?post=151342"},{"taxonomy":"product_tag","embeddable":true,"href":"https:\/\/www.fabioferro.eu\/de\/wp-json\/wp\/v2\/product_tag?post=151342"}],"curies":[{"name":"wp","href":"https:\/\/api.w.org\/{rel}","templated":true}]}}