{"id":151346,"date":"2024-09-13T08:06:14","date_gmt":"2024-09-13T06:06:14","guid":{"rendered":"https:\/\/www.fabioferro.eu\/tamashii-tibetisches-doppeldraht-armband-mit-bergkristall.html"},"modified":"2024-12-16T13:34:12","modified_gmt":"2024-12-16T12:34:12","slug":"tamashii-tibetisches-doppeldraht-armband-mit-bergkristall","status":"publish","type":"product","link":"https:\/\/www.fabioferro.eu\/de\/tamashii-tibetisches-doppeldraht-armband-mit-bergkristall.html","title":{"rendered":"Tamashii Tibetisches Doppeldraht-Armband mit Bergkristall"},"content":{"rendered":"<p class=\"p1\">Unisex Tamashii Armband mit nat\u00fcrlichem Bergkristallstein.<\/p>\n<p>Tamashii mit Bergkristall bewahrt und f\u00f6rdert den Zustand der Reinheit und ein Leben voller spirituellem Gl\u00fcck.<\/p>\n<p class=\"p2\">Hergestellt in Tibet und gesegnet von buddhistischen M\u00f6nchen.<\/p>\n<p class=\"p2\">Die Steine haben einen Durchmesser von 6 mm.<\/p>\n<p class=\"p2\">Die Einheitsgr\u00f6\u00dfe, die \u00fcber die integrierten Schlaufen verstellbar ist, passt sich jedem Handgelenk perfekt an.<\/p>\n<p class=\"p2\">Da es aus Natursteinen handgefertigt ist, kann es leichte Farbabweichungen im Vergleich zu den Bildern aufweisen.<\/p>\n<p class=\"p2\">Wird in der Originalverpackung von Tamashii geliefert, einschlie\u00dflich Echtheitszertifikat und Garantie.<\/p>\n","protected":false},"excerpt":{"rendered":"<p>Tamashii-Armband mit Bergkristall, f\u00f6rdert den Zustand der Reinheit.<\/p>\n","protected":false},"featured_media":151285,"comment_status":"open","ping_status":"closed","template":"","meta":[],"product_brand":[199],"product_cat":[6318],"product_tag":[],"class_list":{"0":"post-151346","1":"product","2":"type-product","3":"status-publish","4":"has-post-thumbnail","6":"product_brand-tamashii","7":"product_cat-tamashii","9":"first","10":"instock","11":"taxable","12":"shipping-taxable","13":"purchasable","14":"product-type-simple"},"exclude_global_add_ons":[],"addons":[],"df_price":55,"df_sale_price":"","df_regular_price":55,"df_image_link":"https:\/\/cdn02.fabioferro.eu\/wp-content\/uploads\/bracciale-tamashii-tibetano-con-cristallo-di-rocca.jpg","_links":{"self":[{"href":"https:\/\/www.fabioferro.eu\/de\/wp-json\/wp\/v2\/product\/151346","targetHints":{"allow":["GET"]}}],"collection":[{"href":"https:\/\/www.fabioferro.eu\/de\/wp-json\/wp\/v2\/product"}],"about":[{"href":"https:\/\/www.fabioferro.eu\/de\/wp-json\/wp\/v2\/types\/product"}],"replies":[{"embeddable":true,"href":"https:\/\/www.fabioferro.eu\/de\/wp-json\/wp\/v2\/comments?post=151346"}],"version-history":[{"count":0,"href":"https:\/\/www.fabioferro.eu\/de\/wp-json\/wp\/v2\/product\/151346\/revisions"}],"wp:featuredmedia":[{"embeddable":true,"href":"https:\/\/www.fabioferro.eu\/de\/wp-json\/wp\/v2\/media\/151285"}],"wp:attachment":[{"href":"https:\/\/www.fabioferro.eu\/de\/wp-json\/wp\/v2\/media?parent=151346"}],"wp:term":[{"taxonomy":"product_brand","embeddable":true,"href":"https:\/\/www.fabioferro.eu\/de\/wp-json\/wp\/v2\/product_brand?post=151346"},{"taxonomy":"product_cat","embeddable":true,"href":"https:\/\/www.fabioferro.eu\/de\/wp-json\/wp\/v2\/product_cat?post=151346"},{"taxonomy":"product_tag","embeddable":true,"href":"https:\/\/www.fabioferro.eu\/de\/wp-json\/wp\/v2\/product_tag?post=151346"}],"curies":[{"name":"wp","href":"https:\/\/api.w.org\/{rel}","templated":true}]}}