{"id":151351,"date":"2024-09-13T08:06:19","date_gmt":"2024-09-13T06:06:19","guid":{"rendered":"https:\/\/www.fabioferro.eu\/tamashii-tibetisches-doppeldraht-armband-mit-gruenem-apfel-achat.html"},"modified":"2024-12-16T13:34:19","modified_gmt":"2024-12-16T12:34:19","slug":"tamashii-tibetisches-doppeldraht-armband-mit-gruenem-apfel-achat","status":"publish","type":"product","link":"https:\/\/www.fabioferro.eu\/de\/tamashii-tibetisches-doppeldraht-armband-mit-gruenem-apfel-achat.html","title":{"rendered":"Tamashii Tibetisches Doppeldraht-Armband mit gr\u00fcnem Apfel-Achat"},"content":{"rendered":"<p class=\"p1\">Unisex Tamashii Armband mit apfelgr\u00fcnem Achat Geburtsstein.<\/p>\n<p>Der Bedeutung des Gr\u00fcns zugeschrieben, f\u00f6rdert es den Wandel und hilft dem Tr\u00e4ger, den Erfolg auf ehrliche und loyale Weise zu verfolgen.<\/p>\n<p class=\"p2\">Hergestellt in Tibet und gesegnet von buddhistischen M\u00f6nchen.<\/p>\n<p class=\"p2\">Dank der integrierten \u00d6sen passt die Einheitsgr\u00f6\u00dfe problemlos an alle Handgelenke.<\/p>\n<p class=\"p2\">Handgefertigt mit Natursteinen, kann das Armband leichte Farbunterschiede zu den Bildern aufweisen.<\/p>\n<p class=\"p2\">Wird in der Originalverpackung von Tamashii geliefert, mit Echtheitszertifikat und Garantie.<\/p>\n","protected":false},"excerpt":{"rendered":"<p>Tibetisches Tamashii-Armband mit gr\u00fcnem Achat, hilft, den Erfolg zu verfolgen.<\/p>\n","protected":false},"featured_media":151299,"comment_status":"open","ping_status":"closed","template":"","meta":[],"product_brand":[199],"product_cat":[6318],"product_tag":[],"class_list":{"0":"post-151351","1":"product","2":"type-product","3":"status-publish","4":"has-post-thumbnail","6":"product_brand-tamashii","7":"product_cat-tamashii","9":"first","10":"instock","11":"taxable","12":"shipping-taxable","13":"purchasable","14":"product-type-simple"},"exclude_global_add_ons":[],"addons":[],"df_price":55,"df_sale_price":"","df_regular_price":55,"df_image_link":"https:\/\/cdn02.fabioferro.eu\/wp-content\/uploads\/bracciale-tamashii-tibetano-con-agata-verde-mela.jpg","_links":{"self":[{"href":"https:\/\/www.fabioferro.eu\/de\/wp-json\/wp\/v2\/product\/151351","targetHints":{"allow":["GET"]}}],"collection":[{"href":"https:\/\/www.fabioferro.eu\/de\/wp-json\/wp\/v2\/product"}],"about":[{"href":"https:\/\/www.fabioferro.eu\/de\/wp-json\/wp\/v2\/types\/product"}],"replies":[{"embeddable":true,"href":"https:\/\/www.fabioferro.eu\/de\/wp-json\/wp\/v2\/comments?post=151351"}],"version-history":[{"count":0,"href":"https:\/\/www.fabioferro.eu\/de\/wp-json\/wp\/v2\/product\/151351\/revisions"}],"wp:featuredmedia":[{"embeddable":true,"href":"https:\/\/www.fabioferro.eu\/de\/wp-json\/wp\/v2\/media\/151299"}],"wp:attachment":[{"href":"https:\/\/www.fabioferro.eu\/de\/wp-json\/wp\/v2\/media?parent=151351"}],"wp:term":[{"taxonomy":"product_brand","embeddable":true,"href":"https:\/\/www.fabioferro.eu\/de\/wp-json\/wp\/v2\/product_brand?post=151351"},{"taxonomy":"product_cat","embeddable":true,"href":"https:\/\/www.fabioferro.eu\/de\/wp-json\/wp\/v2\/product_cat?post=151351"},{"taxonomy":"product_tag","embeddable":true,"href":"https:\/\/www.fabioferro.eu\/de\/wp-json\/wp\/v2\/product_tag?post=151351"}],"curies":[{"name":"wp","href":"https:\/\/api.w.org\/{rel}","templated":true}]}}