{"id":151353,"date":"2024-09-13T08:06:23","date_gmt":"2024-09-13T06:06:23","guid":{"rendered":"https:\/\/www.fabioferro.eu\/tamashii-tibetisches-doppeldraht-armband-mit-gruenem-achat-mit-rissen.html"},"modified":"2024-12-16T13:34:20","modified_gmt":"2024-12-16T12:34:20","slug":"tamashii-tibetisches-doppeldraht-armband-mit-gruenem-achat-mit-rissen","status":"publish","type":"product","link":"https:\/\/www.fabioferro.eu\/de\/tamashii-tibetisches-doppeldraht-armband-mit-gruenem-achat-mit-rissen.html","title":{"rendered":"Tamashii Tibetisches Doppeldraht-Armband mit gr\u00fcnem Achat mit Rissen"},"content":{"rendered":"<p class=\"p1\">Unisex Tamashii Armband aus Tibet mit Cracked Green Achat Geburtsstein und brauner Kordel.<\/p>\n<p class=\"p1\">Die Einheitsgr\u00f6\u00dfe, die \u00fcber die integrierten Schlaufen verstellbar ist, passt sich problemlos jedem Handgelenk an.<\/p>\n<p>Die Bedeutung des Armbands, selbst wenn man die variable Textur ber\u00fccksichtigt, ist auf die gr\u00fcn gef\u00e4rbten Steine zur\u00fcckzuf\u00fchren, die die Farbe der Natur, der B\u00e4ume und der Pflanzen darstellen. Das Tamashii im Gr\u00fcnen Achat verwandelt Eifersucht in Weisheit der Erkenntnis.<\/p>\n<p class=\"p2\">Da der Schmuck handgefertigt ist und aus nat\u00fcrlichen Steinen besteht, kann er farblich leicht von den Fotos abweichen.<\/p>\n<p class=\"p1\">Von buddhistischen M\u00f6nchen gesegnet.<\/p>\n<p class=\"p2\">Wird in der Originalverpackung von Tamashii geliefert, einschlie\u00dflich Echtheitszertifikat und Garantie.<\/p>\n","protected":false},"excerpt":{"rendered":"<p>Tamashii-Armband aus gr\u00fcnem Achat, verwandelt Eifersucht in Weisheit der Erkenntnis.<\/p>\n","protected":false},"featured_media":151334,"comment_status":"open","ping_status":"closed","template":"","meta":[],"product_brand":[199],"product_cat":[6318],"product_tag":[],"class_list":{"0":"post-151353","1":"product","2":"type-product","3":"status-publish","4":"has-post-thumbnail","6":"product_brand-tamashii","7":"product_cat-tamashii","9":"first","10":"instock","11":"taxable","12":"shipping-taxable","13":"purchasable","14":"product-type-simple"},"exclude_global_add_ons":[],"addons":[],"df_price":55,"df_sale_price":"","df_regular_price":55,"df_image_link":"https:\/\/cdn02.fabioferro.eu\/wp-content\/uploads\/bracciale-tamashii-tibetano-a-doppio-filo-con-agata-verde-cracked.jpg","_links":{"self":[{"href":"https:\/\/www.fabioferro.eu\/de\/wp-json\/wp\/v2\/product\/151353","targetHints":{"allow":["GET"]}}],"collection":[{"href":"https:\/\/www.fabioferro.eu\/de\/wp-json\/wp\/v2\/product"}],"about":[{"href":"https:\/\/www.fabioferro.eu\/de\/wp-json\/wp\/v2\/types\/product"}],"replies":[{"embeddable":true,"href":"https:\/\/www.fabioferro.eu\/de\/wp-json\/wp\/v2\/comments?post=151353"}],"version-history":[{"count":0,"href":"https:\/\/www.fabioferro.eu\/de\/wp-json\/wp\/v2\/product\/151353\/revisions"}],"wp:featuredmedia":[{"embeddable":true,"href":"https:\/\/www.fabioferro.eu\/de\/wp-json\/wp\/v2\/media\/151334"}],"wp:attachment":[{"href":"https:\/\/www.fabioferro.eu\/de\/wp-json\/wp\/v2\/media?parent=151353"}],"wp:term":[{"taxonomy":"product_brand","embeddable":true,"href":"https:\/\/www.fabioferro.eu\/de\/wp-json\/wp\/v2\/product_brand?post=151353"},{"taxonomy":"product_cat","embeddable":true,"href":"https:\/\/www.fabioferro.eu\/de\/wp-json\/wp\/v2\/product_cat?post=151353"},{"taxonomy":"product_tag","embeddable":true,"href":"https:\/\/www.fabioferro.eu\/de\/wp-json\/wp\/v2\/product_tag?post=151353"}],"curies":[{"name":"wp","href":"https:\/\/api.w.org\/{rel}","templated":true}]}}