{"id":151356,"date":"2024-09-13T08:06:27","date_gmt":"2024-09-13T06:06:27","guid":{"rendered":"https:\/\/www.fabioferro.eu\/tamashii-tibetisches-doppeldraht-armband-mit-opakem-pyrit.html"},"modified":"2024-12-16T13:34:18","modified_gmt":"2024-12-16T12:34:18","slug":"tamashii-tibetisches-doppeldraht-armband-mit-opakem-pyrit","status":"publish","type":"product","link":"https:\/\/www.fabioferro.eu\/de\/tamashii-tibetisches-doppeldraht-armband-mit-opakem-pyrit.html","title":{"rendered":"Tamashii Tibetisches Doppeldraht-Armband mit opakem Pyrit"},"content":{"rendered":"<p class=\"p1\">Echtes Tamashii-Armband, hergestellt in Tibet aus mattem Pyrit-Naturstein und gesegnet von buddhistischen M\u00f6nchen.<\/p>\n<p><span class=\"s1\">Dieser Stein hat eine gelbe Farbe, die dem Gold \u00e4hnelt, und wird als Ersatz f\u00fcr Gold verwendet.<\/span><span class=\"s1\">Gold steht bei den Buddhisten f\u00fcr die Sonne, das Licht und das Leben, aber auch f\u00fcr das Bewusstsein \u00fcber die eigene Herkunft und das Land, aus dem man stammt. <\/span><span class=\"s1\">Der Pyrit Tamashii verwandelt Stolz in Weisheit. <\/span> <\/p>\n<p>Jeder Stein des Armbands ist 6 mm gro\u00df.<\/p>\n<p class=\"p2\">Die Einheitsgr\u00f6\u00dfe, die \u00fcber die integrierten Schlaufen verstellbar ist, passt sich jedem Handgelenk perfekt an.<\/p>\n<p class=\"p2\">Da das Armband handgefertigt ist, kann der Farbton leicht von den gezeigten Bildern abweichen.<\/p>\n<p class=\"p2\">Wird in der Originalverpackung von Tamashii geliefert, mit Echtheitszertifikat und Garantie.<\/p>\n","protected":false},"excerpt":{"rendered":"<p>Das Tamashii-Armband mit undurchsichtigem Pyrit vermittelt Weisheit und Bewusstsein f\u00fcr die eigene Herkunft.<\/p>\n","protected":false},"featured_media":151320,"comment_status":"open","ping_status":"closed","template":"","meta":[],"product_brand":[199],"product_cat":[6318],"product_tag":[],"class_list":{"0":"post-151356","1":"product","2":"type-product","3":"status-publish","4":"has-post-thumbnail","6":"product_brand-tamashii","7":"product_cat-tamashii","9":"first","10":"instock","11":"taxable","12":"shipping-taxable","13":"purchasable","14":"product-type-simple"},"exclude_global_add_ons":[],"addons":[],"df_price":55,"df_sale_price":"","df_regular_price":55,"df_image_link":"https:\/\/cdn02.fabioferro.eu\/wp-content\/uploads\/bracciale-tamashii-tibetano-a-doppio-filo-con-pirite-opaca.jpg","_links":{"self":[{"href":"https:\/\/www.fabioferro.eu\/de\/wp-json\/wp\/v2\/product\/151356","targetHints":{"allow":["GET"]}}],"collection":[{"href":"https:\/\/www.fabioferro.eu\/de\/wp-json\/wp\/v2\/product"}],"about":[{"href":"https:\/\/www.fabioferro.eu\/de\/wp-json\/wp\/v2\/types\/product"}],"replies":[{"embeddable":true,"href":"https:\/\/www.fabioferro.eu\/de\/wp-json\/wp\/v2\/comments?post=151356"}],"version-history":[{"count":0,"href":"https:\/\/www.fabioferro.eu\/de\/wp-json\/wp\/v2\/product\/151356\/revisions"}],"wp:featuredmedia":[{"embeddable":true,"href":"https:\/\/www.fabioferro.eu\/de\/wp-json\/wp\/v2\/media\/151320"}],"wp:attachment":[{"href":"https:\/\/www.fabioferro.eu\/de\/wp-json\/wp\/v2\/media?parent=151356"}],"wp:term":[{"taxonomy":"product_brand","embeddable":true,"href":"https:\/\/www.fabioferro.eu\/de\/wp-json\/wp\/v2\/product_brand?post=151356"},{"taxonomy":"product_cat","embeddable":true,"href":"https:\/\/www.fabioferro.eu\/de\/wp-json\/wp\/v2\/product_cat?post=151356"},{"taxonomy":"product_tag","embeddable":true,"href":"https:\/\/www.fabioferro.eu\/de\/wp-json\/wp\/v2\/product_tag?post=151356"}],"curies":[{"name":"wp","href":"https:\/\/api.w.org\/{rel}","templated":true}]}}