{"id":151358,"date":"2024-09-13T08:06:31","date_gmt":"2024-09-13T06:06:31","guid":{"rendered":"https:\/\/www.fabioferro.eu\/tamashii-tibetisches-doppelstrang-armband-mit-opakem-bergkristall.html"},"modified":"2024-12-16T13:34:19","modified_gmt":"2024-12-16T12:34:19","slug":"tamashii-tibetisches-doppelstrang-armband-mit-opakem-bergkristall","status":"publish","type":"product","link":"https:\/\/www.fabioferro.eu\/de\/tamashii-tibetisches-doppelstrang-armband-mit-opakem-bergkristall.html","title":{"rendered":"Tamashii Tibetisches Doppelstrang-Armband mit opakem Bergkristall"},"content":{"rendered":"<p class=\"p1\">Tamashii Armband, hergestellt in Tibet aus nat\u00fcrlichem Bergkristallstein und gesegnet von buddhistischen M\u00f6nchen.<\/p>\n<p><span class=\"s1\">Dieser farblose Stein wird als Ersatz f\u00fcr Wei\u00df in seiner spirituellsten Bedeutung, der der Reinheit, verwendet. Der Bergkristall Tamashii bewahrt und f\u00f6rdert den Zustand der Reinheit und ein Leben voller spirituellem Gl\u00fcck.  <\/span><\/p>\n<p class=\"p2\">Die Einheitsgr\u00f6\u00dfe ist dank der integrierten \u00d6sen verstellbar und sorgt f\u00fcr eine optimale Passform.<\/p>\n<p class=\"p2\">Da es aus Natursteinen handgefertigt ist, kann es leichte Farbunterschiede zu den Fotos geben.<\/p>\n<p class=\"p2\">Wird in der Originalverpackung von Tamashii geliefert, komplett mit Echtheitszertifikat und Garantie.<\/p>\n","protected":false},"excerpt":{"rendered":"<p>Tamashii-Armband, bewahrt und f\u00f6rdert den Zustand der Reinheit.<\/p>\n","protected":false},"featured_media":151313,"comment_status":"open","ping_status":"closed","template":"","meta":[],"product_brand":[199],"product_cat":[6318],"product_tag":[],"class_list":{"0":"post-151358","1":"product","2":"type-product","3":"status-publish","4":"has-post-thumbnail","6":"product_brand-tamashii","7":"product_cat-tamashii","9":"first","10":"instock","11":"taxable","12":"shipping-taxable","13":"purchasable","14":"product-type-simple"},"exclude_global_add_ons":[],"addons":[],"df_price":55,"df_sale_price":"","df_regular_price":55,"df_image_link":"https:\/\/cdn02.fabioferro.eu\/wp-content\/uploads\/bracciale-tamashii-tibetano-a-doppio-filo-con-cristallo-di-rocca-opaco.jpg","_links":{"self":[{"href":"https:\/\/www.fabioferro.eu\/de\/wp-json\/wp\/v2\/product\/151358","targetHints":{"allow":["GET"]}}],"collection":[{"href":"https:\/\/www.fabioferro.eu\/de\/wp-json\/wp\/v2\/product"}],"about":[{"href":"https:\/\/www.fabioferro.eu\/de\/wp-json\/wp\/v2\/types\/product"}],"replies":[{"embeddable":true,"href":"https:\/\/www.fabioferro.eu\/de\/wp-json\/wp\/v2\/comments?post=151358"}],"version-history":[{"count":0,"href":"https:\/\/www.fabioferro.eu\/de\/wp-json\/wp\/v2\/product\/151358\/revisions"}],"wp:featuredmedia":[{"embeddable":true,"href":"https:\/\/www.fabioferro.eu\/de\/wp-json\/wp\/v2\/media\/151313"}],"wp:attachment":[{"href":"https:\/\/www.fabioferro.eu\/de\/wp-json\/wp\/v2\/media?parent=151358"}],"wp:term":[{"taxonomy":"product_brand","embeddable":true,"href":"https:\/\/www.fabioferro.eu\/de\/wp-json\/wp\/v2\/product_brand?post=151358"},{"taxonomy":"product_cat","embeddable":true,"href":"https:\/\/www.fabioferro.eu\/de\/wp-json\/wp\/v2\/product_cat?post=151358"},{"taxonomy":"product_tag","embeddable":true,"href":"https:\/\/www.fabioferro.eu\/de\/wp-json\/wp\/v2\/product_tag?post=151358"}],"curies":[{"name":"wp","href":"https:\/\/api.w.org\/{rel}","templated":true}]}}