{"id":151396,"date":"2025-03-06T15:42:34","date_gmt":"2025-03-06T14:42:34","guid":{"rendered":"https:\/\/www.fabioferro.eu\/.html?post_type=product&#038;p=151396"},"modified":"2025-05-15T09:40:44","modified_gmt":"2025-05-15T07:40:44","slug":"giovanni-raspini-eden-krokodil-ring-copia-2","status":"publish","type":"product","link":"https:\/\/www.fabioferro.eu\/de\/giovanni-raspini-eden-krokodil-ring-copia-2.html","title":{"rendered":"Ring Giovanni Raspini G\u00e4nsebl\u00fcmchen leuchten gro\u00df"},"content":{"rendered":"<p>Ring aus 925\/1000 Silber. Besonderes G\u00e4nsebl\u00fcmchenmuster auf dem oberen Teil. Hergestellt in Italien. Begleitet von Box und offizieller Giovanni Raspini Garantie.<\/p>\n","protected":false},"excerpt":{"rendered":"<p>Ein Blumenring, der die Geschichte der nat\u00fcrlichsten Sch\u00f6nheit erz\u00e4hlen m\u00f6chte, die es gibt, n\u00e4mlich Blumen.<\/p>\n","protected":false},"featured_media":153252,"comment_status":"open","ping_status":"closed","template":"","meta":[],"product_brand":[155],"product_cat":[5993],"product_tag":[],"class_list":{"0":"post-151396","1":"product","2":"type-product","3":"status-publish","4":"has-post-thumbnail","6":"product_brand-raspini","7":"product_cat-raspini-ringe","9":"first","10":"instock","11":"taxable","12":"shipping-taxable","13":"product-type-variable","14":"has-default-attributes"},"exclude_global_add_ons":[],"addons":[],"df_price":"","df_sale_price":"","df_regular_price":"","df_image_link":"https:\/\/cdn02.fabioferro.eu\/wp-content\/uploads\/anello-giovanni-raspini-margherite-shine-grande-12114.jpg","_links":{"self":[{"href":"https:\/\/www.fabioferro.eu\/de\/wp-json\/wp\/v2\/product\/151396","targetHints":{"allow":["GET"]}}],"collection":[{"href":"https:\/\/www.fabioferro.eu\/de\/wp-json\/wp\/v2\/product"}],"about":[{"href":"https:\/\/www.fabioferro.eu\/de\/wp-json\/wp\/v2\/types\/product"}],"replies":[{"embeddable":true,"href":"https:\/\/www.fabioferro.eu\/de\/wp-json\/wp\/v2\/comments?post=151396"}],"version-history":[{"count":0,"href":"https:\/\/www.fabioferro.eu\/de\/wp-json\/wp\/v2\/product\/151396\/revisions"}],"wp:featuredmedia":[{"embeddable":true,"href":"https:\/\/www.fabioferro.eu\/de\/wp-json\/wp\/v2\/media\/153252"}],"wp:attachment":[{"href":"https:\/\/www.fabioferro.eu\/de\/wp-json\/wp\/v2\/media?parent=151396"}],"wp:term":[{"taxonomy":"product_brand","embeddable":true,"href":"https:\/\/www.fabioferro.eu\/de\/wp-json\/wp\/v2\/product_brand?post=151396"},{"taxonomy":"product_cat","embeddable":true,"href":"https:\/\/www.fabioferro.eu\/de\/wp-json\/wp\/v2\/product_cat?post=151396"},{"taxonomy":"product_tag","embeddable":true,"href":"https:\/\/www.fabioferro.eu\/de\/wp-json\/wp\/v2\/product_tag?post=151396"}],"curies":[{"name":"wp","href":"https:\/\/api.w.org\/{rel}","templated":true}]}}