{"id":151447,"date":"2024-09-13T08:30:12","date_gmt":"2024-09-13T06:30:12","guid":{"rendered":"https:\/\/www.fabioferro.eu\/ring-giovanni-raspini-gaensebluemchen-leuchten-gross.html"},"modified":"2024-10-30T09:38:16","modified_gmt":"2024-10-30T08:38:16","slug":"ring-giovanni-raspini-gaensebluemchen-leuchten-gross","status":"publish","type":"product","link":"https:\/\/www.fabioferro.eu\/de\/ring-giovanni-raspini-gaensebluemchen-leuchten-gross.html","title":{"rendered":"Ring Giovanni Raspini G\u00e4nsebl\u00fcmchen leuchten gro\u00df"},"content":{"rendered":"<p>Ring aus 925\/1000 Silber. Besondere Verarbeitung mit G\u00e4nsebl\u00fcmchen an der Spitze. Hergestellt in Italien. Mit offizieller Giovanni Raspini Garantie und Verpackung.<\/p>\n","protected":false},"excerpt":{"rendered":"<p>Ein Schmuckst\u00fcck mit einer floralen Textur, die an die Sch\u00f6nheit der einfachsten und wahrhaftigsten Natur erinnert.<\/p>\n","protected":false},"featured_media":158143,"comment_status":"open","ping_status":"closed","template":"","meta":[],"product_brand":[],"product_cat":[7572],"product_tag":[],"class_list":{"0":"post-151447","1":"product","2":"type-product","3":"status-publish","4":"has-post-thumbnail","6":"product_cat-ringe-giovanni-raspini","8":"first","9":"instock","10":"sale","11":"taxable","12":"shipping-taxable","13":"purchasable","14":"product-type-variable","15":"has-default-attributes"},"exclude_global_add_ons":[],"addons":[],"df_price":193.5,"df_sale_price":"","df_regular_price":193.5,"df_image_link":"https:\/\/cdn02.fabioferro.eu\/wp-content\/uploads\/anello-giovanni-raspini-margherite-garden-shine-12114.jpg","_links":{"self":[{"href":"https:\/\/www.fabioferro.eu\/de\/wp-json\/wp\/v2\/product\/151447","targetHints":{"allow":["GET"]}}],"collection":[{"href":"https:\/\/www.fabioferro.eu\/de\/wp-json\/wp\/v2\/product"}],"about":[{"href":"https:\/\/www.fabioferro.eu\/de\/wp-json\/wp\/v2\/types\/product"}],"replies":[{"embeddable":true,"href":"https:\/\/www.fabioferro.eu\/de\/wp-json\/wp\/v2\/comments?post=151447"}],"version-history":[{"count":0,"href":"https:\/\/www.fabioferro.eu\/de\/wp-json\/wp\/v2\/product\/151447\/revisions"}],"wp:featuredmedia":[{"embeddable":true,"href":"https:\/\/www.fabioferro.eu\/de\/wp-json\/wp\/v2\/media\/158143"}],"wp:attachment":[{"href":"https:\/\/www.fabioferro.eu\/de\/wp-json\/wp\/v2\/media?parent=151447"}],"wp:term":[{"taxonomy":"product_brand","embeddable":true,"href":"https:\/\/www.fabioferro.eu\/de\/wp-json\/wp\/v2\/product_brand?post=151447"},{"taxonomy":"product_cat","embeddable":true,"href":"https:\/\/www.fabioferro.eu\/de\/wp-json\/wp\/v2\/product_cat?post=151447"},{"taxonomy":"product_tag","embeddable":true,"href":"https:\/\/www.fabioferro.eu\/de\/wp-json\/wp\/v2\/product_tag?post=151447"}],"curies":[{"name":"wp","href":"https:\/\/api.w.org\/{rel}","templated":true}]}}