{"id":151546,"date":"2024-09-13T10:29:06","date_gmt":"2024-09-13T08:29:06","guid":{"rendered":"https:\/\/www.fabioferro.eu\/giovanni-raspini-schleifenarmband.html"},"modified":"2024-12-16T13:34:24","modified_gmt":"2024-12-16T12:34:24","slug":"giovanni-raspini-schleifenarmband","status":"publish","type":"product","link":"https:\/\/www.fabioferro.eu\/de\/giovanni-raspini-schleifenarmband.html","title":{"rendered":"Giovanni Raspini Schleifenarmband"},"content":{"rendered":"<p>Armband aus 925er gelbvergoldetem Sterlingsilber. Die L\u00e4nge betr\u00e4gt 19,5 cm und ist leicht verstellbar. Verschluss mit klassischem Karabiner und Gl\u00fcckshorn. Hergestellt in Italien. Wird von der offiziellen Giovanni Raspini Box und Garantie begleitet.<\/p>\n","protected":false},"excerpt":{"rendered":"<p>Ein zeitloses Schmuckst\u00fcck, das einen modernen, unerm\u00fcdlichen Stil widerspiegelt.<\/p>\n","protected":false},"featured_media":150663,"comment_status":"open","ping_status":"closed","template":"","meta":[],"product_brand":[],"product_cat":[7569,7620],"product_tag":[7442],"class_list":{"0":"post-151546","1":"product","2":"type-product","3":"status-publish","4":"has-post-thumbnail","6":"product_cat-armbander-giovanni-raspini","7":"product_cat-outlet-schmuck","8":"product_tag-verfugbar","10":"first","11":"instock","12":"sale","13":"taxable","14":"shipping-taxable","15":"purchasable","16":"product-type-simple"},"exclude_global_add_ons":[],"addons":[],"df_price":229.5,"df_sale_price":229.5,"df_regular_price":255,"df_image_link":"https:\/\/cdn02.fabioferro.eu\/wp-content\/uploads\/bracciale-giovanni-raspini-loop-12119.jpg","_links":{"self":[{"href":"https:\/\/www.fabioferro.eu\/de\/wp-json\/wp\/v2\/product\/151546","targetHints":{"allow":["GET"]}}],"collection":[{"href":"https:\/\/www.fabioferro.eu\/de\/wp-json\/wp\/v2\/product"}],"about":[{"href":"https:\/\/www.fabioferro.eu\/de\/wp-json\/wp\/v2\/types\/product"}],"replies":[{"embeddable":true,"href":"https:\/\/www.fabioferro.eu\/de\/wp-json\/wp\/v2\/comments?post=151546"}],"version-history":[{"count":0,"href":"https:\/\/www.fabioferro.eu\/de\/wp-json\/wp\/v2\/product\/151546\/revisions"}],"wp:featuredmedia":[{"embeddable":true,"href":"https:\/\/www.fabioferro.eu\/de\/wp-json\/wp\/v2\/media\/150663"}],"wp:attachment":[{"href":"https:\/\/www.fabioferro.eu\/de\/wp-json\/wp\/v2\/media?parent=151546"}],"wp:term":[{"taxonomy":"product_brand","embeddable":true,"href":"https:\/\/www.fabioferro.eu\/de\/wp-json\/wp\/v2\/product_brand?post=151546"},{"taxonomy":"product_cat","embeddable":true,"href":"https:\/\/www.fabioferro.eu\/de\/wp-json\/wp\/v2\/product_cat?post=151546"},{"taxonomy":"product_tag","embeddable":true,"href":"https:\/\/www.fabioferro.eu\/de\/wp-json\/wp\/v2\/product_tag?post=151546"}],"curies":[{"name":"wp","href":"https:\/\/api.w.org\/{rel}","templated":true}]}}