{"id":152255,"date":"2024-09-16T10:09:42","date_gmt":"2024-09-16T08:09:42","guid":{"rendered":"https:\/\/www.fabioferro.eu\/tamashii-tibetisches-doppelstrang-armband-mit-afrikanischem-tuerkis.html"},"modified":"2024-12-16T13:35:20","modified_gmt":"2024-12-16T12:35:20","slug":"tamashii-tibetisches-doppelstrang-armband-mit-afrikanischem-tuerkis","status":"publish","type":"product","link":"https:\/\/www.fabioferro.eu\/de\/tamashii-tibetisches-doppelstrang-armband-mit-afrikanischem-tuerkis.html","title":{"rendered":"Tamashii Tibetisches Doppelstrang-Armband mit afrikanischem T\u00fcrkis"},"content":{"rendered":"<p class=\"p1\">Authentisches Tamashii-Armband, hergestellt in Tibet mit nat\u00fcrlichem afrikanischem T\u00fcrkis und gesegnet von buddhistischen M\u00f6nchen.<\/p>\n<p class=\"p2\"><span class=\"s1\">Der afrikanische T\u00fcrkis ist einer der \u00e4ltesten, sch\u00f6nsten und geheimnisvollsten Steine.  <\/span><span class=\"s1\">Im alten \u00c4gypten wurde diesem Stein eine reinigende und sch\u00fctzende Wirkung zugeschrieben, weshalb er f\u00fcr Lebensmittel- und Getr\u00e4nkebeh\u00e4lter verwendet wurde.<\/span><\/p>\n<p class=\"p2\">Die Einheitsgr\u00f6\u00dfe, die dank der integrierten Schlaufen verstellbar ist, passt sich jedem Handgelenk perfekt an.<\/p>\n<p class=\"p2\">Da das Armband handgefertigt ist, kann es zu leichten Farbabweichungen im Vergleich zu den Abbildungen kommen.<\/p>\n<p>Imperlato und von Hand geknotet, enth\u00e4lt es 12 Kugeln aus nat\u00fcrlichem afrikanischem T\u00fcrkis mit einem Durchmesser von 8 mm.<\/p>\n<p class=\"p2\">Pr\u00e4sentiert in der Originalverpackung von Tamashii, inklusive Echtheitszertifikat und Garantie.<\/p>\n","protected":false},"excerpt":{"rendered":"<p>Tamashii-Armband, hilft zu reinigen und zu sch\u00fctzen.<\/p>\n","protected":false},"featured_media":152187,"comment_status":"open","ping_status":"closed","template":"","meta":[],"product_brand":[199],"product_cat":[6318],"product_tag":[],"class_list":{"0":"post-152255","1":"product","2":"type-product","3":"status-publish","4":"has-post-thumbnail","6":"product_brand-tamashii","7":"product_cat-tamashii","9":"first","10":"instock","11":"taxable","12":"shipping-taxable","13":"purchasable","14":"product-type-simple"},"exclude_global_add_ons":[],"addons":[],"df_price":55,"df_sale_price":"","df_regular_price":55,"df_image_link":"https:\/\/cdn02.fabioferro.eu\/wp-content\/uploads\/bracciale-tamashii-tibetano-a-doppio-filo-con-turchese-africano.jpg","_links":{"self":[{"href":"https:\/\/www.fabioferro.eu\/de\/wp-json\/wp\/v2\/product\/152255","targetHints":{"allow":["GET"]}}],"collection":[{"href":"https:\/\/www.fabioferro.eu\/de\/wp-json\/wp\/v2\/product"}],"about":[{"href":"https:\/\/www.fabioferro.eu\/de\/wp-json\/wp\/v2\/types\/product"}],"replies":[{"embeddable":true,"href":"https:\/\/www.fabioferro.eu\/de\/wp-json\/wp\/v2\/comments?post=152255"}],"version-history":[{"count":0,"href":"https:\/\/www.fabioferro.eu\/de\/wp-json\/wp\/v2\/product\/152255\/revisions"}],"wp:featuredmedia":[{"embeddable":true,"href":"https:\/\/www.fabioferro.eu\/de\/wp-json\/wp\/v2\/media\/152187"}],"wp:attachment":[{"href":"https:\/\/www.fabioferro.eu\/de\/wp-json\/wp\/v2\/media?parent=152255"}],"wp:term":[{"taxonomy":"product_brand","embeddable":true,"href":"https:\/\/www.fabioferro.eu\/de\/wp-json\/wp\/v2\/product_brand?post=152255"},{"taxonomy":"product_cat","embeddable":true,"href":"https:\/\/www.fabioferro.eu\/de\/wp-json\/wp\/v2\/product_cat?post=152255"},{"taxonomy":"product_tag","embeddable":true,"href":"https:\/\/www.fabioferro.eu\/de\/wp-json\/wp\/v2\/product_tag?post=152255"}],"curies":[{"name":"wp","href":"https:\/\/api.w.org\/{rel}","templated":true}]}}