{"id":152256,"date":"2024-09-16T10:09:36","date_gmt":"2024-09-16T08:09:36","guid":{"rendered":"https:\/\/www.fabioferro.eu\/tamashii-tibetisches-doppeldraht-armband-mit-tigerauge.html"},"modified":"2024-12-16T13:35:21","modified_gmt":"2024-12-16T12:35:21","slug":"tamashii-tibetisches-doppeldraht-armband-mit-tigerauge","status":"publish","type":"product","link":"https:\/\/www.fabioferro.eu\/de\/tamashii-tibetisches-doppeldraht-armband-mit-tigerauge.html","title":{"rendered":"Tamashii Tibetisches Doppeldraht-Armband mit Tigerauge"},"content":{"rendered":"<p class=\"p1\">Tamashii Armband mit nat\u00fcrlichem Tigerauge Stein, handgefertigt in Tibet und gesegnet von buddhistischen M\u00f6nchen.<\/p>\n<p class=\"p2\">Das Armband besteht aus 12 Kugeln mit einem Durchmesser von 8 mm, die von Hand gekn\u00fcpft werden.<\/p>\n<p><span class=\"s1\">Das Tigerauge ist einer der am meisten verwendeten und gesch\u00e4tzten Natursteine.<\/span><span class=\"s1\">ach der \u00e4ltesten Tradition ist er der Stein der Selbstbest\u00e4tigung, d.h. er hat die Macht, uns mit unserer pers\u00f6nlichen Kraft in Verbindung zu bringen und uns gleichzeitig ausgeglichen und konzentriert zu halten.<\/span><\/p>\n<p class=\"p2\">Dank der integrierten \u00d6sen garantiert das One-Size-Fits-All-Design eine perfekte Passform f\u00fcr jedes Handgelenk.<\/p>\n<p class=\"p2\">Handgefertigte Natursteine k\u00f6nnen leichte Farbunterschiede zu den gezeigten Bildern aufweisen.<\/p>\n<p class=\"p2\">Wird in der Originalverpackung von Tamashii geliefert, mit Echtheitszertifikat und Garantie.<\/p>\n","protected":false},"excerpt":{"rendered":"<p>Tamashii-Armband, hat die Macht, uns mit unserer eigenen pers\u00f6nlichen Kraft zu verbinden.<\/p>\n","protected":false},"featured_media":152201,"comment_status":"open","ping_status":"closed","template":"","meta":[],"product_brand":[199],"product_cat":[6318],"product_tag":[7442],"class_list":{"0":"post-152256","1":"product","2":"type-product","3":"status-publish","4":"has-post-thumbnail","6":"product_brand-tamashii","7":"product_cat-tamashii","8":"product_tag-verfugbar","10":"first","11":"instock","12":"taxable","13":"shipping-taxable","14":"purchasable","15":"product-type-simple"},"exclude_global_add_ons":[],"addons":[],"df_price":55,"df_sale_price":"","df_regular_price":55,"df_image_link":"https:\/\/cdn02.fabioferro.eu\/wp-content\/uploads\/bracciale-tamashii-tibetano-a-doppio-filo-con-occhio-di-tigre.jpg","_links":{"self":[{"href":"https:\/\/www.fabioferro.eu\/de\/wp-json\/wp\/v2\/product\/152256","targetHints":{"allow":["GET"]}}],"collection":[{"href":"https:\/\/www.fabioferro.eu\/de\/wp-json\/wp\/v2\/product"}],"about":[{"href":"https:\/\/www.fabioferro.eu\/de\/wp-json\/wp\/v2\/types\/product"}],"replies":[{"embeddable":true,"href":"https:\/\/www.fabioferro.eu\/de\/wp-json\/wp\/v2\/comments?post=152256"}],"version-history":[{"count":0,"href":"https:\/\/www.fabioferro.eu\/de\/wp-json\/wp\/v2\/product\/152256\/revisions"}],"wp:featuredmedia":[{"embeddable":true,"href":"https:\/\/www.fabioferro.eu\/de\/wp-json\/wp\/v2\/media\/152201"}],"wp:attachment":[{"href":"https:\/\/www.fabioferro.eu\/de\/wp-json\/wp\/v2\/media?parent=152256"}],"wp:term":[{"taxonomy":"product_brand","embeddable":true,"href":"https:\/\/www.fabioferro.eu\/de\/wp-json\/wp\/v2\/product_brand?post=152256"},{"taxonomy":"product_cat","embeddable":true,"href":"https:\/\/www.fabioferro.eu\/de\/wp-json\/wp\/v2\/product_cat?post=152256"},{"taxonomy":"product_tag","embeddable":true,"href":"https:\/\/www.fabioferro.eu\/de\/wp-json\/wp\/v2\/product_tag?post=152256"}],"curies":[{"name":"wp","href":"https:\/\/api.w.org\/{rel}","templated":true}]}}