{"id":152259,"date":"2024-09-16T10:09:38","date_gmt":"2024-09-16T08:09:38","guid":{"rendered":"https:\/\/www.fabioferro.eu\/tamashii-tibetisches-doppelstrang-armband-mit-fossilholz.html"},"modified":"2024-12-16T13:35:22","modified_gmt":"2024-12-16T12:35:22","slug":"tamashii-tibetisches-doppelstrang-armband-mit-fossilholz","status":"publish","type":"product","link":"https:\/\/www.fabioferro.eu\/de\/tamashii-tibetisches-doppelstrang-armband-mit-fossilholz.html","title":{"rendered":"Tamashii Tibetisches Doppelstrang-Armband mit Fossilholz"},"content":{"rendered":"<p class=\"p1\">Das in Tibet hergestellte und von buddhistischen M\u00f6nchen gesegnete Tamashii-Armband besteht aus Naturstein Fossil Wood.<\/p>\n<p>Dieser Stein dr\u00fcckt auch das Prinzip der Evolution und Weisheit aus, st\u00e4rkt emotionale Beziehungen, insbesondere famili\u00e4re Beziehungen, und ermutigt dazu, ein spirituelles statt ein materielles Leben zu f\u00fchren.<\/p>\n<p class=\"p2\">Die Einheitsgr\u00f6\u00dfe, verstellbar mit integrierten Schlaufen, sorgt f\u00fcr eine optimale Passform.<\/p>\n<p>Es sind 12 Kugeln aus 8 mm nat\u00fcrlichem fossilem Holz, die von Hand entsteint und gekn\u00fcpft wurden.<\/p>\n<p class=\"p2\">Da es sich um ein handgefertigtes Produkt handelt, kann der Farbton leicht von den Abbildungen abweichen.<\/p>\n<p class=\"p2\">Wird in der Originalverpackung von Tamashii geliefert, komplett mit Echtheitszertifikat und Garantie.<\/p>\n","protected":false},"excerpt":{"rendered":"<p>Tamashii-Armband mit fossilem Holz, hilft, emotionale Beziehungen zu st\u00e4rken.<\/p>\n","protected":false},"featured_media":152194,"comment_status":"open","ping_status":"closed","template":"","meta":[],"product_brand":[199],"product_cat":[6318],"product_tag":[],"class_list":{"0":"post-152259","1":"product","2":"type-product","3":"status-publish","4":"has-post-thumbnail","6":"product_brand-tamashii","7":"product_cat-tamashii","9":"first","10":"instock","11":"taxable","12":"shipping-taxable","13":"purchasable","14":"product-type-simple"},"exclude_global_add_ons":[],"addons":[],"df_price":55,"df_sale_price":"","df_regular_price":55,"df_image_link":"https:\/\/cdn02.fabioferro.eu\/wp-content\/uploads\/bracciale-tamashii-tibetano-a-doppio-filo-con-legno-fossile.jpg","_links":{"self":[{"href":"https:\/\/www.fabioferro.eu\/de\/wp-json\/wp\/v2\/product\/152259","targetHints":{"allow":["GET"]}}],"collection":[{"href":"https:\/\/www.fabioferro.eu\/de\/wp-json\/wp\/v2\/product"}],"about":[{"href":"https:\/\/www.fabioferro.eu\/de\/wp-json\/wp\/v2\/types\/product"}],"replies":[{"embeddable":true,"href":"https:\/\/www.fabioferro.eu\/de\/wp-json\/wp\/v2\/comments?post=152259"}],"version-history":[{"count":0,"href":"https:\/\/www.fabioferro.eu\/de\/wp-json\/wp\/v2\/product\/152259\/revisions"}],"wp:featuredmedia":[{"embeddable":true,"href":"https:\/\/www.fabioferro.eu\/de\/wp-json\/wp\/v2\/media\/152194"}],"wp:attachment":[{"href":"https:\/\/www.fabioferro.eu\/de\/wp-json\/wp\/v2\/media?parent=152259"}],"wp:term":[{"taxonomy":"product_brand","embeddable":true,"href":"https:\/\/www.fabioferro.eu\/de\/wp-json\/wp\/v2\/product_brand?post=152259"},{"taxonomy":"product_cat","embeddable":true,"href":"https:\/\/www.fabioferro.eu\/de\/wp-json\/wp\/v2\/product_cat?post=152259"},{"taxonomy":"product_tag","embeddable":true,"href":"https:\/\/www.fabioferro.eu\/de\/wp-json\/wp\/v2\/product_tag?post=152259"}],"curies":[{"name":"wp","href":"https:\/\/api.w.org\/{rel}","templated":true}]}}