{"id":152260,"date":"2024-09-16T10:09:32","date_gmt":"2024-09-16T08:09:32","guid":{"rendered":"https:\/\/www.fabioferro.eu\/tamashii-tibetisches-doppelstrang-armband-mit-bambusblatt.html"},"modified":"2024-12-16T13:35:19","modified_gmt":"2024-12-16T12:35:19","slug":"tamashii-tibetisches-doppelstrang-armband-mit-bambusblatt","status":"publish","type":"product","link":"https:\/\/www.fabioferro.eu\/de\/tamashii-tibetisches-doppelstrang-armband-mit-bambusblatt.html","title":{"rendered":"Tamashii Tibetisches Doppelstrang-Armband mit Bambusblatt"},"content":{"rendered":"<p class=\"p1\">Unisex Tamashii Armband aus Bamboo Leaf Naturstein und brauner Kordel.<\/p>\n<p>Produziert in Tibet und gesegnet von buddhistischen M\u00f6nchen.<\/p>\n<p>Das Bambusblatt ist eine weitere Variante des fossilen Holzes. Es dr\u00fcckt das Prinzip der Evolution und der Weisheit aus, st\u00e4rkt emotionale Beziehungen, insbesondere famili\u00e4re Beziehungen, und ermutigt dazu, ein spirituelles statt ein materielles Leben zu f\u00fchren. <\/p>\n<p class=\"p2\">Das Armband besteht aus 12 nat\u00fcrlichen 8 mm Bambusblattkugeln, handgekn\u00fcpft.<\/p>\n<p class=\"p2\">Die Einheitsgr\u00f6\u00dfe ist \u00fcber die integrierten Schlaufen f\u00fcr eine optimale Passform einstellbar.<\/p>\n<p class=\"p2\">Da es aus Natursteinen handgefertigt ist, kann es leichte Farbunterschiede zu den Fotos geben.<\/p>\n<p class=\"p2\">Verpackt in der Originalverpackung von Tamashii, komplett mit Echtheitszertifikat und Garantie.<\/p>\n","protected":false},"excerpt":{"rendered":"<p>Tamashii-Armband mit Bambusblatt, dr\u00fcckt Weisheit aus und st\u00e4rkt Beziehungen.<\/p>\n","protected":false},"featured_media":152208,"comment_status":"open","ping_status":"closed","template":"","meta":[],"product_brand":[199],"product_cat":[6318],"product_tag":[],"class_list":{"0":"post-152260","1":"product","2":"type-product","3":"status-publish","4":"has-post-thumbnail","6":"product_brand-tamashii","7":"product_cat-tamashii","9":"first","10":"instock","11":"taxable","12":"shipping-taxable","13":"purchasable","14":"product-type-simple"},"exclude_global_add_ons":[],"addons":[],"df_price":55,"df_sale_price":"","df_regular_price":55,"df_image_link":"https:\/\/cdn02.fabioferro.eu\/wp-content\/uploads\/bracciale-tamashii-tibetano-a-doppio-filo-con-bamboo-leaf.jpg","_links":{"self":[{"href":"https:\/\/www.fabioferro.eu\/de\/wp-json\/wp\/v2\/product\/152260","targetHints":{"allow":["GET"]}}],"collection":[{"href":"https:\/\/www.fabioferro.eu\/de\/wp-json\/wp\/v2\/product"}],"about":[{"href":"https:\/\/www.fabioferro.eu\/de\/wp-json\/wp\/v2\/types\/product"}],"replies":[{"embeddable":true,"href":"https:\/\/www.fabioferro.eu\/de\/wp-json\/wp\/v2\/comments?post=152260"}],"version-history":[{"count":0,"href":"https:\/\/www.fabioferro.eu\/de\/wp-json\/wp\/v2\/product\/152260\/revisions"}],"wp:featuredmedia":[{"embeddable":true,"href":"https:\/\/www.fabioferro.eu\/de\/wp-json\/wp\/v2\/media\/152208"}],"wp:attachment":[{"href":"https:\/\/www.fabioferro.eu\/de\/wp-json\/wp\/v2\/media?parent=152260"}],"wp:term":[{"taxonomy":"product_brand","embeddable":true,"href":"https:\/\/www.fabioferro.eu\/de\/wp-json\/wp\/v2\/product_brand?post=152260"},{"taxonomy":"product_cat","embeddable":true,"href":"https:\/\/www.fabioferro.eu\/de\/wp-json\/wp\/v2\/product_cat?post=152260"},{"taxonomy":"product_tag","embeddable":true,"href":"https:\/\/www.fabioferro.eu\/de\/wp-json\/wp\/v2\/product_tag?post=152260"}],"curies":[{"name":"wp","href":"https:\/\/api.w.org\/{rel}","templated":true}]}}