{"id":152264,"date":"2024-09-16T10:09:28","date_gmt":"2024-09-16T08:09:28","guid":{"rendered":"https:\/\/www.fabioferro.eu\/tamashii-tibetisches-doppeldraht-armband-mit-tarnstein.html"},"modified":"2024-12-16T13:35:12","modified_gmt":"2024-12-16T12:35:12","slug":"tamashii-tibetisches-doppeldraht-armband-mit-tarnstein","status":"publish","type":"product","link":"https:\/\/www.fabioferro.eu\/de\/tamashii-tibetisches-doppeldraht-armband-mit-tarnstein.html","title":{"rendered":"Tamashii Tibetisches Doppeldraht-Armband mit Tarnstein"},"content":{"rendered":"<p class=\"p1\">Tamashii-Armband, hergestellt in Tibet aus nat\u00fcrlichem Tarnstein und gesegnet von buddhistischen M\u00f6nchen.<\/p>\n<p>Dieser Stein geh\u00f6rt ebenfalls zur Familie der Achate und wird mit der Kraft in Verbindung gebracht, die Person zu sch\u00fctzen, die ihn tr\u00e4gt.<\/p>\n<p class=\"p1\">Das Armband besteht aus 12 Kugeln mit einem Durchmesser von 8 mm, die von Hand geknotet werden.<\/p>\n<p class=\"p1\">Dank der integrierten \u00d6sen l\u00e4sst sich das One-Size-Fits-All-Design leicht an jedes Handgelenk anpassen.<\/p>\n<p class=\"p1\">Da es aus Natursteinen handgefertigt ist, kann es zu leichten Farbabweichungen von den Abbildungen kommen.<\/p>\n<p class=\"p1\">Wird in der Originalverpackung von Tamashii geliefert, komplett mit Echtheitszertifikat und Garantie.<\/p>\n","protected":false},"excerpt":{"rendered":"<p>Tamashii-Armband mit Tarnstein, sch\u00fctzt den Tr\u00e4ger.<\/p>\n","protected":false},"featured_media":152222,"comment_status":"open","ping_status":"closed","template":"","meta":[],"product_brand":[199],"product_cat":[6318],"product_tag":[],"class_list":{"0":"post-152264","1":"product","2":"type-product","3":"status-publish","4":"has-post-thumbnail","6":"product_brand-tamashii","7":"product_cat-tamashii","9":"first","10":"instock","11":"taxable","12":"shipping-taxable","13":"purchasable","14":"product-type-simple"},"exclude_global_add_ons":[],"addons":[],"df_price":55,"df_sale_price":"","df_regular_price":55,"df_image_link":"https:\/\/cdn02.fabioferro.eu\/wp-content\/uploads\/bracciale-tamashii-tibetano-a-doppio-filo-con-pietra-camouflage.jpg","_links":{"self":[{"href":"https:\/\/www.fabioferro.eu\/de\/wp-json\/wp\/v2\/product\/152264","targetHints":{"allow":["GET"]}}],"collection":[{"href":"https:\/\/www.fabioferro.eu\/de\/wp-json\/wp\/v2\/product"}],"about":[{"href":"https:\/\/www.fabioferro.eu\/de\/wp-json\/wp\/v2\/types\/product"}],"replies":[{"embeddable":true,"href":"https:\/\/www.fabioferro.eu\/de\/wp-json\/wp\/v2\/comments?post=152264"}],"version-history":[{"count":0,"href":"https:\/\/www.fabioferro.eu\/de\/wp-json\/wp\/v2\/product\/152264\/revisions"}],"wp:featuredmedia":[{"embeddable":true,"href":"https:\/\/www.fabioferro.eu\/de\/wp-json\/wp\/v2\/media\/152222"}],"wp:attachment":[{"href":"https:\/\/www.fabioferro.eu\/de\/wp-json\/wp\/v2\/media?parent=152264"}],"wp:term":[{"taxonomy":"product_brand","embeddable":true,"href":"https:\/\/www.fabioferro.eu\/de\/wp-json\/wp\/v2\/product_brand?post=152264"},{"taxonomy":"product_cat","embeddable":true,"href":"https:\/\/www.fabioferro.eu\/de\/wp-json\/wp\/v2\/product_cat?post=152264"},{"taxonomy":"product_tag","embeddable":true,"href":"https:\/\/www.fabioferro.eu\/de\/wp-json\/wp\/v2\/product_tag?post=152264"}],"curies":[{"name":"wp","href":"https:\/\/api.w.org\/{rel}","templated":true}]}}