{"id":156212,"date":"2024-09-18T15:56:09","date_gmt":"2024-09-18T13:56:09","guid":{"rendered":"https:\/\/www.fabioferro.eu\/tamashii-tibetan-lava-multicolour-doppelstrang-armband.html"},"modified":"2024-12-16T13:35:34","modified_gmt":"2024-12-16T12:35:34","slug":"tamashii-tibetan-lava-multicolour-doppelstrang-armband","status":"publish","type":"product","link":"https:\/\/www.fabioferro.eu\/de\/tamashii-tibetan-lava-multicolour-doppelstrang-armband.html","title":{"rendered":"Tamashii Tibetan Lava Multicolour Doppelstrang-Armband"},"content":{"rendered":"<p class=\"p1\">Authentisches Tamashii-Armband mit mehrfarbigem Lava-Naturstein, handgefertigt in Tibet und gesegnet von buddhistischen M\u00f6nchen.<\/p>\n<p>Im Osten wird der Lava oft die Kraft zugeschrieben, dem Menschen zu helfen, mehr Gleichgewicht mit seinen inneren Energien zu finden. Sie hilft, Emotionen zu kontrollieren, weniger impulsiv zu leben, Schocks, \u00c4ngste und mentale Blockaden zu \u00fcberwinden. <\/p>\n<p class=\"p2\">Die Einheitsgr\u00f6\u00dfe passt f\u00fcr alle Handgelenke, die dank der Schlaufen angepasst werden k\u00f6nnen.<\/p>\n<p class=\"p2\">Da es sich um ein handgefertigtes St\u00fcck handelt, kann der Farbton im Vergleich zu den Fotos leicht variieren.<\/p>\n<p class=\"p2\">Pr\u00e4sentiert in der Originalverpackung von Tamashii, inklusive Echtheitszertifikat und Garantie.<\/p>\n","protected":false},"excerpt":{"rendered":"<p>Tamashii-Armband, hilft dabei, Emotionen zu kontrollieren und weniger impulsiv zu leben.<\/p>\n","protected":false},"featured_media":152338,"comment_status":"open","ping_status":"closed","template":"","meta":[],"product_brand":[199],"product_cat":[6318],"product_tag":[],"class_list":{"0":"post-156212","1":"product","2":"type-product","3":"status-publish","4":"has-post-thumbnail","6":"product_brand-tamashii","7":"product_cat-tamashii","9":"first","10":"instock","11":"taxable","12":"shipping-taxable","13":"purchasable","14":"product-type-simple"},"exclude_global_add_ons":[],"addons":[],"df_price":55,"df_sale_price":"","df_regular_price":55,"df_image_link":"https:\/\/cdn02.fabioferro.eu\/wp-content\/uploads\/bracciale-tamashii-tibetano-a-doppio-filo-lava-multicolor.jpg","_links":{"self":[{"href":"https:\/\/www.fabioferro.eu\/de\/wp-json\/wp\/v2\/product\/156212","targetHints":{"allow":["GET"]}}],"collection":[{"href":"https:\/\/www.fabioferro.eu\/de\/wp-json\/wp\/v2\/product"}],"about":[{"href":"https:\/\/www.fabioferro.eu\/de\/wp-json\/wp\/v2\/types\/product"}],"replies":[{"embeddable":true,"href":"https:\/\/www.fabioferro.eu\/de\/wp-json\/wp\/v2\/comments?post=156212"}],"version-history":[{"count":0,"href":"https:\/\/www.fabioferro.eu\/de\/wp-json\/wp\/v2\/product\/156212\/revisions"}],"wp:featuredmedia":[{"embeddable":true,"href":"https:\/\/www.fabioferro.eu\/de\/wp-json\/wp\/v2\/media\/152338"}],"wp:attachment":[{"href":"https:\/\/www.fabioferro.eu\/de\/wp-json\/wp\/v2\/media?parent=156212"}],"wp:term":[{"taxonomy":"product_brand","embeddable":true,"href":"https:\/\/www.fabioferro.eu\/de\/wp-json\/wp\/v2\/product_brand?post=156212"},{"taxonomy":"product_cat","embeddable":true,"href":"https:\/\/www.fabioferro.eu\/de\/wp-json\/wp\/v2\/product_cat?post=156212"},{"taxonomy":"product_tag","embeddable":true,"href":"https:\/\/www.fabioferro.eu\/de\/wp-json\/wp\/v2\/product_tag?post=156212"}],"curies":[{"name":"wp","href":"https:\/\/api.w.org\/{rel}","templated":true}]}}