{"id":156222,"date":"2024-09-18T15:55:49","date_gmt":"2024-09-18T13:55:49","guid":{"rendered":"https:\/\/www.fabioferro.eu\/tamashii-tibetisches-doppelstrang-armband-mit-gruener-wasser-jade.html"},"modified":"2024-12-16T13:35:28","modified_gmt":"2024-12-16T12:35:28","slug":"tamashii-tibetisches-doppelstrang-armband-mit-gruener-wasser-jade","status":"publish","type":"product","link":"https:\/\/www.fabioferro.eu\/de\/tamashii-tibetisches-doppelstrang-armband-mit-gruener-wasser-jade.html","title":{"rendered":"Tamashii Tibetisches Doppelstrang-Armband mit gr\u00fcner Wasser-Jade"},"content":{"rendered":"<p class=\"p1\">Handgefertigtes Tamashii-Armband, hergestellt in Tibet aus nat\u00fcrlichem blaugr\u00fcnem Jadestein und gesegnet von buddhistischen M\u00f6nchen.<\/p>\n<p>Jade gilt seit Jahrtausenden als Gl\u00fccksbringer. Zu den zahlreichen Eigenschaften dieses Steins in seiner aquagr\u00fcnen Variante geh\u00f6rt, dass er Kinder und \u00e4ltere Menschen auf Reisen besch\u00fctzt und reife Liebesaff\u00e4ren sozusagen unterst\u00fctzt.<\/p>\n<p class=\"p2\">Die Einheitsgr\u00f6\u00dfe, die \u00fcber die integrierten Schlaufen verstellbar ist, passt sich jedem Handgelenk perfekt an.<\/p>\n<p class=\"p2\">Da es sich um handgefertigte Natursteine handelt, kann es zu leichten Farbabweichungen von den Bildern kommen.<\/p>\n<p class=\"p2\">Wird in der Originalverpackung von Tamashii geliefert, komplett mit Echtheitszertifikat und Garantie.<\/p>\n","protected":false},"excerpt":{"rendered":"<p>Tamashii-Armband mit tealfarbener Jade, sch\u00fctzt Kinder und \u00e4ltere Menschen auf Reisen.<\/p>\n","protected":false},"featured_media":152480,"comment_status":"open","ping_status":"closed","template":"","meta":[],"product_brand":[199],"product_cat":[6318],"product_tag":[],"class_list":{"0":"post-156222","1":"product","2":"type-product","3":"status-publish","4":"has-post-thumbnail","6":"product_brand-tamashii","7":"product_cat-tamashii","9":"first","10":"instock","11":"taxable","12":"shipping-taxable","13":"purchasable","14":"product-type-simple"},"exclude_global_add_ons":[],"addons":[],"df_price":55,"df_sale_price":"","df_regular_price":55,"df_image_link":"https:\/\/cdn02.fabioferro.eu\/wp-content\/uploads\/bracciale-tamashii-tibetano-a-doppio-filo-con-giada-verde-acqua.jpg","_links":{"self":[{"href":"https:\/\/www.fabioferro.eu\/de\/wp-json\/wp\/v2\/product\/156222","targetHints":{"allow":["GET"]}}],"collection":[{"href":"https:\/\/www.fabioferro.eu\/de\/wp-json\/wp\/v2\/product"}],"about":[{"href":"https:\/\/www.fabioferro.eu\/de\/wp-json\/wp\/v2\/types\/product"}],"replies":[{"embeddable":true,"href":"https:\/\/www.fabioferro.eu\/de\/wp-json\/wp\/v2\/comments?post=156222"}],"version-history":[{"count":0,"href":"https:\/\/www.fabioferro.eu\/de\/wp-json\/wp\/v2\/product\/156222\/revisions"}],"wp:featuredmedia":[{"embeddable":true,"href":"https:\/\/www.fabioferro.eu\/de\/wp-json\/wp\/v2\/media\/152480"}],"wp:attachment":[{"href":"https:\/\/www.fabioferro.eu\/de\/wp-json\/wp\/v2\/media?parent=156222"}],"wp:term":[{"taxonomy":"product_brand","embeddable":true,"href":"https:\/\/www.fabioferro.eu\/de\/wp-json\/wp\/v2\/product_brand?post=156222"},{"taxonomy":"product_cat","embeddable":true,"href":"https:\/\/www.fabioferro.eu\/de\/wp-json\/wp\/v2\/product_cat?post=156222"},{"taxonomy":"product_tag","embeddable":true,"href":"https:\/\/www.fabioferro.eu\/de\/wp-json\/wp\/v2\/product_tag?post=156222"}],"curies":[{"name":"wp","href":"https:\/\/api.w.org\/{rel}","templated":true}]}}