{"id":156223,"date":"2024-09-18T15:55:59","date_gmt":"2024-09-18T13:55:59","guid":{"rendered":"https:\/\/www.fabioferro.eu\/tamashii-tibetisches-doppelstrang-armband-mit-himmelblauer-jade.html"},"modified":"2024-12-16T13:35:33","modified_gmt":"2024-12-16T12:35:33","slug":"tamashii-tibetisches-doppelstrang-armband-mit-himmelblauer-jade","status":"publish","type":"product","link":"https:\/\/www.fabioferro.eu\/de\/tamashii-tibetisches-doppelstrang-armband-mit-himmelblauer-jade.html","title":{"rendered":"Tamashii Tibetisches Doppelstrang-Armband mit himmelblauer Jade"},"content":{"rendered":"<p class=\"p1\">Authentisches Tamashii-Armband mit himmelblauem Jade-Naturstein, hergestellt in Tibet und gesegnet von buddhistischen M\u00f6nchen.<\/p>\n<p>Jade gilt seit Jahrtausenden als Gl\u00fccksbringer, und es wurden Amulette aus ihr hergestellt. Das Tamashii Jade Himmelblau ist perfekt, wenn Sie Ihre Tr\u00e4ume verfolgen oder versuchen, eine Deutung f\u00fcr Ihre Visionen zu finden. <\/p>\n<p class=\"p2\">Eine Gr\u00f6\u00dfe f\u00fcr alle, perfekt f\u00fcr alle Handgelenke.<\/p>\n<p class=\"p2\">Da es aus Natursteinen handgefertigt ist, kann es zu leichten Farbabweichungen von den Abbildungen kommen.<\/p>\n<p class=\"p2\">Geliefert in der Originalverpackung von Tamashii, begleitet von einem Echtheitszertifikat und einer Garantie.<\/p>\n","protected":false},"excerpt":{"rendered":"<p>Tamashii-Armband, perfekt zum Tragen, wenn Sie Ihre Tr\u00e4ume verfolgen wollen.<\/p>\n","protected":false},"featured_media":152466,"comment_status":"open","ping_status":"closed","template":"","meta":[],"product_brand":[199],"product_cat":[6318],"product_tag":[],"class_list":{"0":"post-156223","1":"product","2":"type-product","3":"status-publish","4":"has-post-thumbnail","6":"product_brand-tamashii","7":"product_cat-tamashii","9":"first","10":"instock","11":"taxable","12":"shipping-taxable","13":"purchasable","14":"product-type-simple"},"exclude_global_add_ons":[],"addons":[],"df_price":55,"df_sale_price":"","df_regular_price":55,"df_image_link":"https:\/\/cdn02.fabioferro.eu\/wp-content\/uploads\/bracciale-tamashii-tibetano-a-doppio-filo-con-giada-sky-blue.jpg","_links":{"self":[{"href":"https:\/\/www.fabioferro.eu\/de\/wp-json\/wp\/v2\/product\/156223","targetHints":{"allow":["GET"]}}],"collection":[{"href":"https:\/\/www.fabioferro.eu\/de\/wp-json\/wp\/v2\/product"}],"about":[{"href":"https:\/\/www.fabioferro.eu\/de\/wp-json\/wp\/v2\/types\/product"}],"replies":[{"embeddable":true,"href":"https:\/\/www.fabioferro.eu\/de\/wp-json\/wp\/v2\/comments?post=156223"}],"version-history":[{"count":0,"href":"https:\/\/www.fabioferro.eu\/de\/wp-json\/wp\/v2\/product\/156223\/revisions"}],"wp:featuredmedia":[{"embeddable":true,"href":"https:\/\/www.fabioferro.eu\/de\/wp-json\/wp\/v2\/media\/152466"}],"wp:attachment":[{"href":"https:\/\/www.fabioferro.eu\/de\/wp-json\/wp\/v2\/media?parent=156223"}],"wp:term":[{"taxonomy":"product_brand","embeddable":true,"href":"https:\/\/www.fabioferro.eu\/de\/wp-json\/wp\/v2\/product_brand?post=156223"},{"taxonomy":"product_cat","embeddable":true,"href":"https:\/\/www.fabioferro.eu\/de\/wp-json\/wp\/v2\/product_cat?post=156223"},{"taxonomy":"product_tag","embeddable":true,"href":"https:\/\/www.fabioferro.eu\/de\/wp-json\/wp\/v2\/product_tag?post=156223"}],"curies":[{"name":"wp","href":"https:\/\/api.w.org\/{rel}","templated":true}]}}