{"id":156225,"date":"2024-09-18T15:55:45","date_gmt":"2024-09-18T13:55:45","guid":{"rendered":"https:\/\/www.fabioferro.eu\/tamashii-tibetan-pink-jade-doppelstrang-armband.html"},"modified":"2024-12-16T13:35:27","modified_gmt":"2024-12-16T12:35:27","slug":"tamashii-tibetan-pink-jade-doppelstrang-armband","status":"publish","type":"product","link":"https:\/\/www.fabioferro.eu\/de\/tamashii-tibetan-pink-jade-doppelstrang-armband.html","title":{"rendered":"Tamashii Tibetan Pink Jade Doppelstrang-Armband"},"content":{"rendered":"<p class=\"p1\">Unisex Tamashii Armband, hergestellt in Tibet mit nat\u00fcrlichem rosa Jadestein, gesegnet von buddhistischen M\u00f6nchen.<\/p>\n<p class=\"p1\">Jade gilt seit Jahrtausenden als Gl\u00fccksbringer, und es wurden Amulette aus ihr hergestellt.<br \/>\nKonfuzius sagt, dass dieser Stein 11 Tugenden besitzt und vermittelt, darunter Wohlwollen, Loyalit\u00e4t, H\u00f6flichkeit und Aufrichtigkeit. <\/p>\n<p class=\"p2\">Die verstellbare Einheitsgr\u00f6\u00dfe passt dank der integrierten Schlaufen f\u00fcr alle Handgelenke.<\/p>\n<p class=\"p2\">Handgefertigte Natursteine k\u00f6nnen leichte Farbabweichungen im Vergleich zu den Fotos aufweisen.<\/p>\n<p class=\"p2\">Wird in der Originalverpackung von Tamashii geliefert, komplett mit Echtheitszertifikat und Garantie.<\/p>\n","protected":false},"excerpt":{"rendered":"<p>Tamashii-Armband, ein Gl\u00fccksbringer, den Sie immer am Handgelenk tragen.<\/p>\n","protected":false},"featured_media":152473,"comment_status":"open","ping_status":"closed","template":"","meta":[],"product_brand":[199],"product_cat":[6318],"product_tag":[],"class_list":{"0":"post-156225","1":"product","2":"type-product","3":"status-publish","4":"has-post-thumbnail","6":"product_brand-tamashii","7":"product_cat-tamashii","9":"first","10":"instock","11":"taxable","12":"shipping-taxable","13":"purchasable","14":"product-type-simple"},"exclude_global_add_ons":[],"addons":[],"df_price":55,"df_sale_price":"","df_regular_price":55,"df_image_link":"https:\/\/cdn02.fabioferro.eu\/wp-content\/uploads\/bracciale-tamashii-tibetano-a-doppio-filo-giada-rosa.jpg","_links":{"self":[{"href":"https:\/\/www.fabioferro.eu\/de\/wp-json\/wp\/v2\/product\/156225","targetHints":{"allow":["GET"]}}],"collection":[{"href":"https:\/\/www.fabioferro.eu\/de\/wp-json\/wp\/v2\/product"}],"about":[{"href":"https:\/\/www.fabioferro.eu\/de\/wp-json\/wp\/v2\/types\/product"}],"replies":[{"embeddable":true,"href":"https:\/\/www.fabioferro.eu\/de\/wp-json\/wp\/v2\/comments?post=156225"}],"version-history":[{"count":0,"href":"https:\/\/www.fabioferro.eu\/de\/wp-json\/wp\/v2\/product\/156225\/revisions"}],"wp:featuredmedia":[{"embeddable":true,"href":"https:\/\/www.fabioferro.eu\/de\/wp-json\/wp\/v2\/media\/152473"}],"wp:attachment":[{"href":"https:\/\/www.fabioferro.eu\/de\/wp-json\/wp\/v2\/media?parent=156225"}],"wp:term":[{"taxonomy":"product_brand","embeddable":true,"href":"https:\/\/www.fabioferro.eu\/de\/wp-json\/wp\/v2\/product_brand?post=156225"},{"taxonomy":"product_cat","embeddable":true,"href":"https:\/\/www.fabioferro.eu\/de\/wp-json\/wp\/v2\/product_cat?post=156225"},{"taxonomy":"product_tag","embeddable":true,"href":"https:\/\/www.fabioferro.eu\/de\/wp-json\/wp\/v2\/product_tag?post=156225"}],"curies":[{"name":"wp","href":"https:\/\/api.w.org\/{rel}","templated":true}]}}