{"id":156229,"date":"2024-09-18T15:55:43","date_gmt":"2024-09-18T13:55:43","guid":{"rendered":"https:\/\/www.fabioferro.eu\/tamashii-tibetisches-doppeldraht-armband-mit-gestreiftem-blauem-achat-2.html"},"modified":"2024-12-16T13:35:28","modified_gmt":"2024-12-16T12:35:28","slug":"tamashii-tibetisches-doppeldraht-armband-mit-gestreiftem-blauem-achat-2","status":"publish","type":"product","link":"https:\/\/www.fabioferro.eu\/de\/tamashii-tibetisches-doppeldraht-armband-mit-gestreiftem-blauem-achat-2.html","title":{"rendered":"Tamashii Tibetisches Doppeldraht-Armband mit gestreiftem blauem Achat"},"content":{"rendered":"<p class=\"p1\">Handgefertigtes Tamashii Armband, hergestellt in Tibet mit gestreiften blauen Achat Geburtssteinen und gesegnet von buddhistischen M\u00f6nchen.<\/p>\n<p>Blauer Achat steht f\u00fcr die Farbe des Himmels. In diesem besonderen Fall verleiht der Farbton des Himmels diesem Tamashii ein noch g\u00f6ttlicheres und erhabeneres Aussehen. Bestehend aus 6 mm gro\u00dfen Perlen.<\/p>\n<p class=\"p2\">Dank der verstellbaren Einheitsgr\u00f6\u00dfe mit integrierten Schlaufen passt sie bequem an jedes Handgelenk.<\/p>\n<p class=\"p2\">Da es mit Natursteinen handgefertigt ist, k\u00f6nnen leichte Farbabweichungen von den Fotos auftreten.<\/p>\n<p class=\"p2\">Wird in der Originalverpackung von Tamashii geliefert, einschlie\u00dflich Echtheitszertifikat und Garantie.<\/p>\n","protected":false},"excerpt":{"rendered":"<p>Tamashii Armband, ein Schmuckst\u00fcck mit einem g\u00f6ttlichen und gehobenen Aussehen.<\/p>\n","protected":false},"featured_media":152459,"comment_status":"open","ping_status":"closed","template":"","meta":[],"product_brand":[199],"product_cat":[6318],"product_tag":[],"class_list":{"0":"post-156229","1":"product","2":"type-product","3":"status-publish","4":"has-post-thumbnail","6":"product_brand-tamashii","7":"product_cat-tamashii","9":"first","10":"instock","11":"taxable","12":"shipping-taxable","13":"purchasable","14":"product-type-simple"},"exclude_global_add_ons":[],"addons":[],"df_price":55,"df_sale_price":"","df_regular_price":55,"df_image_link":"https:\/\/cdn02.fabioferro.eu\/wp-content\/uploads\/bracciale-tamashii-tibetano-a-doppio-filo-con-agata-azzurra-striata.jpg","_links":{"self":[{"href":"https:\/\/www.fabioferro.eu\/de\/wp-json\/wp\/v2\/product\/156229","targetHints":{"allow":["GET"]}}],"collection":[{"href":"https:\/\/www.fabioferro.eu\/de\/wp-json\/wp\/v2\/product"}],"about":[{"href":"https:\/\/www.fabioferro.eu\/de\/wp-json\/wp\/v2\/types\/product"}],"replies":[{"embeddable":true,"href":"https:\/\/www.fabioferro.eu\/de\/wp-json\/wp\/v2\/comments?post=156229"}],"version-history":[{"count":0,"href":"https:\/\/www.fabioferro.eu\/de\/wp-json\/wp\/v2\/product\/156229\/revisions"}],"wp:featuredmedia":[{"embeddable":true,"href":"https:\/\/www.fabioferro.eu\/de\/wp-json\/wp\/v2\/media\/152459"}],"wp:attachment":[{"href":"https:\/\/www.fabioferro.eu\/de\/wp-json\/wp\/v2\/media?parent=156229"}],"wp:term":[{"taxonomy":"product_brand","embeddable":true,"href":"https:\/\/www.fabioferro.eu\/de\/wp-json\/wp\/v2\/product_brand?post=156229"},{"taxonomy":"product_cat","embeddable":true,"href":"https:\/\/www.fabioferro.eu\/de\/wp-json\/wp\/v2\/product_cat?post=156229"},{"taxonomy":"product_tag","embeddable":true,"href":"https:\/\/www.fabioferro.eu\/de\/wp-json\/wp\/v2\/product_tag?post=156229"}],"curies":[{"name":"wp","href":"https:\/\/api.w.org\/{rel}","templated":true}]}}