{"id":156232,"date":"2024-09-18T15:55:33","date_gmt":"2024-09-18T13:55:33","guid":{"rendered":"https:\/\/www.fabioferro.eu\/tibetisches-tamashii-armband-mit-eingravierter-brauner-jade.html"},"modified":"2024-12-16T13:35:21","modified_gmt":"2024-12-16T12:35:21","slug":"tibetisches-tamashii-armband-mit-eingravierter-brauner-jade","status":"publish","type":"product","link":"https:\/\/www.fabioferro.eu\/de\/tibetisches-tamashii-armband-mit-eingravierter-brauner-jade.html","title":{"rendered":"Tibetisches Tamashii Armband mit eingravierter brauner Jade"},"content":{"rendered":"<p>Original Tamashii Unisex-Armband aus graviertem braunem Naturstein aus Jade.<br \/>\nJade gilt seit Jahrtausenden als Gl\u00fccksbringer, und es wurden Amulette aus ihr hergestellt.<br \/>\nKonfuzius sagt, dass dieser Stein 11 Tugenden besitzt und vermittelt, darunter Wohlwollen, Loyalit\u00e4t, H\u00f6flichkeit und Aufrichtigkeit.<\/p>\n<p>Hergestellt in Tibet und gesegnet von buddhistischen M\u00f6nchen.<\/p>\n<p class=\"p1\">Gesamtl\u00e4nge des Armbands 24,00 cm, kann aber bis zu 18,00 cm getragen werden, Einheitsgr\u00f6\u00dfe.<\/p>\n<p class=\"p1\">Das Armband wird in der Originalverpackung von Tamashii geliefert, begleitet von einer Echtheits- und Garantieerkl\u00e4rung.<\/p>\n","protected":false},"excerpt":{"rendered":"<p>Ein Tamashii-Armband aus gravierter brauner Jade.<\/p>\n","protected":false},"featured_media":147915,"comment_status":"open","ping_status":"closed","template":"","meta":[],"product_brand":[199],"product_cat":[6318],"product_tag":[],"class_list":{"0":"post-156232","1":"product","2":"type-product","3":"status-publish","4":"has-post-thumbnail","6":"product_brand-tamashii","7":"product_cat-tamashii","9":"first","10":"instock","11":"taxable","12":"shipping-taxable","13":"purchasable","14":"product-type-simple"},"exclude_global_add_ons":[],"addons":[],"df_price":42,"df_sale_price":"","df_regular_price":42,"df_image_link":"https:\/\/cdn02.fabioferro.eu\/wp-content\/uploads\/bracciale-tamashii-tibetano-con-giada-marrone-incisa.jpg","_links":{"self":[{"href":"https:\/\/www.fabioferro.eu\/de\/wp-json\/wp\/v2\/product\/156232","targetHints":{"allow":["GET"]}}],"collection":[{"href":"https:\/\/www.fabioferro.eu\/de\/wp-json\/wp\/v2\/product"}],"about":[{"href":"https:\/\/www.fabioferro.eu\/de\/wp-json\/wp\/v2\/types\/product"}],"replies":[{"embeddable":true,"href":"https:\/\/www.fabioferro.eu\/de\/wp-json\/wp\/v2\/comments?post=156232"}],"version-history":[{"count":0,"href":"https:\/\/www.fabioferro.eu\/de\/wp-json\/wp\/v2\/product\/156232\/revisions"}],"wp:featuredmedia":[{"embeddable":true,"href":"https:\/\/www.fabioferro.eu\/de\/wp-json\/wp\/v2\/media\/147915"}],"wp:attachment":[{"href":"https:\/\/www.fabioferro.eu\/de\/wp-json\/wp\/v2\/media?parent=156232"}],"wp:term":[{"taxonomy":"product_brand","embeddable":true,"href":"https:\/\/www.fabioferro.eu\/de\/wp-json\/wp\/v2\/product_brand?post=156232"},{"taxonomy":"product_cat","embeddable":true,"href":"https:\/\/www.fabioferro.eu\/de\/wp-json\/wp\/v2\/product_cat?post=156232"},{"taxonomy":"product_tag","embeddable":true,"href":"https:\/\/www.fabioferro.eu\/de\/wp-json\/wp\/v2\/product_tag?post=156232"}],"curies":[{"name":"wp","href":"https:\/\/api.w.org\/{rel}","templated":true}]}}