{"id":156233,"date":"2024-09-18T15:55:38","date_gmt":"2024-09-18T13:55:38","guid":{"rendered":"https:\/\/www.fabioferro.eu\/tamashii-tibetisches-doppeldraht-armband-mit-gestreiftem-kirsch-achat.html"},"modified":"2024-12-16T13:35:27","modified_gmt":"2024-12-16T12:35:27","slug":"tamashii-tibetisches-doppeldraht-armband-mit-gestreiftem-kirsch-achat","status":"publish","type":"product","link":"https:\/\/www.fabioferro.eu\/de\/tamashii-tibetisches-doppeldraht-armband-mit-gestreiftem-kirsch-achat.html","title":{"rendered":"Tamashii Tibetisches Doppeldraht-Armband mit gestreiftem Kirsch-Achat"},"content":{"rendered":"<p class=\"p1\">Tamashii Armband aus Tibet mit gestreiften Kirsch-Achat Geburtssteinen.<\/p>\n<p>Rot ist im Buddhismus die Farbe von Ritualen und kraftvollen Handlungen, es ist die Farbe der Leidenschaft, der Kraft und des Sakralen. Das rote Tamashii steht f\u00fcr Kraft, St\u00e4rke, Vitalit\u00e4t, Leidenschaft und weist auf eine weise Person hin.<\/p>\n<p class=\"p1\">Von buddhistischen M\u00f6nchen gesegnet.<\/p>\n<p class=\"p2\">Die Einheitsgr\u00f6\u00dfe ist dank der integrierten \u00d6sen leicht verstellbar und erm\u00f6glicht so eine optimale Passform an jedem Handgelenk.<\/p>\n<p class=\"p2\">Handgefertigte Natursteine k\u00f6nnen leichte Farbunterschiede zu den Abbildungen aufweisen.<\/p>\n<p class=\"p2\">Es wird in der Originalverpackung von Tamashii geliefert, komplett mit Echtheitszertifikat und Garantie.<\/p>\n","protected":false},"excerpt":{"rendered":"<p>Tamashii-Armband, sorgt f\u00fcr Kraft, St\u00e4rke und Leidenschaft.<\/p>\n","protected":false},"featured_media":152452,"comment_status":"open","ping_status":"closed","template":"","meta":[],"product_brand":[199],"product_cat":[6318],"product_tag":[],"class_list":{"0":"post-156233","1":"product","2":"type-product","3":"status-publish","4":"has-post-thumbnail","6":"product_brand-tamashii","7":"product_cat-tamashii","9":"first","10":"instock","11":"taxable","12":"shipping-taxable","13":"purchasable","14":"product-type-simple"},"exclude_global_add_ons":[],"addons":[],"df_price":55,"df_sale_price":"","df_regular_price":55,"df_image_link":"https:\/\/cdn02.fabioferro.eu\/wp-content\/uploads\/bracciale-tamashii-tibetano-a-doppio-filo-con-agata-ciliegia-striata.jpg","_links":{"self":[{"href":"https:\/\/www.fabioferro.eu\/de\/wp-json\/wp\/v2\/product\/156233","targetHints":{"allow":["GET"]}}],"collection":[{"href":"https:\/\/www.fabioferro.eu\/de\/wp-json\/wp\/v2\/product"}],"about":[{"href":"https:\/\/www.fabioferro.eu\/de\/wp-json\/wp\/v2\/types\/product"}],"replies":[{"embeddable":true,"href":"https:\/\/www.fabioferro.eu\/de\/wp-json\/wp\/v2\/comments?post=156233"}],"version-history":[{"count":0,"href":"https:\/\/www.fabioferro.eu\/de\/wp-json\/wp\/v2\/product\/156233\/revisions"}],"wp:featuredmedia":[{"embeddable":true,"href":"https:\/\/www.fabioferro.eu\/de\/wp-json\/wp\/v2\/media\/152452"}],"wp:attachment":[{"href":"https:\/\/www.fabioferro.eu\/de\/wp-json\/wp\/v2\/media?parent=156233"}],"wp:term":[{"taxonomy":"product_brand","embeddable":true,"href":"https:\/\/www.fabioferro.eu\/de\/wp-json\/wp\/v2\/product_brand?post=156233"},{"taxonomy":"product_cat","embeddable":true,"href":"https:\/\/www.fabioferro.eu\/de\/wp-json\/wp\/v2\/product_cat?post=156233"},{"taxonomy":"product_tag","embeddable":true,"href":"https:\/\/www.fabioferro.eu\/de\/wp-json\/wp\/v2\/product_tag?post=156233"}],"curies":[{"name":"wp","href":"https:\/\/api.w.org\/{rel}","templated":true}]}}