{"id":157686,"date":"2024-09-19T08:20:45","date_gmt":"2024-09-19T06:20:45","guid":{"rendered":"https:\/\/www.fabioferro.eu\/tibetisches-tamashii-armband-mit-onyx-6mm.html"},"modified":"2024-10-31T12:27:02","modified_gmt":"2024-10-31T11:27:02","slug":"tibetisches-tamashii-armband-mit-onyx-6mm","status":"publish","type":"product","link":"https:\/\/www.fabioferro.eu\/de\/tibetisches-tamashii-armband-mit-onyx-6mm.html","title":{"rendered":"Tibetisches Tamashii-Armband mit Onyx 6mm"},"content":{"rendered":"<p class=\"p1\">Original Tamashii Armband, handgefertigt in Tibet aus nat\u00fcrlichem Onyxstein und gesegnet von buddhistischen M\u00f6nchen.<\/p>\n<p>Der Onyx, ein schwarzer Stein par excellence, wird von M\u00f6nchen verwendet, um Mut und Selbstvertrauen zu vermitteln. Tamashii Onyx st\u00e4rkt das Selbstbewusstsein, das analytische Denken und das Verantwortungsgef\u00fchl. Er wandelt negative Kr\u00e4fte in positive um, B\u00f6ses in Gutes und Hass in Mitgef\u00fchl. Jeder Stein misst 6 mm.  <\/p>\n<p class=\"p2\">Da es von Hand erstellt wird, kann es zu leichten Farbabweichungen von den Fotos kommen.<\/p>\n<p class=\"p2\">Die Einheitsgr\u00f6\u00dfe, verstellbar mit integrierten \u00d6sen, garantiert eine perfekte Passform f\u00fcr jedes Handgelenk.<\/p>\n<p class=\"p2\">Wird in der Originalverpackung von Tamashii geliefert, komplett mit Echtheitszertifikat und Garantie.<\/p>\n","protected":false},"excerpt":{"rendered":"<p>Tamashii-Armband mit Onyx, das Mut und Selbstvertrauen verbreitet.<\/p>\n","protected":false},"featured_media":157597,"comment_status":"open","ping_status":"closed","template":"","meta":[],"product_brand":[199],"product_cat":[6318],"product_tag":[],"class_list":{"0":"post-157686","1":"product","2":"type-product","3":"status-publish","4":"has-post-thumbnail","6":"product_brand-tamashii","7":"product_cat-tamashii","9":"first","10":"instock","11":"taxable","12":"shipping-taxable","13":"purchasable","14":"product-type-simple"},"exclude_global_add_ons":[],"addons":[],"df_price":42,"df_sale_price":"","df_regular_price":42,"df_image_link":"https:\/\/cdn02.fabioferro.eu\/wp-content\/uploads\/bracciale-tamashii-tibetano-con-onice.jpg","_links":{"self":[{"href":"https:\/\/www.fabioferro.eu\/de\/wp-json\/wp\/v2\/product\/157686","targetHints":{"allow":["GET"]}}],"collection":[{"href":"https:\/\/www.fabioferro.eu\/de\/wp-json\/wp\/v2\/product"}],"about":[{"href":"https:\/\/www.fabioferro.eu\/de\/wp-json\/wp\/v2\/types\/product"}],"replies":[{"embeddable":true,"href":"https:\/\/www.fabioferro.eu\/de\/wp-json\/wp\/v2\/comments?post=157686"}],"version-history":[{"count":0,"href":"https:\/\/www.fabioferro.eu\/de\/wp-json\/wp\/v2\/product\/157686\/revisions"}],"wp:featuredmedia":[{"embeddable":true,"href":"https:\/\/www.fabioferro.eu\/de\/wp-json\/wp\/v2\/media\/157597"}],"wp:attachment":[{"href":"https:\/\/www.fabioferro.eu\/de\/wp-json\/wp\/v2\/media?parent=157686"}],"wp:term":[{"taxonomy":"product_brand","embeddable":true,"href":"https:\/\/www.fabioferro.eu\/de\/wp-json\/wp\/v2\/product_brand?post=157686"},{"taxonomy":"product_cat","embeddable":true,"href":"https:\/\/www.fabioferro.eu\/de\/wp-json\/wp\/v2\/product_cat?post=157686"},{"taxonomy":"product_tag","embeddable":true,"href":"https:\/\/www.fabioferro.eu\/de\/wp-json\/wp\/v2\/product_tag?post=157686"}],"curies":[{"name":"wp","href":"https:\/\/api.w.org\/{rel}","templated":true}]}}