{"id":157688,"date":"2024-09-19T08:20:50","date_gmt":"2024-09-19T06:20:50","guid":{"rendered":"https:\/\/www.fabioferro.eu\/tamashii-tibetisches-doppeldraht-armband-mit-braunem-tigerauge.html"},"modified":"2024-10-31T12:27:05","modified_gmt":"2024-10-31T11:27:05","slug":"tamashii-tibetisches-doppeldraht-armband-mit-braunem-tigerauge","status":"publish","type":"product","link":"https:\/\/www.fabioferro.eu\/de\/tamashii-tibetisches-doppeldraht-armband-mit-braunem-tigerauge.html","title":{"rendered":"Tamashii Tibetisches Doppeldraht-Armband mit braunem Tigerauge"},"content":{"rendered":"<p class=\"p1\">Authentisches Tamashii-Armband, hergestellt in Tibet mit braunem Tigerauge-Naturstein und brauner Kordel.<\/p>\n<p>Von buddhistischen M\u00f6nchen gesegnet.<\/p>\n<p><span class=\"s1\">Das Tigerauge ist einer der am meisten verwendeten und gesch\u00e4tzten Natursteine.  <\/span><span class=\"s1\">Nach der \u00e4ltesten \u00dcberlieferung ist er der Stein der Selbstbest\u00e4tigung, d.h. er hat die Kraft, uns mit unserer eigenen pers\u00f6nlichen Kraft in Verbindung zu bringen, indem er uns im Gleichgewicht und konzentriert h\u00e4lt<\/span><\/p>\n<p class=\"p2\">Die Einheitsgr\u00f6\u00dfe, die \u00fcber die integrierten Schlaufen verstellbar ist, passt sich jedem Handgelenk perfekt an.<\/p>\n<p class=\"p2\">Da das Armband handgefertigt ist, kann es zu leichten Farbabweichungen von den Bildern kommen.<\/p>\n<p class=\"p2\">Wird in der Originalverpackung von Tamashii geliefert, komplett mit Echtheitszertifikat und Garantie.<\/p>\n","protected":false},"excerpt":{"rendered":"<p>Tamashii-Armband, hilft, Festigkeit und Entscheidungsst\u00e4rke zu finden.<\/p>\n","protected":false},"featured_media":157590,"comment_status":"open","ping_status":"closed","template":"","meta":[],"product_brand":[199],"product_cat":[6318],"product_tag":[],"class_list":{"0":"post-157688","1":"product","2":"type-product","3":"status-publish","4":"has-post-thumbnail","6":"product_brand-tamashii","7":"product_cat-tamashii","9":"first","10":"instock","11":"taxable","12":"shipping-taxable","13":"purchasable","14":"product-type-simple"},"exclude_global_add_ons":[],"addons":[],"df_price":55,"df_sale_price":"","df_regular_price":55,"df_image_link":"https:\/\/cdn02.fabioferro.eu\/wp-content\/uploads\/bracciale-tamashii-tibetano-a-doppio-filo-con-occhio-di-tigre-marrone.jpg.jpg","_links":{"self":[{"href":"https:\/\/www.fabioferro.eu\/de\/wp-json\/wp\/v2\/product\/157688","targetHints":{"allow":["GET"]}}],"collection":[{"href":"https:\/\/www.fabioferro.eu\/de\/wp-json\/wp\/v2\/product"}],"about":[{"href":"https:\/\/www.fabioferro.eu\/de\/wp-json\/wp\/v2\/types\/product"}],"replies":[{"embeddable":true,"href":"https:\/\/www.fabioferro.eu\/de\/wp-json\/wp\/v2\/comments?post=157688"}],"version-history":[{"count":0,"href":"https:\/\/www.fabioferro.eu\/de\/wp-json\/wp\/v2\/product\/157688\/revisions"}],"wp:featuredmedia":[{"embeddable":true,"href":"https:\/\/www.fabioferro.eu\/de\/wp-json\/wp\/v2\/media\/157590"}],"wp:attachment":[{"href":"https:\/\/www.fabioferro.eu\/de\/wp-json\/wp\/v2\/media?parent=157688"}],"wp:term":[{"taxonomy":"product_brand","embeddable":true,"href":"https:\/\/www.fabioferro.eu\/de\/wp-json\/wp\/v2\/product_brand?post=157688"},{"taxonomy":"product_cat","embeddable":true,"href":"https:\/\/www.fabioferro.eu\/de\/wp-json\/wp\/v2\/product_cat?post=157688"},{"taxonomy":"product_tag","embeddable":true,"href":"https:\/\/www.fabioferro.eu\/de\/wp-json\/wp\/v2\/product_tag?post=157688"}],"curies":[{"name":"wp","href":"https:\/\/api.w.org\/{rel}","templated":true}]}}