{"id":157693,"date":"2024-09-19T08:20:37","date_gmt":"2024-09-19T06:20:37","guid":{"rendered":"https:\/\/www.fabioferro.eu\/tibetisches-tamashii-armband-mit-karneol-6mm.html"},"modified":"2024-12-16T13:35:39","modified_gmt":"2024-12-16T12:35:39","slug":"tibetisches-tamashii-armband-mit-karneol-6mm","status":"publish","type":"product","link":"https:\/\/www.fabioferro.eu\/de\/tibetisches-tamashii-armband-mit-karneol-6mm.html","title":{"rendered":"Tibetisches Tamashii-Armband mit Karneol 6mm"},"content":{"rendered":"<p class=\"p1\">Unisex Tamashii Armband mit Karneol Geburtsstein und brauner Kordel.<\/p>\n<p>Karneol ist ein Stein in Schattierungen von gelb bis leuchtend rot, der gleiche wie der Gautama Buddha. Der Tamashii-Karneol steht f\u00fcr Vitalit\u00e4t und Gl\u00fcck.<\/p>\n<p class=\"p2\">Die Einheitsgr\u00f6\u00dfe, die dank der integrierten \u00d6sen verstellbar ist, bietet eine perfekte Passform f\u00fcr jedes Handgelenk.<\/p>\n<p>Produziert in Tibet und gesegnet von buddhistischen M\u00f6nchen.<\/p>\n<p>Die Steine messen 6 mm.<\/p>\n<p class=\"p2\">Da es handgefertigt ist, kann das Armband leichte Farbabweichungen im Vergleich zu den Fotos aufweisen.<\/p>\n<p class=\"p2\">Wird in der Originalverpackung von Tamashii geliefert, komplett mit Echtheitszertifikat und Garantie.<\/p>\n","protected":false},"excerpt":{"rendered":"<p>Tamashii-Armband mit Farbschattierungen, die an Gautama Buddha erinnern.<\/p>\n","protected":false},"featured_media":157635,"comment_status":"open","ping_status":"closed","template":"","meta":[],"product_brand":[199],"product_cat":[6318],"product_tag":[7442],"class_list":{"0":"post-157693","1":"product","2":"type-product","3":"status-publish","4":"has-post-thumbnail","6":"product_brand-tamashii","7":"product_cat-tamashii","8":"product_tag-verfugbar","10":"first","11":"instock","12":"taxable","13":"shipping-taxable","14":"purchasable","15":"product-type-simple"},"exclude_global_add_ons":[],"addons":[],"df_price":42,"df_sale_price":"","df_regular_price":42,"df_image_link":"https:\/\/cdn02.fabioferro.eu\/wp-content\/uploads\/bracciale-tamashii-tibetano-con-corniola-6mm.jpg","_links":{"self":[{"href":"https:\/\/www.fabioferro.eu\/de\/wp-json\/wp\/v2\/product\/157693","targetHints":{"allow":["GET"]}}],"collection":[{"href":"https:\/\/www.fabioferro.eu\/de\/wp-json\/wp\/v2\/product"}],"about":[{"href":"https:\/\/www.fabioferro.eu\/de\/wp-json\/wp\/v2\/types\/product"}],"replies":[{"embeddable":true,"href":"https:\/\/www.fabioferro.eu\/de\/wp-json\/wp\/v2\/comments?post=157693"}],"version-history":[{"count":0,"href":"https:\/\/www.fabioferro.eu\/de\/wp-json\/wp\/v2\/product\/157693\/revisions"}],"wp:featuredmedia":[{"embeddable":true,"href":"https:\/\/www.fabioferro.eu\/de\/wp-json\/wp\/v2\/media\/157635"}],"wp:attachment":[{"href":"https:\/\/www.fabioferro.eu\/de\/wp-json\/wp\/v2\/media?parent=157693"}],"wp:term":[{"taxonomy":"product_brand","embeddable":true,"href":"https:\/\/www.fabioferro.eu\/de\/wp-json\/wp\/v2\/product_brand?post=157693"},{"taxonomy":"product_cat","embeddable":true,"href":"https:\/\/www.fabioferro.eu\/de\/wp-json\/wp\/v2\/product_cat?post=157693"},{"taxonomy":"product_tag","embeddable":true,"href":"https:\/\/www.fabioferro.eu\/de\/wp-json\/wp\/v2\/product_tag?post=157693"}],"curies":[{"name":"wp","href":"https:\/\/api.w.org\/{rel}","templated":true}]}}