{"id":157697,"date":"2024-09-19T08:20:40","date_gmt":"2024-09-19T06:20:40","guid":{"rendered":"https:\/\/www.fabioferro.eu\/tibetisches-tamashii-armband-mit-blauem-achat-6mm.html"},"modified":"2024-10-31T12:26:58","modified_gmt":"2024-10-31T11:26:58","slug":"tibetisches-tamashii-armband-mit-blauem-achat-6mm","status":"publish","type":"product","link":"https:\/\/www.fabioferro.eu\/de\/tibetisches-tamashii-armband-mit-blauem-achat-6mm.html","title":{"rendered":"Tibetisches Tamashii-Armband mit blauem Achat 6mm"},"content":{"rendered":"<p class=\"p1\">Original Tamashii Armband, handgefertigt in Tibet mit blauem Achat Geburtsstein, gesegnet von buddhistischen M\u00f6nchen.<\/p>\n<p>Blau ist die wichtigste Farbe im Buddhismus, mehr noch als Gold. Tamashii in Blau wird traditionell verwendet, um zu kennzeichnen, was rein oder selten ist. Sie bes\u00e4nftigt den Zorn, indem sie ihn in Weisheit verwandelt.<\/p>\n<p>Steingr\u00f6\u00dfe von 6 mm.<\/p>\n<p>Da es aus Natursteinen handgefertigt ist, kann es zu leichten Farbabweichungen von den Abbildungen kommen.<\/p>\n<p class=\"p2\">Die Einheitsgr\u00f6\u00dfe, die \u00fcber die integrierten Schlaufen verstellbar ist, passt sich problemlos jedem Handgelenk an.<\/p>\n<p class=\"p2\">Wird in der Originalverpackung von Tamashii geliefert, einschlie\u00dflich Echtheitszertifikat und Garantie.<\/p>\n","protected":false},"excerpt":{"rendered":"<p>Tamashii-Armband, das f\u00fcr Hingabe, Glauben und Reinheit steht.<\/p>\n","protected":false},"featured_media":157628,"comment_status":"open","ping_status":"closed","template":"","meta":[],"product_brand":[],"product_cat":[6318],"product_tag":[],"class_list":{"0":"post-157697","1":"product","2":"type-product","3":"status-publish","4":"has-post-thumbnail","6":"product_cat-tamashii","8":"first","9":"instock","10":"taxable","11":"shipping-taxable","12":"purchasable","13":"product-type-simple"},"exclude_global_add_ons":[],"addons":[],"df_price":42,"df_sale_price":"","df_regular_price":42,"df_image_link":"https:\/\/cdn02.fabioferro.eu\/wp-content\/uploads\/bracciale-tamashii-tibetano-con-agata-blu-6mm.jpg","_links":{"self":[{"href":"https:\/\/www.fabioferro.eu\/de\/wp-json\/wp\/v2\/product\/157697","targetHints":{"allow":["GET"]}}],"collection":[{"href":"https:\/\/www.fabioferro.eu\/de\/wp-json\/wp\/v2\/product"}],"about":[{"href":"https:\/\/www.fabioferro.eu\/de\/wp-json\/wp\/v2\/types\/product"}],"replies":[{"embeddable":true,"href":"https:\/\/www.fabioferro.eu\/de\/wp-json\/wp\/v2\/comments?post=157697"}],"version-history":[{"count":0,"href":"https:\/\/www.fabioferro.eu\/de\/wp-json\/wp\/v2\/product\/157697\/revisions"}],"wp:featuredmedia":[{"embeddable":true,"href":"https:\/\/www.fabioferro.eu\/de\/wp-json\/wp\/v2\/media\/157628"}],"wp:attachment":[{"href":"https:\/\/www.fabioferro.eu\/de\/wp-json\/wp\/v2\/media?parent=157697"}],"wp:term":[{"taxonomy":"product_brand","embeddable":true,"href":"https:\/\/www.fabioferro.eu\/de\/wp-json\/wp\/v2\/product_brand?post=157697"},{"taxonomy":"product_cat","embeddable":true,"href":"https:\/\/www.fabioferro.eu\/de\/wp-json\/wp\/v2\/product_cat?post=157697"},{"taxonomy":"product_tag","embeddable":true,"href":"https:\/\/www.fabioferro.eu\/de\/wp-json\/wp\/v2\/product_tag?post=157697"}],"curies":[{"name":"wp","href":"https:\/\/api.w.org\/{rel}","templated":true}]}}