{"id":158786,"date":"2024-09-26T09:25:42","date_gmt":"2024-09-26T07:25:42","guid":{"rendered":"https:\/\/www.fabioferro.eu\/paar-ringe-fabio-ferro-floral-kollektion-in-gelbgold.html"},"modified":"2025-03-11T17:50:35","modified_gmt":"2025-03-11T16:50:35","slug":"paar-ringe-fabio-ferro-floral-kollektion-in-gelbgold","status":"publish","type":"product","link":"https:\/\/www.fabioferro.eu\/de\/paar-ringe-fabio-ferro-floral-kollektion-in-gelbgold.html","title":{"rendered":"Paar Ringe Fabio Ferro Floral Kollektion in Gelbgold"},"content":{"rendered":"<p>Ein Paar handgefertigte Eheringe aus 18 Karat Gelbgold.<\/p>\n<p>Die besondere, tiefgehende Verarbeitung ist das Unterscheidungsmerkmal dieser beiden einzigartigen Juwelen.<\/p>\n<p>Nat\u00fcrliche Elemente, die sich durch das gesamte Schmuckst\u00fcck ziehen, werden dargestellt.<\/p>\n<p>Oben und unten sind zwei hervorstehende Kanten zu sehen, die die beiden Ringe versch\u00f6nern.<\/p>\n<p>Gravur auf der Innenseite m\u00f6glich. Gesamtgewicht des Paares ca. 20 g. <\/p>\n<p>Mit Verpackung und einer 2-Jahres-Garantie, unterzeichnet von Fabio Ferro I Gioielli.<\/p>\n","protected":false},"excerpt":{"rendered":"<p>Ein Paar Schmuckst\u00fccke, die durch ihre extreme Sch\u00f6nheit ihre eigene Geschichte erz\u00e4hlen.<\/p>\n","protected":false},"featured_media":158727,"comment_status":"open","ping_status":"closed","template":"","meta":[],"product_brand":[152],"product_cat":[7633],"product_tag":[],"class_list":{"0":"post-158786","1":"product","2":"type-product","3":"status-publish","4":"has-post-thumbnail","6":"product_brand-fabio-ferro-i-gioielli","7":"product_cat-eheringe-und-trauringe-nach-mas","9":"first","10":"instock","11":"taxable","12":"shipping-taxable","13":"product-type-simple"},"exclude_global_add_ons":[],"addons":[],"df_price":"","df_sale_price":"","df_regular_price":"","df_image_link":"https:\/\/cdn02.fabioferro.eu\/wp-content\/uploads\/fedi-fabio-ferro-modello-floral-in-oro-giallo-ff1335.jpg","_links":{"self":[{"href":"https:\/\/www.fabioferro.eu\/de\/wp-json\/wp\/v2\/product\/158786","targetHints":{"allow":["GET"]}}],"collection":[{"href":"https:\/\/www.fabioferro.eu\/de\/wp-json\/wp\/v2\/product"}],"about":[{"href":"https:\/\/www.fabioferro.eu\/de\/wp-json\/wp\/v2\/types\/product"}],"replies":[{"embeddable":true,"href":"https:\/\/www.fabioferro.eu\/de\/wp-json\/wp\/v2\/comments?post=158786"}],"version-history":[{"count":0,"href":"https:\/\/www.fabioferro.eu\/de\/wp-json\/wp\/v2\/product\/158786\/revisions"}],"wp:featuredmedia":[{"embeddable":true,"href":"https:\/\/www.fabioferro.eu\/de\/wp-json\/wp\/v2\/media\/158727"}],"wp:attachment":[{"href":"https:\/\/www.fabioferro.eu\/de\/wp-json\/wp\/v2\/media?parent=158786"}],"wp:term":[{"taxonomy":"product_brand","embeddable":true,"href":"https:\/\/www.fabioferro.eu\/de\/wp-json\/wp\/v2\/product_brand?post=158786"},{"taxonomy":"product_cat","embeddable":true,"href":"https:\/\/www.fabioferro.eu\/de\/wp-json\/wp\/v2\/product_cat?post=158786"},{"taxonomy":"product_tag","embeddable":true,"href":"https:\/\/www.fabioferro.eu\/de\/wp-json\/wp\/v2\/product_tag?post=158786"}],"curies":[{"name":"wp","href":"https:\/\/api.w.org\/{rel}","templated":true}]}}