{"id":158963,"date":"2024-09-27T18:42:38","date_gmt":"2024-09-27T16:42:38","guid":{"rendered":"https:\/\/www.fabioferro.eu\/giovanni-raspini-schluesselanhaenger-aus-glattleder-135-cm.html"},"modified":"2024-10-03T11:36:11","modified_gmt":"2024-10-03T09:36:11","slug":"giovanni-raspini-schluesselanhaenger-aus-glattleder-135-cm","status":"publish","type":"product","link":"https:\/\/www.fabioferro.eu\/de\/giovanni-raspini-schluesselanhaenger-aus-glattleder-135-cm.html","title":{"rendered":"Giovanni Raspini Schl\u00fcsselanh\u00e4nger aus Glattleder 13,5 cm"},"content":{"rendered":"<p>Schl\u00fcsselanh\u00e4nger aus schwarzem, glattem Kalbsleder.<br \/>\nSeitliche N\u00e4hte auf jeder Seite.<br \/>\nLogo und Ring aus Sterlingsilber.   Hergestellt in Italien. Begleitet von Box und offizieller Giovanni Raspini Garantie.<\/p>\n","protected":false},"excerpt":{"rendered":"<p>Ein eleganter Schl\u00fcsselanh\u00e4nger aus schwarzem Leder, der von unendlicher Sch\u00f6nheit erz\u00e4hlt.<\/p>\n","protected":false},"featured_media":158954,"comment_status":"open","ping_status":"closed","template":"","meta":[],"product_brand":[155],"product_cat":[7472],"product_tag":[],"class_list":{"0":"post-158963","1":"product","2":"type-product","3":"status-publish","4":"has-post-thumbnail","6":"product_brand-raspini","7":"product_cat-giovanni-raspini-geldborsen","9":"first","10":"instock","11":"sale","12":"taxable","13":"shipping-taxable","14":"purchasable","15":"product-type-simple"},"exclude_global_add_ons":[],"addons":[],"df_price":99,"df_sale_price":99,"df_regular_price":110,"df_image_link":"https:\/\/cdn02.fabioferro.eu\/wp-content\/uploads\/portachiavi-giovanni-raspini-pelle-liscia-l0001.jpg","_links":{"self":[{"href":"https:\/\/www.fabioferro.eu\/de\/wp-json\/wp\/v2\/product\/158963","targetHints":{"allow":["GET"]}}],"collection":[{"href":"https:\/\/www.fabioferro.eu\/de\/wp-json\/wp\/v2\/product"}],"about":[{"href":"https:\/\/www.fabioferro.eu\/de\/wp-json\/wp\/v2\/types\/product"}],"replies":[{"embeddable":true,"href":"https:\/\/www.fabioferro.eu\/de\/wp-json\/wp\/v2\/comments?post=158963"}],"version-history":[{"count":0,"href":"https:\/\/www.fabioferro.eu\/de\/wp-json\/wp\/v2\/product\/158963\/revisions"}],"wp:featuredmedia":[{"embeddable":true,"href":"https:\/\/www.fabioferro.eu\/de\/wp-json\/wp\/v2\/media\/158954"}],"wp:attachment":[{"href":"https:\/\/www.fabioferro.eu\/de\/wp-json\/wp\/v2\/media?parent=158963"}],"wp:term":[{"taxonomy":"product_brand","embeddable":true,"href":"https:\/\/www.fabioferro.eu\/de\/wp-json\/wp\/v2\/product_brand?post=158963"},{"taxonomy":"product_cat","embeddable":true,"href":"https:\/\/www.fabioferro.eu\/de\/wp-json\/wp\/v2\/product_cat?post=158963"},{"taxonomy":"product_tag","embeddable":true,"href":"https:\/\/www.fabioferro.eu\/de\/wp-json\/wp\/v2\/product_tag?post=158963"}],"curies":[{"name":"wp","href":"https:\/\/api.w.org\/{rel}","templated":true}]}}