{"id":159000,"date":"2024-09-27T19:23:39","date_gmt":"2024-09-27T17:23:39","guid":{"rendered":"https:\/\/www.fabioferro.eu\/geldboerse-giovanni-raspini-reissverschluss-innentasche-glattleder-115-x-85-x-3-cm.html"},"modified":"2024-12-16T13:35:47","modified_gmt":"2024-12-16T12:35:47","slug":"geldboerse-giovanni-raspini-reissverschluss-innentasche-glattleder-115-x-85-x-3-cm","status":"publish","type":"product","link":"https:\/\/www.fabioferro.eu\/de\/geldboerse-giovanni-raspini-reissverschluss-innentasche-glattleder-115-x-85-x-3-cm.html","title":{"rendered":"Geldb\u00f6rse Giovanni Raspini Rei\u00dfverschluss Innentasche Glattleder 11,5 x 8,5 x 3 cm"},"content":{"rendered":"<p>Elegantes Portemonnaie aus schwarzem, nat\u00fcrlichem Kalbsleder. Das Leder ist glatt. Ma\u00dfe 11,5 x 8,5 x 3 cm. Innenfach f\u00fcr M\u00fcnzen. Logo mit Krokodil aus 925er Silber.<\/p>\n<p>Hergestellt in Italien.<\/p>\n<p>Begleitet von Box und offizieller Garantie von Giovanni Raspini<\/p>\n","protected":false},"excerpt":{"rendered":"<p>Ein praktisches, bequemes und sehr elegantes Portemonnaie.<br \/>\nWagen Sie mehr mit Giovanni Raspini. <\/p>\n","protected":false},"featured_media":158936,"comment_status":"open","ping_status":"closed","template":"","meta":[],"product_brand":[155],"product_cat":[7472],"product_tag":[7442],"class_list":{"0":"post-159000","1":"product","2":"type-product","3":"status-publish","4":"has-post-thumbnail","6":"product_brand-raspini","7":"product_cat-giovanni-raspini-geldborsen","8":"product_tag-verfugbar","10":"first","11":"instock","12":"sale","13":"taxable","14":"shipping-taxable","15":"purchasable","16":"product-type-simple"},"exclude_global_add_ons":[],"addons":[],"df_price":252,"df_sale_price":252,"df_regular_price":280,"df_image_link":"https:\/\/cdn02.fabioferro.eu\/wp-content\/uploads\/portafoglio-giovanni-raspini-zip-interna-pelle-liscia-l0007.jpg","_links":{"self":[{"href":"https:\/\/www.fabioferro.eu\/de\/wp-json\/wp\/v2\/product\/159000","targetHints":{"allow":["GET"]}}],"collection":[{"href":"https:\/\/www.fabioferro.eu\/de\/wp-json\/wp\/v2\/product"}],"about":[{"href":"https:\/\/www.fabioferro.eu\/de\/wp-json\/wp\/v2\/types\/product"}],"replies":[{"embeddable":true,"href":"https:\/\/www.fabioferro.eu\/de\/wp-json\/wp\/v2\/comments?post=159000"}],"version-history":[{"count":0,"href":"https:\/\/www.fabioferro.eu\/de\/wp-json\/wp\/v2\/product\/159000\/revisions"}],"wp:featuredmedia":[{"embeddable":true,"href":"https:\/\/www.fabioferro.eu\/de\/wp-json\/wp\/v2\/media\/158936"}],"wp:attachment":[{"href":"https:\/\/www.fabioferro.eu\/de\/wp-json\/wp\/v2\/media?parent=159000"}],"wp:term":[{"taxonomy":"product_brand","embeddable":true,"href":"https:\/\/www.fabioferro.eu\/de\/wp-json\/wp\/v2\/product_brand?post=159000"},{"taxonomy":"product_cat","embeddable":true,"href":"https:\/\/www.fabioferro.eu\/de\/wp-json\/wp\/v2\/product_cat?post=159000"},{"taxonomy":"product_tag","embeddable":true,"href":"https:\/\/www.fabioferro.eu\/de\/wp-json\/wp\/v2\/product_tag?post=159000"}],"curies":[{"name":"wp","href":"https:\/\/api.w.org\/{rel}","templated":true}]}}