{"id":159008,"date":"2024-09-27T19:26:18","date_gmt":"2024-09-27T17:26:18","guid":{"rendered":"https:\/\/www.fabioferro.eu\/giovanni-raspini-brieftasche-mit-reissverschluss-grosses-glattleder-195-x-10-x-28-cm.html"},"modified":"2024-12-16T13:35:53","modified_gmt":"2024-12-16T12:35:53","slug":"giovanni-raspini-brieftasche-mit-reissverschluss-grosses-glattleder-195-x-10-x-28-cm","status":"publish","type":"product","link":"https:\/\/www.fabioferro.eu\/de\/giovanni-raspini-brieftasche-mit-reissverschluss-grosses-glattleder-195-x-10-x-28-cm.html","title":{"rendered":"Giovanni Raspini Brieftasche mit Rei\u00dfverschluss Gro\u00dfes Glattleder 19,5 x 10 x 2,8 cm"},"content":{"rendered":"<p>Elegantes Portemonnaie aus schwarzem, nat\u00fcrlichem Kalbsleder. Das Leder ist glatt. Ma\u00dfe 19,5 x 10 x 2,8 cm. Innenfach mit Rei\u00dfverschluss f\u00fcr M\u00fcnzen und Bargeld\/Karten. Logo mit Krokodil aus 925er Silber.<\/p>\n<p>Hergestellt in Italien.<\/p>\n<p>Begleitet von Box und offizieller Garantie von Giovanni Raspini<\/p>\n","protected":false},"excerpt":{"rendered":"<p>Ein gro\u00dfes Portemonnaie, in das alles passt, was Sie brauchen.<\/p>\n","protected":false},"featured_media":158930,"comment_status":"open","ping_status":"closed","template":"","meta":[],"product_brand":[155],"product_cat":[7472],"product_tag":[7442],"class_list":{"0":"post-159008","1":"product","2":"type-product","3":"status-publish","4":"has-post-thumbnail","6":"product_brand-raspini","7":"product_cat-giovanni-raspini-geldborsen","8":"product_tag-verfugbar","10":"first","11":"instock","12":"sale","13":"featured","14":"taxable","15":"shipping-taxable","16":"purchasable","17":"product-type-simple"},"exclude_global_add_ons":[],"addons":[],"df_price":351,"df_sale_price":351,"df_regular_price":390,"df_image_link":"https:\/\/cdn02.fabioferro.eu\/wp-content\/uploads\/portafoglio-giovanni-raspini-con-zip-grande-pelle-liscia-l0009.jpg","_links":{"self":[{"href":"https:\/\/www.fabioferro.eu\/de\/wp-json\/wp\/v2\/product\/159008","targetHints":{"allow":["GET"]}}],"collection":[{"href":"https:\/\/www.fabioferro.eu\/de\/wp-json\/wp\/v2\/product"}],"about":[{"href":"https:\/\/www.fabioferro.eu\/de\/wp-json\/wp\/v2\/types\/product"}],"replies":[{"embeddable":true,"href":"https:\/\/www.fabioferro.eu\/de\/wp-json\/wp\/v2\/comments?post=159008"}],"version-history":[{"count":0,"href":"https:\/\/www.fabioferro.eu\/de\/wp-json\/wp\/v2\/product\/159008\/revisions"}],"wp:featuredmedia":[{"embeddable":true,"href":"https:\/\/www.fabioferro.eu\/de\/wp-json\/wp\/v2\/media\/158930"}],"wp:attachment":[{"href":"https:\/\/www.fabioferro.eu\/de\/wp-json\/wp\/v2\/media?parent=159008"}],"wp:term":[{"taxonomy":"product_brand","embeddable":true,"href":"https:\/\/www.fabioferro.eu\/de\/wp-json\/wp\/v2\/product_brand?post=159008"},{"taxonomy":"product_cat","embeddable":true,"href":"https:\/\/www.fabioferro.eu\/de\/wp-json\/wp\/v2\/product_cat?post=159008"},{"taxonomy":"product_tag","embeddable":true,"href":"https:\/\/www.fabioferro.eu\/de\/wp-json\/wp\/v2\/product_tag?post=159008"}],"curies":[{"name":"wp","href":"https:\/\/api.w.org\/{rel}","templated":true}]}}