{"id":159213,"date":"2024-07-12T19:35:20","date_gmt":"2024-07-12T17:35:20","guid":{"rendered":"https:\/\/www.fabioferro.eu\/brieftasche-giovanni-raspini-continental-large-gepraegtes-leder-19-x-11-x-35-cm.html"},"modified":"2025-03-11T17:47:56","modified_gmt":"2025-03-11T16:47:56","slug":"brieftasche-giovanni-raspini-continental-large-gepraegtes-leder-19-x-11-x-35-cm","status":"publish","type":"product","link":"https:\/\/www.fabioferro.eu\/de\/brieftasche-giovanni-raspini-continental-large-gepraegtes-leder-19-x-11-x-35-cm.html","title":{"rendered":"Brieftasche Giovanni Raspini Continental Large Gepr\u00e4gtes Leder 19 x 11 x 3,5 cm"},"content":{"rendered":"<div id=\"cgkit-tab-description\" class=\"woocommerce-Tabs-panel commercekit-Tabs-panel--description panel entry-content\">\n<p>Elegantes Portemonnaie aus schwarzem Kalbsleder, nat\u00fcrlich.<\/p>\n<p>Das Leder ist mit einer Pr\u00e4gung versehen.<\/p>\n<p>Ma\u00dfe 19 x 11 x 3,5 cm.<\/p>\n<p>Innenfach mit Rei\u00dfverschluss f\u00fcr M\u00fcnzen und Bargeld\/Karten. Logo mit Krokodil aus 925er Silber. <\/p>\n<p>Hergestellt in Italien.<\/p>\n<p>Begleitet von Box und offizieller Garantie von Giovanni Raspini<\/p>\n<\/div>\n","protected":false},"excerpt":{"rendered":"<p>Ein sehr ger\u00e4umiges Portemonnaie, in dem Sie alles unterbringen k\u00f6nnen, was Sie f\u00fcr Ihre t\u00e4gliche Routine ben\u00f6tigen.<\/p>\n","protected":false},"featured_media":158903,"comment_status":"open","ping_status":"closed","template":"","meta":[],"product_brand":[155],"product_cat":[7472],"product_tag":[7442],"class_list":{"0":"post-159213","1":"product","2":"type-product","3":"status-publish","4":"has-post-thumbnail","6":"product_brand-raspini","7":"product_cat-giovanni-raspini-geldborsen","8":"product_tag-verfugbar","10":"first","11":"instock","12":"sale","13":"taxable","14":"shipping-taxable","15":"purchasable","16":"product-type-simple"},"exclude_global_add_ons":[],"addons":[],"df_price":315,"df_sale_price":315,"df_regular_price":350,"df_image_link":"https:\/\/cdn02.fabioferro.eu\/wp-content\/uploads\/portafoglio-giovanni-raspini-continental-grande-pelle-goffrata-l0018.jpg","_links":{"self":[{"href":"https:\/\/www.fabioferro.eu\/de\/wp-json\/wp\/v2\/product\/159213","targetHints":{"allow":["GET"]}}],"collection":[{"href":"https:\/\/www.fabioferro.eu\/de\/wp-json\/wp\/v2\/product"}],"about":[{"href":"https:\/\/www.fabioferro.eu\/de\/wp-json\/wp\/v2\/types\/product"}],"replies":[{"embeddable":true,"href":"https:\/\/www.fabioferro.eu\/de\/wp-json\/wp\/v2\/comments?post=159213"}],"version-history":[{"count":0,"href":"https:\/\/www.fabioferro.eu\/de\/wp-json\/wp\/v2\/product\/159213\/revisions"}],"wp:featuredmedia":[{"embeddable":true,"href":"https:\/\/www.fabioferro.eu\/de\/wp-json\/wp\/v2\/media\/158903"}],"wp:attachment":[{"href":"https:\/\/www.fabioferro.eu\/de\/wp-json\/wp\/v2\/media?parent=159213"}],"wp:term":[{"taxonomy":"product_brand","embeddable":true,"href":"https:\/\/www.fabioferro.eu\/de\/wp-json\/wp\/v2\/product_brand?post=159213"},{"taxonomy":"product_cat","embeddable":true,"href":"https:\/\/www.fabioferro.eu\/de\/wp-json\/wp\/v2\/product_cat?post=159213"},{"taxonomy":"product_tag","embeddable":true,"href":"https:\/\/www.fabioferro.eu\/de\/wp-json\/wp\/v2\/product_tag?post=159213"}],"curies":[{"name":"wp","href":"https:\/\/api.w.org\/{rel}","templated":true}]}}