{"id":159217,"date":"2024-07-12T19:36:14","date_gmt":"2024-07-12T17:36:14","guid":{"rendered":"https:\/\/www.fabioferro.eu\/giovanni-raspini-brieftasche-mit-reissverschluss-grosses-gepraegtes-leder-195-x-10-x-28-cm.html"},"modified":"2025-03-11T17:47:54","modified_gmt":"2025-03-11T16:47:54","slug":"giovanni-raspini-brieftasche-mit-reissverschluss-grosses-gepraegtes-leder-195-x-10-x-28-cm","status":"publish","type":"product","link":"https:\/\/www.fabioferro.eu\/de\/giovanni-raspini-brieftasche-mit-reissverschluss-grosses-gepraegtes-leder-195-x-10-x-28-cm.html","title":{"rendered":"Giovanni Raspini Brieftasche mit Rei\u00dfverschluss Gro\u00dfes gepr\u00e4gtes Leder 19,5 x 10 x 2,8 cm"},"content":{"rendered":"<div id=\"cgkit-tab-description\" class=\"woocommerce-Tabs-panel commercekit-Tabs-panel--description panel entry-content\">\n<p>Elegantes Portemonnaie aus schwarzem Kalbsleder, nat\u00fcrlich.<\/p>\n<p>Das Leder ist mit einer Pr\u00e4gung versehen.<\/p>\n<p>Ma\u00dfe 19,5 x 10 x 2,8 cm.<\/p>\n<p>Innenfach mit Rei\u00dfverschluss f\u00fcr M\u00fcnzen und Bargeld\/Karten. Logo mit Krokodil aus 925er Silber. <\/p>\n<p>Hergestellt in Italien.<\/p>\n<p>Begleitet von Box und offizieller Garantie von Giovanni Raspini<\/p>\n<\/div>\n","protected":false},"excerpt":{"rendered":"<p>Eine gro\u00dfe Brieftasche aus schwarzem gepr\u00e4gtem Kalbsleder, sehr elegant f\u00fcr jede Gelegenheit.<\/p>\n","protected":false},"featured_media":158900,"comment_status":"open","ping_status":"closed","template":"","meta":[],"product_brand":[155],"product_cat":[7472],"product_tag":[7442],"class_list":{"0":"post-159217","1":"product","2":"type-product","3":"status-publish","4":"has-post-thumbnail","6":"product_brand-raspini","7":"product_cat-giovanni-raspini-geldborsen","8":"product_tag-verfugbar","10":"first","11":"instock","12":"sale","13":"taxable","14":"shipping-taxable","15":"purchasable","16":"product-type-simple"},"exclude_global_add_ons":[],"addons":[],"df_price":351,"df_sale_price":351,"df_regular_price":390,"df_image_link":"https:\/\/cdn02.fabioferro.eu\/wp-content\/uploads\/portafoglio-giovanni-raspini-con-zip-grande-pelle-goffrata-l0019.jpg","_links":{"self":[{"href":"https:\/\/www.fabioferro.eu\/de\/wp-json\/wp\/v2\/product\/159217","targetHints":{"allow":["GET"]}}],"collection":[{"href":"https:\/\/www.fabioferro.eu\/de\/wp-json\/wp\/v2\/product"}],"about":[{"href":"https:\/\/www.fabioferro.eu\/de\/wp-json\/wp\/v2\/types\/product"}],"replies":[{"embeddable":true,"href":"https:\/\/www.fabioferro.eu\/de\/wp-json\/wp\/v2\/comments?post=159217"}],"version-history":[{"count":0,"href":"https:\/\/www.fabioferro.eu\/de\/wp-json\/wp\/v2\/product\/159217\/revisions"}],"wp:featuredmedia":[{"embeddable":true,"href":"https:\/\/www.fabioferro.eu\/de\/wp-json\/wp\/v2\/media\/158900"}],"wp:attachment":[{"href":"https:\/\/www.fabioferro.eu\/de\/wp-json\/wp\/v2\/media?parent=159217"}],"wp:term":[{"taxonomy":"product_brand","embeddable":true,"href":"https:\/\/www.fabioferro.eu\/de\/wp-json\/wp\/v2\/product_brand?post=159217"},{"taxonomy":"product_cat","embeddable":true,"href":"https:\/\/www.fabioferro.eu\/de\/wp-json\/wp\/v2\/product_cat?post=159217"},{"taxonomy":"product_tag","embeddable":true,"href":"https:\/\/www.fabioferro.eu\/de\/wp-json\/wp\/v2\/product_tag?post=159217"}],"curies":[{"name":"wp","href":"https:\/\/api.w.org\/{rel}","templated":true}]}}