{"id":159422,"date":"2024-10-01T17:19:52","date_gmt":"2024-10-01T15:19:52","guid":{"rendered":"https:\/\/www.fabioferro.eu\/giovanni-raspini-maglia-tonda-armband.html"},"modified":"2024-10-30T09:40:57","modified_gmt":"2024-10-30T08:40:57","slug":"giovanni-raspini-maglia-tonda-armband","status":"publish","type":"product","link":"https:\/\/www.fabioferro.eu\/de\/giovanni-raspini-maglia-tonda-armband.html","title":{"rendered":"Giovanni Raspini Maglia Tonda Armband"},"content":{"rendered":"<p>Armband aus 925\/1000 Silber. Erh\u00e4ltlich in zwei Gr\u00f6\u00dfen, L von 23 cm und M von 20 cm. Verschluss mit klassischem Karabinerhaken. Hergestellt in Italien. Wird mit Box und offizieller Giovanni Raspini Garantie geliefert.<\/p>\n","protected":false},"excerpt":{"rendered":"<p>Ein rundes Gliederarmband, das die Sch\u00f6nheit von poliertem Silber hervorhebt, immer magisch.<\/p>\n","protected":false},"featured_media":159417,"comment_status":"open","ping_status":"closed","template":"","meta":[],"product_brand":[],"product_cat":[7569],"product_tag":[],"class_list":{"0":"post-159422","1":"product","2":"type-product","3":"status-publish","4":"has-post-thumbnail","6":"product_cat-armbander-giovanni-raspini","8":"first","9":"instock","10":"sale","11":"taxable","12":"shipping-taxable","13":"purchasable","14":"product-type-variable","15":"has-default-attributes"},"exclude_global_add_ons":[],"addons":[],"df_price":148.5,"df_sale_price":"","df_regular_price":148.5,"df_image_link":"https:\/\/cdn02.fabioferro.eu\/wp-content\/uploads\/bracciale-giovanni-raspini-maglia-tonda-7443.jpg","_links":{"self":[{"href":"https:\/\/www.fabioferro.eu\/de\/wp-json\/wp\/v2\/product\/159422","targetHints":{"allow":["GET"]}}],"collection":[{"href":"https:\/\/www.fabioferro.eu\/de\/wp-json\/wp\/v2\/product"}],"about":[{"href":"https:\/\/www.fabioferro.eu\/de\/wp-json\/wp\/v2\/types\/product"}],"replies":[{"embeddable":true,"href":"https:\/\/www.fabioferro.eu\/de\/wp-json\/wp\/v2\/comments?post=159422"}],"version-history":[{"count":0,"href":"https:\/\/www.fabioferro.eu\/de\/wp-json\/wp\/v2\/product\/159422\/revisions"}],"wp:featuredmedia":[{"embeddable":true,"href":"https:\/\/www.fabioferro.eu\/de\/wp-json\/wp\/v2\/media\/159417"}],"wp:attachment":[{"href":"https:\/\/www.fabioferro.eu\/de\/wp-json\/wp\/v2\/media?parent=159422"}],"wp:term":[{"taxonomy":"product_brand","embeddable":true,"href":"https:\/\/www.fabioferro.eu\/de\/wp-json\/wp\/v2\/product_brand?post=159422"},{"taxonomy":"product_cat","embeddable":true,"href":"https:\/\/www.fabioferro.eu\/de\/wp-json\/wp\/v2\/product_cat?post=159422"},{"taxonomy":"product_tag","embeddable":true,"href":"https:\/\/www.fabioferro.eu\/de\/wp-json\/wp\/v2\/product_tag?post=159422"}],"curies":[{"name":"wp","href":"https:\/\/api.w.org\/{rel}","templated":true}]}}