{"id":159441,"date":"2024-10-01T19:17:43","date_gmt":"2024-10-01T17:17:43","guid":{"rendered":"https:\/\/www.fabioferro.eu\/fope-flex-it-solo-collection-armband-aus-rosegold-mit-diamanten.html"},"modified":"2026-01-09T16:22:26","modified_gmt":"2026-01-09T15:22:26","slug":"fope-flex-it-solo-collection-armband-aus-rosegold-mit-diamanten","status":"publish","type":"product","link":"https:\/\/www.fabioferro.eu\/de\/fope-flex-it-solo-collection-armband-aus-rosegold-mit-diamanten.html","title":{"rendered":"Fope Flex It Solo Collection Armband aus Ros\u00e9gold mit Diamanten"},"content":{"rendered":"<p class=\"p1\">Dieses von erfahrenen Goldschmieden handgefertigte Fope-Armband besteht aus 18-kar\u00e4tigem Gold und ist mit einem feinen, mit runden Brillanten besetzten Wei\u00dfgold-Rondell verziert.<\/p>\n<p class=\"p1\">Das Schmuckst\u00fcck, das auch in Wei\u00df- und Gelbgold erh\u00e4ltlich ist, besteht aus Diamanten mit einem Gesamtgewicht von 0,29 Karat, einem Reinheitsgrad von VS und einer Farbe von G, was ihm eine au\u00dfergew\u00f6hnliche Brillanz und beeindruckende Klarheit verleiht.<\/p>\n<p class=\"p1\">Dank einer flexiblen Struktur mit integrierten Goldfedern l\u00e4sst sich dieses Armband leicht an- und ablegen. Die patentierte Flex&#8217;it-Technologie von Fope sorgt f\u00fcr einen bequemen und anpassungsf\u00e4higen Sitz. <\/p>\n<p class=\"p1\">Vor dem Verkauf wird jedes Armband strengen Tests unterzogen, die mehr als 12.000 Ziehungen umfassen, um seine Langlebigkeit und Robustheit zu gew\u00e4hrleisten.<\/p>\n<p class=\"p1\">Ein Meisterwerk, das vollst\u00e4ndig in Italien hergestellt wird, in einem eleganten Etui geliefert wird und der internationalen Garantie von Fope unterliegt.<\/p>\n<p><img decoding=\"async\" class=\"alignnone size-full wp-image-205465\" src=\"http:\/\/cdn02.fabioferro.eu\/wp-content\/uploads\/tabelle-misure-bracciali.jpg\" alt=\"\" width=\"1900\" height=\"153\" title=\"\" srcset=\"https:\/\/cdn02.fabioferro.eu\/wp-content\/uploads\/tabelle-misure-bracciali.jpg 1900w, https:\/\/cdn02.fabioferro.eu\/wp-content\/uploads\/tabelle-misure-bracciali-768x62.jpg 768w, https:\/\/cdn02.fabioferro.eu\/wp-content\/uploads\/tabelle-misure-bracciali-1536x124.jpg 1536w, https:\/\/cdn02.fabioferro.eu\/wp-content\/uploads\/tabelle-misure-bracciali-990x80.jpg 990w, https:\/\/cdn02.fabioferro.eu\/wp-content\/uploads\/tabelle-misure-bracciali-441x36.jpg 441w, https:\/\/cdn02.fabioferro.eu\/wp-content\/uploads\/tabelle-misure-bracciali-600x48.jpg 600w, https:\/\/cdn02.fabioferro.eu\/wp-content\/uploads\/tabelle-misure-bracciali-150x12.jpg 150w\" sizes=\"(max-width: 1900px) 100vw, 1900px\" \/><\/p>\n","protected":false},"excerpt":{"rendered":"<p>Raffiniertes, handgefertigtes Goldarmband von Fope, ideal f\u00fcr alle, die zeitlose Eleganz suchen.<\/p>\n","protected":false},"featured_media":158366,"comment_status":"open","ping_status":"closed","template":"","meta":[],"product_brand":[154],"product_cat":[6161],"product_tag":[],"class_list":{"0":"post-159441","1":"product","2":"type-product","3":"status-publish","4":"has-post-thumbnail","6":"product_brand-fope","7":"product_cat-fope-armbander","9":"first","10":"instock","11":"taxable","12":"shipping-taxable","13":"purchasable","14":"product-type-variable","15":"has-default-attributes"},"exclude_global_add_ons":[],"addons":[],"df_price":6110,"df_sale_price":"","df_regular_price":6110,"df_image_link":"https:\/\/cdn02.fabioferro.eu\/wp-content\/uploads\/bracciale-fope-flex-it-collezione-solo-in-oro-rosa-con-diamanti.jpg","_links":{"self":[{"href":"https:\/\/www.fabioferro.eu\/de\/wp-json\/wp\/v2\/product\/159441","targetHints":{"allow":["GET"]}}],"collection":[{"href":"https:\/\/www.fabioferro.eu\/de\/wp-json\/wp\/v2\/product"}],"about":[{"href":"https:\/\/www.fabioferro.eu\/de\/wp-json\/wp\/v2\/types\/product"}],"replies":[{"embeddable":true,"href":"https:\/\/www.fabioferro.eu\/de\/wp-json\/wp\/v2\/comments?post=159441"}],"version-history":[{"count":1,"href":"https:\/\/www.fabioferro.eu\/de\/wp-json\/wp\/v2\/product\/159441\/revisions"}],"predecessor-version":[{"id":206415,"href":"https:\/\/www.fabioferro.eu\/de\/wp-json\/wp\/v2\/product\/159441\/revisions\/206415"}],"wp:featuredmedia":[{"embeddable":true,"href":"https:\/\/www.fabioferro.eu\/de\/wp-json\/wp\/v2\/media\/158366"}],"wp:attachment":[{"href":"https:\/\/www.fabioferro.eu\/de\/wp-json\/wp\/v2\/media?parent=159441"}],"wp:term":[{"taxonomy":"product_brand","embeddable":true,"href":"https:\/\/www.fabioferro.eu\/de\/wp-json\/wp\/v2\/product_brand?post=159441"},{"taxonomy":"product_cat","embeddable":true,"href":"https:\/\/www.fabioferro.eu\/de\/wp-json\/wp\/v2\/product_cat?post=159441"},{"taxonomy":"product_tag","embeddable":true,"href":"https:\/\/www.fabioferro.eu\/de\/wp-json\/wp\/v2\/product_tag?post=159441"}],"curies":[{"name":"wp","href":"https:\/\/api.w.org\/{rel}","templated":true}]}}