{"id":159460,"date":"2024-10-01T19:17:26","date_gmt":"2024-10-01T17:17:26","guid":{"rendered":"https:\/\/www.fabioferro.eu\/fope-flex-it-armband-solo-kollektion-in-gelbgold-mit-diamanten.html"},"modified":"2026-01-09T16:23:33","modified_gmt":"2026-01-09T15:23:33","slug":"fope-flex-it-armband-solo-kollektion-in-gelbgold-mit-diamanten","status":"publish","type":"product","link":"https:\/\/www.fabioferro.eu\/de\/fope-flex-it-armband-solo-kollektion-in-gelbgold-mit-diamanten.html","title":{"rendered":"Fope Flex It Armband Solo Kollektion in Gelbgold mit Diamanten"},"content":{"rendered":"<p>Fope Armband aus 18-kar\u00e4tigem Gold, handgefertigt von erfahrenen Kunsthandwerkern, verziert mit einem Rondell aus Wei\u00dfgold, das mit runden Brillanten besetzt ist.<\/p>\n<p>Das Schmuckst\u00fcck ist auch in den Varianten Wei\u00dfgold und Ros\u00e9gold erh\u00e4ltlich.<\/p>\n<p class=\"p1\">Die Diamanten mit einem Gesamtgewicht von 0,29 Karat haben eine Reinheit von VS und einen Farbton von G und bieten eine au\u00dfergew\u00f6hnliche Brillanz und raffinierte Klarheit.<\/p>\n<p class=\"p1\">Das Armband ist vollst\u00e4ndig elastisch und l\u00e4sst sich dank der d\u00fcnnen Goldfedern, die in der Gliederstruktur versteckt sind, besonders leicht tragen.<\/p>\n<p class=\"p1\">Die Flex&#8217;it-Technologie, ein exklusives Fope-Patent, garantiert Komfort und Flexibilit\u00e4t. Jedes Schmuckst\u00fcck wird einem strengen H\u00e4rtetest mit \u00fcber 12.000 Ziehungen unterzogen, bevor es in den Verkauf geht, um maximale Zuverl\u00e4ssigkeit und dauerhafte Qualit\u00e4t zu gew\u00e4hrleisten. <\/p>\n<p>Armband Made in Italy.<\/p>\n<p>Mit einem eleganten Etui und internationaler Fope-Garantie.<\/p>\n<p><img decoding=\"async\" class=\"alignnone size-full wp-image-205465\" src=\"http:\/\/cdn02.fabioferro.eu\/wp-content\/uploads\/tabelle-misure-bracciali.jpg\" alt=\"\" width=\"1900\" height=\"153\" title=\"\" srcset=\"https:\/\/cdn02.fabioferro.eu\/wp-content\/uploads\/tabelle-misure-bracciali.jpg 1900w, https:\/\/cdn02.fabioferro.eu\/wp-content\/uploads\/tabelle-misure-bracciali-768x62.jpg 768w, https:\/\/cdn02.fabioferro.eu\/wp-content\/uploads\/tabelle-misure-bracciali-1536x124.jpg 1536w, https:\/\/cdn02.fabioferro.eu\/wp-content\/uploads\/tabelle-misure-bracciali-990x80.jpg 990w, https:\/\/cdn02.fabioferro.eu\/wp-content\/uploads\/tabelle-misure-bracciali-441x36.jpg 441w, https:\/\/cdn02.fabioferro.eu\/wp-content\/uploads\/tabelle-misure-bracciali-600x48.jpg 600w, https:\/\/cdn02.fabioferro.eu\/wp-content\/uploads\/tabelle-misure-bracciali-150x12.jpg 150w\" sizes=\"(max-width: 1900px) 100vw, 1900px\" \/><\/p>\n","protected":false},"excerpt":{"rendered":"<p class=\"p1\">Die Raffinesse und Reinheit dieses Armbands verbinden sich mit der Eleganz von Gelbgold zu einem Accessoire, das von Weiblichkeit durchdrungen ist. Ein exklusives Schmuckst\u00fcck von Fope<b>.<\/b> <\/p>\n","protected":false},"featured_media":158337,"comment_status":"open","ping_status":"closed","template":"","meta":[],"product_brand":[154],"product_cat":[6161],"product_tag":[],"class_list":{"0":"post-159460","1":"product","2":"type-product","3":"status-publish","4":"has-post-thumbnail","6":"product_brand-fope","7":"product_cat-fope-armbander","9":"first","10":"instock","11":"taxable","12":"shipping-taxable","13":"purchasable","14":"product-type-variable","15":"has-default-attributes"},"exclude_global_add_ons":[],"addons":[],"df_price":6110,"df_sale_price":"","df_regular_price":6110,"df_image_link":"https:\/\/cdn02.fabioferro.eu\/wp-content\/uploads\/bracciale-fope-flex-it-collezione-solo-in-oro-giallo-con-diamanti.jpg","_links":{"self":[{"href":"https:\/\/www.fabioferro.eu\/de\/wp-json\/wp\/v2\/product\/159460","targetHints":{"allow":["GET"]}}],"collection":[{"href":"https:\/\/www.fabioferro.eu\/de\/wp-json\/wp\/v2\/product"}],"about":[{"href":"https:\/\/www.fabioferro.eu\/de\/wp-json\/wp\/v2\/types\/product"}],"replies":[{"embeddable":true,"href":"https:\/\/www.fabioferro.eu\/de\/wp-json\/wp\/v2\/comments?post=159460"}],"version-history":[{"count":1,"href":"https:\/\/www.fabioferro.eu\/de\/wp-json\/wp\/v2\/product\/159460\/revisions"}],"predecessor-version":[{"id":206496,"href":"https:\/\/www.fabioferro.eu\/de\/wp-json\/wp\/v2\/product\/159460\/revisions\/206496"}],"wp:featuredmedia":[{"embeddable":true,"href":"https:\/\/www.fabioferro.eu\/de\/wp-json\/wp\/v2\/media\/158337"}],"wp:attachment":[{"href":"https:\/\/www.fabioferro.eu\/de\/wp-json\/wp\/v2\/media?parent=159460"}],"wp:term":[{"taxonomy":"product_brand","embeddable":true,"href":"https:\/\/www.fabioferro.eu\/de\/wp-json\/wp\/v2\/product_brand?post=159460"},{"taxonomy":"product_cat","embeddable":true,"href":"https:\/\/www.fabioferro.eu\/de\/wp-json\/wp\/v2\/product_cat?post=159460"},{"taxonomy":"product_tag","embeddable":true,"href":"https:\/\/www.fabioferro.eu\/de\/wp-json\/wp\/v2\/product_tag?post=159460"}],"curies":[{"name":"wp","href":"https:\/\/api.w.org\/{rel}","templated":true}]}}