{"id":159508,"date":"2024-10-01T19:23:56","date_gmt":"2024-10-01T17:23:56","guid":{"rendered":"https:\/\/www.fabioferro.eu\/fope-flex-it-eka-armband-aus-weissgold-mit-diamant.html"},"modified":"2026-01-09T16:21:55","modified_gmt":"2026-01-09T15:21:55","slug":"fope-flex-it-eka-armband-aus-weissgold-mit-diamant","status":"publish","type":"product","link":"https:\/\/www.fabioferro.eu\/de\/fope-flex-it-eka-armband-aus-weissgold-mit-diamant.html","title":{"rendered":"Fope Flex It Eka Armband aus Wei\u00dfgold mit Diamant"},"content":{"rendered":"<p class=\"p1\">Armband aus der Eka-Kollektion von Fope, das fachm\u00e4nnisch aus 18 Karat Wei\u00dfgold gefertigt wurde.<\/p>\n<p class=\"p1\">Ein markantes Element ist ein Wei\u00dfgoldring mit einem zarten 0,01 Karat Diamanten, der dem fein gearbeiteten Glied einen Hauch von Raffinesse verleiht.<\/p>\n<p class=\"p1\">Dank der innovativen Flex&#8217;it-Technologie passt sich das Armband leicht an das Handgelenk an und l\u00e4sst sich bequem und ohne Schwierigkeiten tragen.<\/p>\n<p class=\"p1\">Jedes Armband wird strengen H\u00e4rtetests unterzogen und durchl\u00e4uft 12.000 Ziehungen, um au\u00dfergew\u00f6hnliche Qualit\u00e4t zu gew\u00e4hrleisten, bevor es auf den Markt kommt.<\/p>\n<p class=\"p1\">Sie wird in der ber\u00fchmten Stadt Vicenza handgefertigt und repr\u00e4sentiert die Spitze der italienischen Handwerkskunst.<\/p>\n<p class=\"p1\">Es wird in einer eleganten Box geliefert und beinhaltet die internationale Garantie von Fope.<\/p>\n<p><img decoding=\"async\" class=\"alignnone size-full wp-image-205465\" src=\"http:\/\/cdn02.fabioferro.eu\/wp-content\/uploads\/tabelle-misure-bracciali.jpg\" alt=\"\" width=\"1900\" height=\"153\" title=\"\" srcset=\"https:\/\/cdn02.fabioferro.eu\/wp-content\/uploads\/tabelle-misure-bracciali.jpg 1900w, https:\/\/cdn02.fabioferro.eu\/wp-content\/uploads\/tabelle-misure-bracciali-768x62.jpg 768w, https:\/\/cdn02.fabioferro.eu\/wp-content\/uploads\/tabelle-misure-bracciali-1536x124.jpg 1536w, https:\/\/cdn02.fabioferro.eu\/wp-content\/uploads\/tabelle-misure-bracciali-990x80.jpg 990w, https:\/\/cdn02.fabioferro.eu\/wp-content\/uploads\/tabelle-misure-bracciali-441x36.jpg 441w, https:\/\/cdn02.fabioferro.eu\/wp-content\/uploads\/tabelle-misure-bracciali-600x48.jpg 600w, https:\/\/cdn02.fabioferro.eu\/wp-content\/uploads\/tabelle-misure-bracciali-150x12.jpg 150w\" sizes=\"(max-width: 1900px) 100vw, 1900px\" \/><\/p>\n","protected":false},"excerpt":{"rendered":"<p>Fope Armband aus Gold, ein Symbol f\u00fcr Klasse und Raffinesse, ideal f\u00fcr alle, die einen exklusiven Touch suchen.<\/p>\n","protected":false},"featured_media":158850,"comment_status":"open","ping_status":"closed","template":"","meta":[],"product_brand":[154],"product_cat":[6161],"product_tag":[],"class_list":{"0":"post-159508","1":"product","2":"type-product","3":"status-publish","4":"has-post-thumbnail","6":"product_brand-fope","7":"product_cat-fope-armbander","9":"first","10":"instock","11":"taxable","12":"shipping-taxable","13":"purchasable","14":"product-type-variable","15":"has-default-attributes"},"exclude_global_add_ons":[],"addons":[],"df_price":2640,"df_sale_price":"","df_regular_price":2640,"df_image_link":"https:\/\/cdn02.fabioferro.eu\/wp-content\/uploads\/bracciale-fope-flex-it-eka-in-oro-bianco-con-diamante.jpg","_links":{"self":[{"href":"https:\/\/www.fabioferro.eu\/de\/wp-json\/wp\/v2\/product\/159508","targetHints":{"allow":["GET"]}}],"collection":[{"href":"https:\/\/www.fabioferro.eu\/de\/wp-json\/wp\/v2\/product"}],"about":[{"href":"https:\/\/www.fabioferro.eu\/de\/wp-json\/wp\/v2\/types\/product"}],"replies":[{"embeddable":true,"href":"https:\/\/www.fabioferro.eu\/de\/wp-json\/wp\/v2\/comments?post=159508"}],"version-history":[{"count":1,"href":"https:\/\/www.fabioferro.eu\/de\/wp-json\/wp\/v2\/product\/159508\/revisions"}],"predecessor-version":[{"id":206375,"href":"https:\/\/www.fabioferro.eu\/de\/wp-json\/wp\/v2\/product\/159508\/revisions\/206375"}],"wp:featuredmedia":[{"embeddable":true,"href":"https:\/\/www.fabioferro.eu\/de\/wp-json\/wp\/v2\/media\/158850"}],"wp:attachment":[{"href":"https:\/\/www.fabioferro.eu\/de\/wp-json\/wp\/v2\/media?parent=159508"}],"wp:term":[{"taxonomy":"product_brand","embeddable":true,"href":"https:\/\/www.fabioferro.eu\/de\/wp-json\/wp\/v2\/product_brand?post=159508"},{"taxonomy":"product_cat","embeddable":true,"href":"https:\/\/www.fabioferro.eu\/de\/wp-json\/wp\/v2\/product_cat?post=159508"},{"taxonomy":"product_tag","embeddable":true,"href":"https:\/\/www.fabioferro.eu\/de\/wp-json\/wp\/v2\/product_tag?post=159508"}],"curies":[{"name":"wp","href":"https:\/\/api.w.org\/{rel}","templated":true}]}}