{"id":159520,"date":"2024-10-01T19:23:51","date_gmt":"2024-10-01T17:23:51","guid":{"rendered":"https:\/\/www.fabioferro.eu\/fope-flex-it-panorama-armband-aus-rose-und-weissgold-mit-diamant.html"},"modified":"2026-01-09T16:21:54","modified_gmt":"2026-01-09T15:21:54","slug":"fope-flex-it-panorama-armband-aus-rose-und-weissgold-mit-diamant","status":"publish","type":"product","link":"https:\/\/www.fabioferro.eu\/de\/fope-flex-it-panorama-armband-aus-rose-und-weissgold-mit-diamant.html","title":{"rendered":"Fope Flex It Panorama Armband aus Ros\u00e9- und Wei\u00dfgold mit Diamant"},"content":{"rendered":"<p>Armband aus der Kollektion Panorama von Fope, handgefertigt aus 18 Karat Ros\u00e9- und Wei\u00dfgold.<\/p>\n<p>In der Mitte hebt sich ein kleiner Ring aus Ros\u00e9gold mit dem Fope-Logo und einem kleinen Diamanten von 0,01 Karat ab, der das raffinierte Geflecht des gewebten Netzes elegant unterbricht.<\/p>\n<p>Die Flexibilit\u00e4t des Armbands wird durch d\u00fcnne, in die Struktur eingebettete Goldfedern gew\u00e4hrleistet, die dank der innovativen Flex&#8217;it-Technologie einen bequemen Sitz ohne Verschl\u00fcsse erm\u00f6glichen.<\/p>\n<p>Jedes Armband wird mit mehr als 12.000 Ziehungen auf seine Widerstandsf\u00e4higkeit getestet, um eine hervorragende Qualit\u00e4t vor dem Verkauf zu gew\u00e4hrleisten.<\/p>\n<p>Handgefertigt in Italien, in der historischen Stadt Vicenza, ist es ein Symbol f\u00fcr hervorragende italienische Handwerkskunst.<\/p>\n<p>Wird mit einer Luxusbox und einem internationalen Garantiezertifikat von Fope geliefert.<\/p>\n<p><img decoding=\"async\" class=\"alignnone size-full wp-image-205465\" src=\"http:\/\/cdn02.fabioferro.eu\/wp-content\/uploads\/tabelle-misure-bracciali.jpg\" alt=\"\" width=\"1900\" height=\"153\" title=\"\" srcset=\"https:\/\/cdn02.fabioferro.eu\/wp-content\/uploads\/tabelle-misure-bracciali.jpg 1900w, https:\/\/cdn02.fabioferro.eu\/wp-content\/uploads\/tabelle-misure-bracciali-768x62.jpg 768w, https:\/\/cdn02.fabioferro.eu\/wp-content\/uploads\/tabelle-misure-bracciali-1536x124.jpg 1536w, https:\/\/cdn02.fabioferro.eu\/wp-content\/uploads\/tabelle-misure-bracciali-990x80.jpg 990w, https:\/\/cdn02.fabioferro.eu\/wp-content\/uploads\/tabelle-misure-bracciali-441x36.jpg 441w, https:\/\/cdn02.fabioferro.eu\/wp-content\/uploads\/tabelle-misure-bracciali-600x48.jpg 600w, https:\/\/cdn02.fabioferro.eu\/wp-content\/uploads\/tabelle-misure-bracciali-150x12.jpg 150w\" sizes=\"(max-width: 1900px) 100vw, 1900px\" \/><\/p>\n","protected":false},"excerpt":{"rendered":"<p>Fope Armband aus Gold, mit einem eleganten und raffinierten Design, perfekt f\u00fcr einen Hauch von raffinierter Klasse.<\/p>\n","protected":false},"featured_media":163835,"comment_status":"open","ping_status":"closed","template":"","meta":[],"product_brand":[154],"product_cat":[6161],"product_tag":[],"class_list":{"0":"post-159520","1":"product","2":"type-product","3":"status-publish","4":"has-post-thumbnail","6":"product_brand-fope","7":"product_cat-fope-armbander","9":"first","10":"instock","11":"taxable","12":"shipping-taxable","13":"purchasable","14":"product-type-variable","15":"has-default-attributes"},"exclude_global_add_ons":[],"addons":[],"df_price":6310,"df_sale_price":"","df_regular_price":6310,"df_image_link":"https:\/\/cdn02.fabioferro.eu\/wp-content\/uploads\/bracciale-fope-flex-it-panorama-in-oro-rosa-e-bianco-con-diamante.jpg","_links":{"self":[{"href":"https:\/\/www.fabioferro.eu\/de\/wp-json\/wp\/v2\/product\/159520","targetHints":{"allow":["GET"]}}],"collection":[{"href":"https:\/\/www.fabioferro.eu\/de\/wp-json\/wp\/v2\/product"}],"about":[{"href":"https:\/\/www.fabioferro.eu\/de\/wp-json\/wp\/v2\/types\/product"}],"replies":[{"embeddable":true,"href":"https:\/\/www.fabioferro.eu\/de\/wp-json\/wp\/v2\/comments?post=159520"}],"version-history":[{"count":1,"href":"https:\/\/www.fabioferro.eu\/de\/wp-json\/wp\/v2\/product\/159520\/revisions"}],"predecessor-version":[{"id":206372,"href":"https:\/\/www.fabioferro.eu\/de\/wp-json\/wp\/v2\/product\/159520\/revisions\/206372"}],"wp:featuredmedia":[{"embeddable":true,"href":"https:\/\/www.fabioferro.eu\/de\/wp-json\/wp\/v2\/media\/163835"}],"wp:attachment":[{"href":"https:\/\/www.fabioferro.eu\/de\/wp-json\/wp\/v2\/media?parent=159520"}],"wp:term":[{"taxonomy":"product_brand","embeddable":true,"href":"https:\/\/www.fabioferro.eu\/de\/wp-json\/wp\/v2\/product_brand?post=159520"},{"taxonomy":"product_cat","embeddable":true,"href":"https:\/\/www.fabioferro.eu\/de\/wp-json\/wp\/v2\/product_cat?post=159520"},{"taxonomy":"product_tag","embeddable":true,"href":"https:\/\/www.fabioferro.eu\/de\/wp-json\/wp\/v2\/product_tag?post=159520"}],"curies":[{"name":"wp","href":"https:\/\/api.w.org\/{rel}","templated":true}]}}