{"id":159539,"date":"2024-09-27T08:36:09","date_gmt":"2024-09-27T06:36:09","guid":{"rendered":"https:\/\/www.fabioferro.eu\/fope-flex-it-eka-armband-aus-rosegold-mit-diamant.html"},"modified":"2026-01-09T16:21:35","modified_gmt":"2026-01-09T15:21:35","slug":"fope-flex-it-eka-armband-aus-rosegold-mit-diamant","status":"publish","type":"product","link":"https:\/\/www.fabioferro.eu\/de\/fope-flex-it-eka-armband-aus-rosegold-mit-diamant.html","title":{"rendered":"Fope Flex It Eka Armband aus Ros\u00e9gold mit Diamant"},"content":{"rendered":"<p class=\"p1\">Armband aus der Eka-Kollektion von Fope, fein gearbeitet aus 18 Karat Ros\u00e9gold.<\/p>\n<p class=\"p1\">Ein kleiner Diamant von 0,01 Karat ist perfekt in das handgefertigte Glied integriert und verleiht ihm ein einzigartiges Stilelement.<\/p>\n<p class=\"p1\">Dank der fortschrittlichen Flex&#8217;it-Technologie passt sich dieses Armband m\u00fchelos an die Form des Handgelenks an und sorgt f\u00fcr einen bequemen und intuitiven Sitz.<\/p>\n<p class=\"p1\">Dieses handgefertigte Schmuckst\u00fcck ist ein authentisches Beispiel f\u00fcr italienische Handwerkskunst.<\/p>\n<p class=\"p1\">Es wird in einer eleganten Schachtel geliefert und enth\u00e4lt eine internationale Garantie von Fope.<\/p>\n<p><img decoding=\"async\" class=\"alignnone size-full wp-image-205465\" src=\"http:\/\/cdn02.fabioferro.eu\/wp-content\/uploads\/tabelle-misure-bracciali.jpg\" alt=\"\" width=\"1900\" height=\"153\" title=\"\" srcset=\"https:\/\/cdn02.fabioferro.eu\/wp-content\/uploads\/tabelle-misure-bracciali.jpg 1900w, https:\/\/cdn02.fabioferro.eu\/wp-content\/uploads\/tabelle-misure-bracciali-768x62.jpg 768w, https:\/\/cdn02.fabioferro.eu\/wp-content\/uploads\/tabelle-misure-bracciali-1536x124.jpg 1536w, https:\/\/cdn02.fabioferro.eu\/wp-content\/uploads\/tabelle-misure-bracciali-990x80.jpg 990w, https:\/\/cdn02.fabioferro.eu\/wp-content\/uploads\/tabelle-misure-bracciali-441x36.jpg 441w, https:\/\/cdn02.fabioferro.eu\/wp-content\/uploads\/tabelle-misure-bracciali-600x48.jpg 600w, https:\/\/cdn02.fabioferro.eu\/wp-content\/uploads\/tabelle-misure-bracciali-150x12.jpg 150w\" sizes=\"(max-width: 1900px) 100vw, 1900px\" \/><\/p>\n","protected":false},"excerpt":{"rendered":"<p class=\"p1\">Fope Armband aus Gold, ein exklusives Schmuckst\u00fcck, das Raffinesse und Stil f\u00fcr jeden Anlass verk\u00f6rpert.<\/p>\n","protected":false},"featured_media":158880,"comment_status":"open","ping_status":"closed","template":"","meta":[],"product_brand":[154],"product_cat":[6161],"product_tag":[],"class_list":{"0":"post-159539","1":"product","2":"type-product","3":"status-publish","4":"has-post-thumbnail","6":"product_brand-fope","7":"product_cat-fope-armbander","9":"first","10":"instock","11":"taxable","12":"shipping-taxable","13":"purchasable","14":"product-type-variable","15":"has-default-attributes"},"exclude_global_add_ons":[],"addons":[],"df_price":2640,"df_sale_price":"","df_regular_price":2640,"df_image_link":"https:\/\/cdn02.fabioferro.eu\/wp-content\/uploads\/bracciale-fope-flex-it-eka-in-oro-rosa-con-diamante-1.jpg","_links":{"self":[{"href":"https:\/\/www.fabioferro.eu\/de\/wp-json\/wp\/v2\/product\/159539","targetHints":{"allow":["GET"]}}],"collection":[{"href":"https:\/\/www.fabioferro.eu\/de\/wp-json\/wp\/v2\/product"}],"about":[{"href":"https:\/\/www.fabioferro.eu\/de\/wp-json\/wp\/v2\/types\/product"}],"replies":[{"embeddable":true,"href":"https:\/\/www.fabioferro.eu\/de\/wp-json\/wp\/v2\/comments?post=159539"}],"version-history":[{"count":1,"href":"https:\/\/www.fabioferro.eu\/de\/wp-json\/wp\/v2\/product\/159539\/revisions"}],"predecessor-version":[{"id":206329,"href":"https:\/\/www.fabioferro.eu\/de\/wp-json\/wp\/v2\/product\/159539\/revisions\/206329"}],"wp:featuredmedia":[{"embeddable":true,"href":"https:\/\/www.fabioferro.eu\/de\/wp-json\/wp\/v2\/media\/158880"}],"wp:attachment":[{"href":"https:\/\/www.fabioferro.eu\/de\/wp-json\/wp\/v2\/media?parent=159539"}],"wp:term":[{"taxonomy":"product_brand","embeddable":true,"href":"https:\/\/www.fabioferro.eu\/de\/wp-json\/wp\/v2\/product_brand?post=159539"},{"taxonomy":"product_cat","embeddable":true,"href":"https:\/\/www.fabioferro.eu\/de\/wp-json\/wp\/v2\/product_cat?post=159539"},{"taxonomy":"product_tag","embeddable":true,"href":"https:\/\/www.fabioferro.eu\/de\/wp-json\/wp\/v2\/product_tag?post=159539"}],"curies":[{"name":"wp","href":"https:\/\/api.w.org\/{rel}","templated":true}]}}