{"id":159551,"date":"2024-09-27T07:45:08","date_gmt":"2024-09-27T05:45:08","guid":{"rendered":"https:\/\/www.fabioferro.eu\/fope-flex-it-panorama-armband-aus-weiss-und-gelbgold-mit-diamant.html"},"modified":"2026-01-09T16:23:41","modified_gmt":"2026-01-09T15:23:41","slug":"fope-flex-it-panorama-armband-aus-weiss-und-gelbgold-mit-diamant","status":"publish","type":"product","link":"https:\/\/www.fabioferro.eu\/de\/fope-flex-it-panorama-armband-aus-weiss-und-gelbgold-mit-diamant.html","title":{"rendered":"Fope Flex It Panorama-Armband aus Wei\u00df- und Gelbgold mit Diamant"},"content":{"rendered":"<p class=\"p1\">Armband aus der Panorama-Kollektion von Fope, kunstvoll gefertigt aus 18 Karat Wei\u00df- und Gelbgold.<\/p>\n<p class=\"p1\">In der Mitte des Schmuckst\u00fccks befindet sich ein elegantes Element aus Wei\u00dfgold, das mit einem 0,01-Karat-Diamanten und der Fope-Marke verziert ist und einen raffinierten Kontrast zu dem fein gearbeiteten Netz bildet.<\/p>\n<p class=\"p1\">Dank der Integration von Goldfedern, die in der Struktur versteckt sind, bietet das Armband eine au\u00dfergew\u00f6hnliche Flexibilit\u00e4t, die den Einsatz herk\u00f6mmlicher Verschl\u00fcsse \u00fcberfl\u00fcssig macht und einen optimalen Tragekomfort gew\u00e4hrleistet. Dies wird durch die patentierte Flex&#8217;it-Technologie erm\u00f6glicht.<\/p>\n<p class=\"p1\">Bevor es in den Verkauf geht, wird jedes Armband strengen Widerstandstests unterzogen, die mehr als 12.000 Ziehungen umfassen, um eine maximale Haltbarkeit zu gew\u00e4hrleisten.<\/p>\n<p class=\"p1\">Handgefertigt in Vicenza, ist es ein Beispiel f\u00fcr hochwertige italienische Handwerkskunst.<\/p>\n<p class=\"p1\">Das Schmuckst\u00fcck wird mit einer eleganten Box und der internationalen Fope-Garantie geliefert.<\/p>\n<p><img decoding=\"async\" class=\"alignnone size-full wp-image-205465\" src=\"http:\/\/cdn02.fabioferro.eu\/wp-content\/uploads\/tabelle-misure-bracciali.jpg\" alt=\"\" width=\"1900\" height=\"153\" title=\"\" srcset=\"https:\/\/cdn02.fabioferro.eu\/wp-content\/uploads\/tabelle-misure-bracciali.jpg 1900w, https:\/\/cdn02.fabioferro.eu\/wp-content\/uploads\/tabelle-misure-bracciali-768x62.jpg 768w, https:\/\/cdn02.fabioferro.eu\/wp-content\/uploads\/tabelle-misure-bracciali-1536x124.jpg 1536w, https:\/\/cdn02.fabioferro.eu\/wp-content\/uploads\/tabelle-misure-bracciali-990x80.jpg 990w, https:\/\/cdn02.fabioferro.eu\/wp-content\/uploads\/tabelle-misure-bracciali-441x36.jpg 441w, https:\/\/cdn02.fabioferro.eu\/wp-content\/uploads\/tabelle-misure-bracciali-600x48.jpg 600w, https:\/\/cdn02.fabioferro.eu\/wp-content\/uploads\/tabelle-misure-bracciali-150x12.jpg 150w\" sizes=\"(max-width: 1900px) 100vw, 1900px\" \/><\/p>\n","protected":false},"excerpt":{"rendered":"<p>Fope Armband aus Gold, fein gearbeitet, entworfen, um Eleganz mit Diskretion auszudr\u00fccken.<\/p>\n","protected":false},"featured_media":158828,"comment_status":"open","ping_status":"closed","template":"","meta":[],"product_brand":[154],"product_cat":[6161],"product_tag":[],"class_list":{"0":"post-159551","1":"product","2":"type-product","3":"status-publish","4":"has-post-thumbnail","6":"product_brand-fope","7":"product_cat-fope-armbander","9":"first","10":"instock","11":"taxable","12":"shipping-taxable","13":"purchasable","14":"product-type-variable","15":"has-default-attributes"},"exclude_global_add_ons":[],"addons":[],"df_price":6310,"df_sale_price":"","df_regular_price":6310,"df_image_link":"https:\/\/cdn02.fabioferro.eu\/wp-content\/uploads\/bracciale-fope-flex-it-panorama-in-oro-bianco-e-giallo-con-diamante.jpg","_links":{"self":[{"href":"https:\/\/www.fabioferro.eu\/de\/wp-json\/wp\/v2\/product\/159551","targetHints":{"allow":["GET"]}}],"collection":[{"href":"https:\/\/www.fabioferro.eu\/de\/wp-json\/wp\/v2\/product"}],"about":[{"href":"https:\/\/www.fabioferro.eu\/de\/wp-json\/wp\/v2\/types\/product"}],"replies":[{"embeddable":true,"href":"https:\/\/www.fabioferro.eu\/de\/wp-json\/wp\/v2\/comments?post=159551"}],"version-history":[{"count":1,"href":"https:\/\/www.fabioferro.eu\/de\/wp-json\/wp\/v2\/product\/159551\/revisions"}],"predecessor-version":[{"id":206512,"href":"https:\/\/www.fabioferro.eu\/de\/wp-json\/wp\/v2\/product\/159551\/revisions\/206512"}],"wp:featuredmedia":[{"embeddable":true,"href":"https:\/\/www.fabioferro.eu\/de\/wp-json\/wp\/v2\/media\/158828"}],"wp:attachment":[{"href":"https:\/\/www.fabioferro.eu\/de\/wp-json\/wp\/v2\/media?parent=159551"}],"wp:term":[{"taxonomy":"product_brand","embeddable":true,"href":"https:\/\/www.fabioferro.eu\/de\/wp-json\/wp\/v2\/product_brand?post=159551"},{"taxonomy":"product_cat","embeddable":true,"href":"https:\/\/www.fabioferro.eu\/de\/wp-json\/wp\/v2\/product_cat?post=159551"},{"taxonomy":"product_tag","embeddable":true,"href":"https:\/\/www.fabioferro.eu\/de\/wp-json\/wp\/v2\/product_tag?post=159551"}],"curies":[{"name":"wp","href":"https:\/\/api.w.org\/{rel}","templated":true}]}}