{"id":159574,"date":"2024-09-27T07:49:46","date_gmt":"2024-09-27T05:49:46","guid":{"rendered":"https:\/\/www.fabioferro.eu\/fope-flex-it-panorama-armband-aus-gelb-und-rosegold-mit-diamant.html"},"modified":"2026-01-09T16:20:01","modified_gmt":"2026-01-09T15:20:01","slug":"fope-flex-it-panorama-armband-aus-gelb-und-rosegold-mit-diamant","status":"publish","type":"product","link":"https:\/\/www.fabioferro.eu\/de\/fope-flex-it-panorama-armband-aus-gelb-und-rosegold-mit-diamant.html","title":{"rendered":"Fope Flex It Panorama Armband aus Gelb- und Ros\u00e9gold mit Diamant"},"content":{"rendered":"<p class=\"p1\">Armband aus der Kollektion Panorama von Fope, das sorgf\u00e4ltig aus 18 Karat Gelb- und Ros\u00e9gold gefertigt wurde.<\/p>\n<p class=\"p1\">In der Mitte bildet ein feines Detail aus Gelbgold, das mit einem 0,01 Karat schweren Diamanten und dem Fope-Logo verziert ist, einen zarten Kontrast zur gewebten Textur des Armbands.<\/p>\n<p class=\"p1\">Dank d\u00fcnner Goldfedern, die in die Glieder eingebettet sind, bietet das Armband eine hohe Flexibilit\u00e4t, ohne dass eine Schlie\u00dfe erforderlich ist, und ist somit extrem leicht zu tragen. Diese Innovation wird durch die exklusive Flex&#8217;it-Technologie erm\u00f6glicht. <\/p>\n<p class=\"p1\">Jedes Armband wird strengen Dauertests mit \u00fcber 12.000 Ziehungen unterzogen, um seine Langlebigkeit und tadellose Qualit\u00e4t zu gew\u00e4hrleisten.<\/p>\n<p class=\"p1\">Handgefertigt in der traditionsreichen Stadt Vicenza, repr\u00e4sentiert es die Exzellenz der italienischen Handwerkskunst.<\/p>\n<p class=\"p1\">Er wird in einer luxuri\u00f6sen Verpackung und mit der internationalen Garantie von Fope geliefert.<\/p>\n<p><img decoding=\"async\" class=\"alignnone size-full wp-image-205465\" src=\"http:\/\/cdn02.fabioferro.eu\/wp-content\/uploads\/tabelle-misure-bracciali.jpg\" alt=\"\" width=\"1900\" height=\"153\" title=\"\" srcset=\"https:\/\/cdn02.fabioferro.eu\/wp-content\/uploads\/tabelle-misure-bracciali.jpg 1900w, https:\/\/cdn02.fabioferro.eu\/wp-content\/uploads\/tabelle-misure-bracciali-768x62.jpg 768w, https:\/\/cdn02.fabioferro.eu\/wp-content\/uploads\/tabelle-misure-bracciali-1536x124.jpg 1536w, https:\/\/cdn02.fabioferro.eu\/wp-content\/uploads\/tabelle-misure-bracciali-990x80.jpg 990w, https:\/\/cdn02.fabioferro.eu\/wp-content\/uploads\/tabelle-misure-bracciali-441x36.jpg 441w, https:\/\/cdn02.fabioferro.eu\/wp-content\/uploads\/tabelle-misure-bracciali-600x48.jpg 600w, https:\/\/cdn02.fabioferro.eu\/wp-content\/uploads\/tabelle-misure-bracciali-150x12.jpg 150w\" sizes=\"(max-width: 1900px) 100vw, 1900px\" \/><\/p>\n","protected":false},"excerpt":{"rendered":"<p>Fope Armband aus Gold, mit einem unverwechselbaren Stil, ideal um jeden Look mit einem Hauch von Luxus zu bereichern.<\/p>\n","protected":false},"featured_media":158840,"comment_status":"open","ping_status":"closed","template":"","meta":[],"product_brand":[154],"product_cat":[6161],"product_tag":[],"class_list":{"0":"post-159574","1":"product","2":"type-product","3":"status-publish","4":"has-post-thumbnail","6":"product_brand-fope","7":"product_cat-fope-armbander","9":"first","10":"instock","11":"taxable","12":"shipping-taxable","13":"purchasable","14":"product-type-variable","15":"has-default-attributes"},"exclude_global_add_ons":[],"addons":[],"df_price":6310,"df_sale_price":"","df_regular_price":6310,"df_image_link":"https:\/\/cdn02.fabioferro.eu\/wp-content\/uploads\/bracciale-fope-flex-it-panorama-in-oro-giallo-e-rosa-con-diamante.jpg","_links":{"self":[{"href":"https:\/\/www.fabioferro.eu\/de\/wp-json\/wp\/v2\/product\/159574","targetHints":{"allow":["GET"]}}],"collection":[{"href":"https:\/\/www.fabioferro.eu\/de\/wp-json\/wp\/v2\/product"}],"about":[{"href":"https:\/\/www.fabioferro.eu\/de\/wp-json\/wp\/v2\/types\/product"}],"replies":[{"embeddable":true,"href":"https:\/\/www.fabioferro.eu\/de\/wp-json\/wp\/v2\/comments?post=159574"}],"version-history":[{"count":1,"href":"https:\/\/www.fabioferro.eu\/de\/wp-json\/wp\/v2\/product\/159574\/revisions"}],"predecessor-version":[{"id":206275,"href":"https:\/\/www.fabioferro.eu\/de\/wp-json\/wp\/v2\/product\/159574\/revisions\/206275"}],"wp:featuredmedia":[{"embeddable":true,"href":"https:\/\/www.fabioferro.eu\/de\/wp-json\/wp\/v2\/media\/158840"}],"wp:attachment":[{"href":"https:\/\/www.fabioferro.eu\/de\/wp-json\/wp\/v2\/media?parent=159574"}],"wp:term":[{"taxonomy":"product_brand","embeddable":true,"href":"https:\/\/www.fabioferro.eu\/de\/wp-json\/wp\/v2\/product_brand?post=159574"},{"taxonomy":"product_cat","embeddable":true,"href":"https:\/\/www.fabioferro.eu\/de\/wp-json\/wp\/v2\/product_cat?post=159574"},{"taxonomy":"product_tag","embeddable":true,"href":"https:\/\/www.fabioferro.eu\/de\/wp-json\/wp\/v2\/product_tag?post=159574"}],"curies":[{"name":"wp","href":"https:\/\/api.w.org\/{rel}","templated":true}]}}