{"id":159585,"date":"2024-10-01T19:23:32","date_gmt":"2024-10-01T17:23:32","guid":{"rendered":"https:\/\/www.fabioferro.eu\/fope-eka-collection-ohrringe-aus-gelbgold-mit-diamanten.html"},"modified":"2026-01-09T16:22:05","modified_gmt":"2026-01-09T15:22:05","slug":"fope-eka-collection-ohrringe-aus-gelbgold-mit-diamanten","status":"publish","type":"product","link":"https:\/\/www.fabioferro.eu\/de\/fope-eka-collection-ohrringe-aus-gelbgold-mit-diamanten.html","title":{"rendered":"Fope Eka Collection Ohrringe aus Gelbgold mit Diamanten"},"content":{"rendered":"<p class=\"p1\">Ohrringe aus 18 Karat Gelbgold, die sich durch ein modernes Design auszeichnen und mit sorgf\u00e4ltig ausgew\u00e4hlten und gekonnt gefassten Diamanten verziert sind.<\/p>\n<p class=\"p1\">Die zentrale Struktur aus Wei\u00dfgold hat die Form eines Halbkreises und ist auf der R\u00fcckseite mit einem Federclip versehen, der f\u00fcr Sicherheit und Praktikabilit\u00e4t sorgt.<\/p>\n<p class=\"p1\">Die Vorderseite der Ohrringe ist mit einem Pav\u00e9 aus Brillanten von insgesamt 0,44 Karat verziert, die ein intensives und raffiniertes Licht verbreiten.<\/p>\n<p class=\"p1\">Diese in Italien handgefertigten Ohrringe sind die perfekte Kombination aus Eleganz und hochwertiger Handwerkskunst.<\/p>\n<p class=\"p1\">Geliefert in einer exquisiten Verpackung, zusammen mit der internationalen Garantie von Fope.<\/p>\n","protected":false},"excerpt":{"rendered":"<p>Fope Ohrringe aus Ros\u00e9gold, leuchtend und raffiniert, perfekt, um die Sch\u00f6nheit der Tr\u00e4gerin zu unterstreichen.<\/p>\n","protected":false},"featured_media":158772,"comment_status":"open","ping_status":"closed","template":"","meta":[],"product_brand":[154],"product_cat":[5937],"product_tag":[],"class_list":{"0":"post-159585","1":"product","2":"type-product","3":"status-publish","4":"has-post-thumbnail","6":"product_brand-fope","7":"product_cat-fope-ohrringe","9":"first","10":"instock","11":"taxable","12":"shipping-taxable","13":"purchasable","14":"product-type-simple"},"exclude_global_add_ons":[],"addons":[],"df_price":5090,"df_sale_price":"","df_regular_price":5090,"df_image_link":"https:\/\/cdn02.fabioferro.eu\/wp-content\/uploads\/orecchini-fope-collezione-eka-in-oro-giallo-con-diamanti.jpg","_links":{"self":[{"href":"https:\/\/www.fabioferro.eu\/de\/wp-json\/wp\/v2\/product\/159585","targetHints":{"allow":["GET"]}}],"collection":[{"href":"https:\/\/www.fabioferro.eu\/de\/wp-json\/wp\/v2\/product"}],"about":[{"href":"https:\/\/www.fabioferro.eu\/de\/wp-json\/wp\/v2\/types\/product"}],"replies":[{"embeddable":true,"href":"https:\/\/www.fabioferro.eu\/de\/wp-json\/wp\/v2\/comments?post=159585"}],"version-history":[{"count":1,"href":"https:\/\/www.fabioferro.eu\/de\/wp-json\/wp\/v2\/product\/159585\/revisions"}],"predecessor-version":[{"id":206394,"href":"https:\/\/www.fabioferro.eu\/de\/wp-json\/wp\/v2\/product\/159585\/revisions\/206394"}],"wp:featuredmedia":[{"embeddable":true,"href":"https:\/\/www.fabioferro.eu\/de\/wp-json\/wp\/v2\/media\/158772"}],"wp:attachment":[{"href":"https:\/\/www.fabioferro.eu\/de\/wp-json\/wp\/v2\/media?parent=159585"}],"wp:term":[{"taxonomy":"product_brand","embeddable":true,"href":"https:\/\/www.fabioferro.eu\/de\/wp-json\/wp\/v2\/product_brand?post=159585"},{"taxonomy":"product_cat","embeddable":true,"href":"https:\/\/www.fabioferro.eu\/de\/wp-json\/wp\/v2\/product_cat?post=159585"},{"taxonomy":"product_tag","embeddable":true,"href":"https:\/\/www.fabioferro.eu\/de\/wp-json\/wp\/v2\/product_tag?post=159585"}],"curies":[{"name":"wp","href":"https:\/\/api.w.org\/{rel}","templated":true}]}}