{"id":159589,"date":"2024-10-01T19:23:30","date_gmt":"2024-10-01T17:23:30","guid":{"rendered":"https:\/\/www.fabioferro.eu\/fope-aria-rose-gold-ohrringe-mit-diamanten.html"},"modified":"2026-01-09T16:22:14","modified_gmt":"2026-01-09T15:22:14","slug":"fope-aria-rose-gold-ohrringe-mit-diamanten","status":"publish","type":"product","link":"https:\/\/www.fabioferro.eu\/de\/fope-aria-rose-gold-ohrringe-mit-diamanten.html","title":{"rendered":"Fope Aria Rose Gold Ohrringe mit Diamanten"},"content":{"rendered":"<p class=\"p1\">Die Fope-Ohrringe aus der Aria-Kollektion sind aus 18 Karat Ros\u00e9gold gefertigt und unterstreichen ein raffiniertes und unverwechselbares Design.<\/p>\n<p class=\"p1\">Die Enden sind mit zwei zylindrischen Details verziert, die der Form des Schmuckst\u00fccks einen Hauch von Eleganz und Harmonie verleihen.<\/p>\n<p class=\"p1\">Jeder Ohrring ist mit drei Diamanten im Brillantschliff von insgesamt 0,09 Karat besetzt. Die sorgf\u00e4ltig von Hand gefassten Diamanten haben eine Farbe von G und eine Reinheit von VS1, was eine makellose Brillanz garantiert. <\/p>\n<p class=\"p1\">Der Verschluss ist mit einer gro\u00dfz\u00fcgigen Schmetterlingsschlie\u00dfe ausgestattet, die f\u00fcr Komfort und Sicherheit beim Tragen sorgt.<\/p>\n<p class=\"p1\">Die 4,5 cm langen Ohrringe sind in einem eleganten Etui verpackt und enthalten die internationale Qualit\u00e4tsgarantie von Fope.<\/p>\n","protected":false},"excerpt":{"rendered":"<p>Elegante goldene Ohrringe von Fope, mit Sorgfalt gefertigt, ideal f\u00fcr alle, die einen Hauch von Raffinesse suchen.<\/p>\n","protected":false},"featured_media":158747,"comment_status":"open","ping_status":"closed","template":"","meta":[],"product_brand":[154],"product_cat":[5937],"product_tag":[],"class_list":{"0":"post-159589","1":"product","2":"type-product","3":"status-publish","4":"has-post-thumbnail","6":"product_brand-fope","7":"product_cat-fope-ohrringe","9":"first","10":"instock","11":"taxable","12":"shipping-taxable","13":"purchasable","14":"product-type-simple"},"exclude_global_add_ons":[],"addons":[],"df_price":2180,"df_sale_price":"","df_regular_price":2180,"df_image_link":"https:\/\/cdn02.fabioferro.eu\/wp-content\/uploads\/orecchini-fope-aria-pendenti-in-oro-rosa-con-diamanti.jpg","_links":{"self":[{"href":"https:\/\/www.fabioferro.eu\/de\/wp-json\/wp\/v2\/product\/159589","targetHints":{"allow":["GET"]}}],"collection":[{"href":"https:\/\/www.fabioferro.eu\/de\/wp-json\/wp\/v2\/product"}],"about":[{"href":"https:\/\/www.fabioferro.eu\/de\/wp-json\/wp\/v2\/types\/product"}],"replies":[{"embeddable":true,"href":"https:\/\/www.fabioferro.eu\/de\/wp-json\/wp\/v2\/comments?post=159589"}],"version-history":[{"count":1,"href":"https:\/\/www.fabioferro.eu\/de\/wp-json\/wp\/v2\/product\/159589\/revisions"}],"predecessor-version":[{"id":206403,"href":"https:\/\/www.fabioferro.eu\/de\/wp-json\/wp\/v2\/product\/159589\/revisions\/206403"}],"wp:featuredmedia":[{"embeddable":true,"href":"https:\/\/www.fabioferro.eu\/de\/wp-json\/wp\/v2\/media\/158747"}],"wp:attachment":[{"href":"https:\/\/www.fabioferro.eu\/de\/wp-json\/wp\/v2\/media?parent=159589"}],"wp:term":[{"taxonomy":"product_brand","embeddable":true,"href":"https:\/\/www.fabioferro.eu\/de\/wp-json\/wp\/v2\/product_brand?post=159589"},{"taxonomy":"product_cat","embeddable":true,"href":"https:\/\/www.fabioferro.eu\/de\/wp-json\/wp\/v2\/product_cat?post=159589"},{"taxonomy":"product_tag","embeddable":true,"href":"https:\/\/www.fabioferro.eu\/de\/wp-json\/wp\/v2\/product_tag?post=159589"}],"curies":[{"name":"wp","href":"https:\/\/api.w.org\/{rel}","templated":true}]}}