{"id":159670,"date":"2024-10-01T08:15:48","date_gmt":"2024-10-01T06:15:48","guid":{"rendered":"https:\/\/www.fabioferro.eu\/fope-eka-collection-ring-aus-rosegold-und-diamanten.html"},"modified":"2026-01-09T16:23:40","modified_gmt":"2026-01-09T15:23:40","slug":"fope-eka-collection-ring-aus-rosegold-und-diamanten","status":"publish","type":"product","link":"https:\/\/www.fabioferro.eu\/de\/fope-eka-collection-ring-aus-rosegold-und-diamanten.html","title":{"rendered":"Fope Eka Collection Ring aus Ros\u00e9gold und Diamanten"},"content":{"rendered":"<p>Ring aus der Eka-Kollektion, der von Kunsthandwerkern in Vicenza kunstvoll aus 18 Karat Ros\u00e9gold gefertigt wurde.<\/p>\n<p class=\"p1\">Das Band zeichnet sich durch eine sorgf\u00e4ltige Verarbeitung aus, die dem Schmuckst\u00fcck eine schlichte und raffinierte Eleganz verleiht.<\/p>\n<p class=\"p1\">In der Mitte befindet sich ein Pav\u00e9 aus Diamanten im Brillantschliff mit insgesamt 0,22 Karat, das dem Design einen Hauch von Brillanz verleiht.<\/p>\n<p class=\"p1\">Dieses handgefertigte Schmuckst\u00fcck, ein Beispiel f\u00fcr Qualit\u00e4t Made in Italy, wird in einer edlen Schachtel geliefert und von einer internationalen Fope-Garantie begleitet.<\/p>\n<p><img decoding=\"async\" class=\"alignnone size-full wp-image-205373\" src=\"http:\/\/cdn02.fabioferro.eu\/wp-content\/uploads\/tabella-misure-anelli-standard-no-flexit-1.jpg\" alt=\"\" width=\"1266\" height=\"723\" title=\"\" srcset=\"https:\/\/cdn02.fabioferro.eu\/wp-content\/uploads\/tabella-misure-anelli-standard-no-flexit-1.jpg 1266w, https:\/\/cdn02.fabioferro.eu\/wp-content\/uploads\/tabella-misure-anelli-standard-no-flexit-1-768x439.jpg 768w, https:\/\/cdn02.fabioferro.eu\/wp-content\/uploads\/tabella-misure-anelli-standard-no-flexit-1-990x565.jpg 990w, https:\/\/cdn02.fabioferro.eu\/wp-content\/uploads\/tabella-misure-anelli-standard-no-flexit-1-441x252.jpg 441w, https:\/\/cdn02.fabioferro.eu\/wp-content\/uploads\/tabella-misure-anelli-standard-no-flexit-1-600x343.jpg 600w, https:\/\/cdn02.fabioferro.eu\/wp-content\/uploads\/tabella-misure-anelli-standard-no-flexit-1-150x86.jpg 150w\" sizes=\"(max-width: 1266px) 100vw, 1266px\" \/><\/p>\n","protected":false},"excerpt":{"rendered":"<p class=\"p1\">Fope Ring aus Ros\u00e9gold, ein raffiniertes Schmuckst\u00fcck, das Luxus und Vornehmheit in jedem Detail zum Ausdruck bringt.<\/p>\n","protected":false},"featured_media":159124,"comment_status":"open","ping_status":"closed","template":"","meta":[],"product_brand":[154],"product_cat":[6139],"product_tag":[],"class_list":{"0":"post-159670","1":"product","2":"type-product","3":"status-publish","4":"has-post-thumbnail","6":"product_brand-fope","7":"product_cat-fope-ringe","9":"first","10":"instock","11":"taxable","12":"shipping-taxable","13":"purchasable","14":"product-type-variable","15":"has-default-attributes"},"exclude_global_add_ons":[],"addons":[],"df_price":2970,"df_sale_price":"","df_regular_price":2970,"df_image_link":"https:\/\/cdn02.fabioferro.eu\/wp-content\/uploads\/anello-fope-collezione-eka-in-oro-rosa-e-diamanti.jpg","_links":{"self":[{"href":"https:\/\/www.fabioferro.eu\/de\/wp-json\/wp\/v2\/product\/159670","targetHints":{"allow":["GET"]}}],"collection":[{"href":"https:\/\/www.fabioferro.eu\/de\/wp-json\/wp\/v2\/product"}],"about":[{"href":"https:\/\/www.fabioferro.eu\/de\/wp-json\/wp\/v2\/types\/product"}],"replies":[{"embeddable":true,"href":"https:\/\/www.fabioferro.eu\/de\/wp-json\/wp\/v2\/comments?post=159670"}],"version-history":[{"count":2,"href":"https:\/\/www.fabioferro.eu\/de\/wp-json\/wp\/v2\/product\/159670\/revisions"}],"predecessor-version":[{"id":206509,"href":"https:\/\/www.fabioferro.eu\/de\/wp-json\/wp\/v2\/product\/159670\/revisions\/206509"}],"wp:featuredmedia":[{"embeddable":true,"href":"https:\/\/www.fabioferro.eu\/de\/wp-json\/wp\/v2\/media\/159124"}],"wp:attachment":[{"href":"https:\/\/www.fabioferro.eu\/de\/wp-json\/wp\/v2\/media?parent=159670"}],"wp:term":[{"taxonomy":"product_brand","embeddable":true,"href":"https:\/\/www.fabioferro.eu\/de\/wp-json\/wp\/v2\/product_brand?post=159670"},{"taxonomy":"product_cat","embeddable":true,"href":"https:\/\/www.fabioferro.eu\/de\/wp-json\/wp\/v2\/product_cat?post=159670"},{"taxonomy":"product_tag","embeddable":true,"href":"https:\/\/www.fabioferro.eu\/de\/wp-json\/wp\/v2\/product_tag?post=159670"}],"curies":[{"name":"wp","href":"https:\/\/api.w.org\/{rel}","templated":true}]}}