{"id":159695,"date":"2024-09-25T07:44:41","date_gmt":"2024-09-25T05:44:41","guid":{"rendered":"https:\/\/www.fabioferro.eu\/eka-flex-it-kollektion-fope-choker-halskette-aus-gelbgold-mit-schwarzem-diamant.html"},"modified":"2026-01-09T16:24:23","modified_gmt":"2026-01-09T15:24:23","slug":"eka-flex-it-kollektion-fope-choker-halskette-aus-gelbgold-mit-schwarzem-diamant","status":"publish","type":"product","link":"https:\/\/www.fabioferro.eu\/de\/eka-flex-it-kollektion-fope-choker-halskette-aus-gelbgold-mit-schwarzem-diamant.html","title":{"rendered":"Eka Flex It Kollektion Fope Choker Halskette aus Gelbgold mit schwarzem Diamant"},"content":{"rendered":"<p class=\"p1\">Choker Fope Halskette aus 18 Karat Gelbgold, verziert mit einem eleganten schwarzen Diamanten.<\/p>\n<p class=\"p1\">Der Stein hat ein Gesamtgewicht von 0,1 Karat und verleiht dem Schmuckst\u00fcck einen unverwechselbaren Glanz.<\/p>\n<p class=\"p1\">Diese Halskette ist auch in Ros\u00e9- und Wei\u00dfgold erh\u00e4ltlich und zeichnet sich durch ihre Vielseitigkeit aus.<\/p>\n<p class=\"p1\">Die flexible Struktur mit integrierten Goldfedern erleichtert das Tragen und Herausnehmen des Schmuckst\u00fccks. Die patentierte Flex&#8217;it-Technologie von Fope garantiert eine komfortable und anpassungsf\u00e4hige Passform. <\/p>\n<p class=\"p1\">Wird mit einem edlen Etui und einer internationalen Garantie von Fope geliefert.<\/p>\n<p><img decoding=\"async\" class=\"alignnone size-full wp-image-204889\" src=\"http:\/\/cdn02.fabioferro.eu\/wp-content\/uploads\/misure-collane-fope-internazionale.jpg\" alt=\"\" width=\"1500\" height=\"1875\" title=\"\" srcset=\"https:\/\/cdn02.fabioferro.eu\/wp-content\/uploads\/misure-collane-fope-internazionale.jpg 1500w, https:\/\/cdn02.fabioferro.eu\/wp-content\/uploads\/misure-collane-fope-internazionale-768x960.jpg 768w, https:\/\/cdn02.fabioferro.eu\/wp-content\/uploads\/misure-collane-fope-internazionale-1229x1536.jpg 1229w, https:\/\/cdn02.fabioferro.eu\/wp-content\/uploads\/misure-collane-fope-internazionale-990x1238.jpg 990w, https:\/\/cdn02.fabioferro.eu\/wp-content\/uploads\/misure-collane-fope-internazionale-441x551.jpg 441w, https:\/\/cdn02.fabioferro.eu\/wp-content\/uploads\/misure-collane-fope-internazionale-600x750.jpg 600w, https:\/\/cdn02.fabioferro.eu\/wp-content\/uploads\/misure-collane-fope-internazionale-150x188.jpg 150w\" sizes=\"(max-width: 1500px) 100vw, 1500px\" \/><\/p>\n","protected":false},"excerpt":{"rendered":"<p>Exklusive Goldkette von Fope, fein von Hand gefertigt, um die Tr\u00e4gerin aufzuwerten.<\/p>\n","protected":false},"featured_media":138646,"comment_status":"open","ping_status":"closed","template":"","meta":[],"product_brand":[154],"product_cat":[6203],"product_tag":[],"class_list":{"0":"post-159695","1":"product","2":"type-product","3":"status-publish","4":"has-post-thumbnail","6":"product_brand-fope","7":"product_cat-fope-halsketten","9":"first","10":"instock","11":"taxable","12":"shipping-taxable","13":"purchasable","14":"product-type-variable","15":"has-default-attributes"},"exclude_global_add_ons":[],"addons":[],"df_price":6050,"df_sale_price":"","df_regular_price":6050,"df_image_link":"https:\/\/cdn02.fabioferro.eu\/wp-content\/uploads\/choker-fope-in-oro-giallo-con-diamante-nero-07f01cx_bn_g_xgx.jpg","_links":{"self":[{"href":"https:\/\/www.fabioferro.eu\/de\/wp-json\/wp\/v2\/product\/159695","targetHints":{"allow":["GET"]}}],"collection":[{"href":"https:\/\/www.fabioferro.eu\/de\/wp-json\/wp\/v2\/product"}],"about":[{"href":"https:\/\/www.fabioferro.eu\/de\/wp-json\/wp\/v2\/types\/product"}],"replies":[{"embeddable":true,"href":"https:\/\/www.fabioferro.eu\/de\/wp-json\/wp\/v2\/comments?post=159695"}],"version-history":[{"count":1,"href":"https:\/\/www.fabioferro.eu\/de\/wp-json\/wp\/v2\/product\/159695\/revisions"}],"predecessor-version":[{"id":206533,"href":"https:\/\/www.fabioferro.eu\/de\/wp-json\/wp\/v2\/product\/159695\/revisions\/206533"}],"wp:featuredmedia":[{"embeddable":true,"href":"https:\/\/www.fabioferro.eu\/de\/wp-json\/wp\/v2\/media\/138646"}],"wp:attachment":[{"href":"https:\/\/www.fabioferro.eu\/de\/wp-json\/wp\/v2\/media?parent=159695"}],"wp:term":[{"taxonomy":"product_brand","embeddable":true,"href":"https:\/\/www.fabioferro.eu\/de\/wp-json\/wp\/v2\/product_brand?post=159695"},{"taxonomy":"product_cat","embeddable":true,"href":"https:\/\/www.fabioferro.eu\/de\/wp-json\/wp\/v2\/product_cat?post=159695"},{"taxonomy":"product_tag","embeddable":true,"href":"https:\/\/www.fabioferro.eu\/de\/wp-json\/wp\/v2\/product_tag?post=159695"}],"curies":[{"name":"wp","href":"https:\/\/api.w.org\/{rel}","templated":true}]}}