{"id":159707,"date":"2024-10-01T19:35:58","date_gmt":"2024-10-01T17:35:58","guid":{"rendered":"https:\/\/www.fabioferro.eu\/eka-flex-it-kollektion-fope-halskette-aus-rosegold-mit-schwarzem-diamant.html"},"modified":"2026-01-09T16:23:37","modified_gmt":"2026-01-09T15:23:37","slug":"eka-flex-it-kollektion-fope-halskette-aus-rosegold-mit-schwarzem-diamant","status":"publish","type":"product","link":"https:\/\/www.fabioferro.eu\/de\/eka-flex-it-kollektion-fope-halskette-aus-rosegold-mit-schwarzem-diamant.html","title":{"rendered":"Eka Flex It Kollektion Fope Halskette aus Ros\u00e9gold mit schwarzem Diamant"},"content":{"rendered":"<p>Choker Fope Halskette von Meisterhand aus 18 Karat Ros\u00e9gold und schwarzen Diamanten.<\/p>\n<p>Der Stein hat insgesamt 0,1 Karat und verleiht dem Schmuckst\u00fcck Leuchtkraft.<\/p>\n<p>Das Schmuckst\u00fcck ist auch in Gelb- und Wei\u00dfgold erh\u00e4ltlich.<\/p>\n<p>Dank einer flexiblen Struktur mit integrierten Goldfedern l\u00e4sst sich diese Halskette leicht an- und ablegen. Die patentierte Flex&#8217;it-Technologie von Fope sorgt f\u00fcr einen bequemen und anpassungsf\u00e4higen Sitz. <\/p>\n<p>Jede Halskette wird strengen Widerstandstests unterzogen und besteht 12.000 Zugversuche, um Langlebigkeit und Zuverl\u00e4ssigkeit zu gew\u00e4hrleisten.<\/p>\n<p>Mit einem eleganten Etui und internationaler Fope-Garantie.<\/p>\n<p><img decoding=\"async\" class=\"alignnone size-full wp-image-204889\" src=\"http:\/\/cdn02.fabioferro.eu\/wp-content\/uploads\/misure-collane-fope-internazionale.jpg\" alt=\"\" width=\"1500\" height=\"1875\" title=\"\" srcset=\"https:\/\/cdn02.fabioferro.eu\/wp-content\/uploads\/misure-collane-fope-internazionale.jpg 1500w, https:\/\/cdn02.fabioferro.eu\/wp-content\/uploads\/misure-collane-fope-internazionale-768x960.jpg 768w, https:\/\/cdn02.fabioferro.eu\/wp-content\/uploads\/misure-collane-fope-internazionale-1229x1536.jpg 1229w, https:\/\/cdn02.fabioferro.eu\/wp-content\/uploads\/misure-collane-fope-internazionale-990x1238.jpg 990w, https:\/\/cdn02.fabioferro.eu\/wp-content\/uploads\/misure-collane-fope-internazionale-441x551.jpg 441w, https:\/\/cdn02.fabioferro.eu\/wp-content\/uploads\/misure-collane-fope-internazionale-600x750.jpg 600w, https:\/\/cdn02.fabioferro.eu\/wp-content\/uploads\/misure-collane-fope-internazionale-150x188.jpg 150w\" sizes=\"(max-width: 1500px) 100vw, 1500px\" \/><\/p>\n","protected":false},"excerpt":{"rendered":"<p>Eine einfache, aber elegante Halskette aus Ros\u00e9gold von Fope.<\/p>\n","protected":false},"featured_media":160494,"comment_status":"open","ping_status":"closed","template":"","meta":[],"product_brand":[154],"product_cat":[6203],"product_tag":[],"class_list":{"0":"post-159707","1":"product","2":"type-product","3":"status-publish","4":"has-post-thumbnail","6":"product_brand-fope","7":"product_cat-fope-halsketten","9":"first","10":"instock","11":"taxable","12":"shipping-taxable","13":"purchasable","14":"product-type-variable","15":"has-default-attributes"},"exclude_global_add_ons":[],"addons":[],"df_price":6050,"df_sale_price":"","df_regular_price":6050,"df_image_link":"https:\/\/cdn02.fabioferro.eu\/wp-content\/uploads\/collana-fope-choker-in-oro-rosa-con-diamante-nero-07F01CX_BN_R_XRX_00.jpg","_links":{"self":[{"href":"https:\/\/www.fabioferro.eu\/de\/wp-json\/wp\/v2\/product\/159707","targetHints":{"allow":["GET"]}}],"collection":[{"href":"https:\/\/www.fabioferro.eu\/de\/wp-json\/wp\/v2\/product"}],"about":[{"href":"https:\/\/www.fabioferro.eu\/de\/wp-json\/wp\/v2\/types\/product"}],"replies":[{"embeddable":true,"href":"https:\/\/www.fabioferro.eu\/de\/wp-json\/wp\/v2\/comments?post=159707"}],"version-history":[{"count":1,"href":"https:\/\/www.fabioferro.eu\/de\/wp-json\/wp\/v2\/product\/159707\/revisions"}],"predecessor-version":[{"id":206504,"href":"https:\/\/www.fabioferro.eu\/de\/wp-json\/wp\/v2\/product\/159707\/revisions\/206504"}],"wp:featuredmedia":[{"embeddable":true,"href":"https:\/\/www.fabioferro.eu\/de\/wp-json\/wp\/v2\/media\/160494"}],"wp:attachment":[{"href":"https:\/\/www.fabioferro.eu\/de\/wp-json\/wp\/v2\/media?parent=159707"}],"wp:term":[{"taxonomy":"product_brand","embeddable":true,"href":"https:\/\/www.fabioferro.eu\/de\/wp-json\/wp\/v2\/product_brand?post=159707"},{"taxonomy":"product_cat","embeddable":true,"href":"https:\/\/www.fabioferro.eu\/de\/wp-json\/wp\/v2\/product_cat?post=159707"},{"taxonomy":"product_tag","embeddable":true,"href":"https:\/\/www.fabioferro.eu\/de\/wp-json\/wp\/v2\/product_tag?post=159707"}],"curies":[{"name":"wp","href":"https:\/\/api.w.org\/{rel}","templated":true}]}}