{"id":159719,"date":"2024-10-01T19:36:55","date_gmt":"2024-10-01T17:36:55","guid":{"rendered":"https:\/\/www.fabioferro.eu\/eka-flex-it-kollektion-fope-halskette-aus-weissgold-mit-schwarzem-diamant.html"},"modified":"2026-01-09T16:23:32","modified_gmt":"2026-01-09T15:23:32","slug":"eka-flex-it-kollektion-fope-halskette-aus-weissgold-mit-schwarzem-diamant","status":"publish","type":"product","link":"https:\/\/www.fabioferro.eu\/de\/eka-flex-it-kollektion-fope-halskette-aus-weissgold-mit-schwarzem-diamant.html","title":{"rendered":"Eka Flex It Kollektion Fope Halskette aus Wei\u00dfgold mit schwarzem Diamant"},"content":{"rendered":"<p class=\"p1\">Diese Fope-Halskette aus 18 Karat Wei\u00dfgold ist das Ergebnis gekonnter Handwerkskunst, bereichert durch einen schwarzen Diamanten von 0,1 Karat, der dem Schmuckst\u00fcck einen eleganten Glanz verleiht.<\/p>\n<p class=\"p1\">Die Halskette ist auch in Gelb- und Ros\u00e9gold erh\u00e4ltlich und besticht durch ihre Vielseitigkeit und Raffinesse.<\/p>\n<p class=\"p1\">Seine innovative, flexible Struktur mit Goldfedern im Inneren erm\u00f6glicht ein bequemes Tragen und garantiert dank der patentierten Flex&#8217;it-Technologie einen perfekten Sitz.<\/p>\n<p class=\"p1\">Das in einem edlen Etui verpackte Collier wird mit einer internationalen Fope-Garantie geliefert, die seine Qualit\u00e4t und Langlebigkeit bezeugt.<\/p>\n<p><img decoding=\"async\" class=\"alignnone size-full wp-image-204889\" src=\"http:\/\/cdn02.fabioferro.eu\/wp-content\/uploads\/misure-collane-fope-internazionale.jpg\" alt=\"\" width=\"1500\" height=\"1875\" title=\"\" srcset=\"https:\/\/cdn02.fabioferro.eu\/wp-content\/uploads\/misure-collane-fope-internazionale.jpg 1500w, https:\/\/cdn02.fabioferro.eu\/wp-content\/uploads\/misure-collane-fope-internazionale-768x960.jpg 768w, https:\/\/cdn02.fabioferro.eu\/wp-content\/uploads\/misure-collane-fope-internazionale-1229x1536.jpg 1229w, https:\/\/cdn02.fabioferro.eu\/wp-content\/uploads\/misure-collane-fope-internazionale-990x1238.jpg 990w, https:\/\/cdn02.fabioferro.eu\/wp-content\/uploads\/misure-collane-fope-internazionale-441x551.jpg 441w, https:\/\/cdn02.fabioferro.eu\/wp-content\/uploads\/misure-collane-fope-internazionale-600x750.jpg 600w, https:\/\/cdn02.fabioferro.eu\/wp-content\/uploads\/misure-collane-fope-internazionale-150x188.jpg 150w\" sizes=\"(max-width: 1500px) 100vw, 1500px\" \/><\/p>\n","protected":false},"excerpt":{"rendered":"<p>Prestigetr\u00e4chtige Goldkette von Fope, ein Ausdruck hoher Handwerkskunst, perfekt f\u00fcr alle, die raffinierten Stil sch\u00e4tzen.<\/p>\n","protected":false},"featured_media":160497,"comment_status":"open","ping_status":"closed","template":"","meta":[],"product_brand":[154],"product_cat":[6203],"product_tag":[],"class_list":{"0":"post-159719","1":"product","2":"type-product","3":"status-publish","4":"has-post-thumbnail","6":"product_brand-fope","7":"product_cat-fope-halsketten","9":"first","10":"instock","11":"taxable","12":"shipping-taxable","13":"purchasable","14":"product-type-variable","15":"has-default-attributes"},"exclude_global_add_ons":[],"addons":[],"df_price":6050,"df_sale_price":"","df_regular_price":6050,"df_image_link":"https:\/\/cdn02.fabioferro.eu\/wp-content\/uploads\/collana-fope-choker-in-oro-bianco-con-diamante-nero-07F01CX_BN_B_XBX_00.jpg","_links":{"self":[{"href":"https:\/\/www.fabioferro.eu\/de\/wp-json\/wp\/v2\/product\/159719","targetHints":{"allow":["GET"]}}],"collection":[{"href":"https:\/\/www.fabioferro.eu\/de\/wp-json\/wp\/v2\/product"}],"about":[{"href":"https:\/\/www.fabioferro.eu\/de\/wp-json\/wp\/v2\/types\/product"}],"replies":[{"embeddable":true,"href":"https:\/\/www.fabioferro.eu\/de\/wp-json\/wp\/v2\/comments?post=159719"}],"version-history":[{"count":1,"href":"https:\/\/www.fabioferro.eu\/de\/wp-json\/wp\/v2\/product\/159719\/revisions"}],"predecessor-version":[{"id":206495,"href":"https:\/\/www.fabioferro.eu\/de\/wp-json\/wp\/v2\/product\/159719\/revisions\/206495"}],"wp:featuredmedia":[{"embeddable":true,"href":"https:\/\/www.fabioferro.eu\/de\/wp-json\/wp\/v2\/media\/160497"}],"wp:attachment":[{"href":"https:\/\/www.fabioferro.eu\/de\/wp-json\/wp\/v2\/media?parent=159719"}],"wp:term":[{"taxonomy":"product_brand","embeddable":true,"href":"https:\/\/www.fabioferro.eu\/de\/wp-json\/wp\/v2\/product_brand?post=159719"},{"taxonomy":"product_cat","embeddable":true,"href":"https:\/\/www.fabioferro.eu\/de\/wp-json\/wp\/v2\/product_cat?post=159719"},{"taxonomy":"product_tag","embeddable":true,"href":"https:\/\/www.fabioferro.eu\/de\/wp-json\/wp\/v2\/product_tag?post=159719"}],"curies":[{"name":"wp","href":"https:\/\/api.w.org\/{rel}","templated":true}]}}