{"id":160124,"date":"2024-10-04T16:10:35","date_gmt":"2024-10-04T14:10:35","guid":{"rendered":"https:\/\/www.fabioferro.eu\/.html?post_type=product&#038;p=160124"},"modified":"2025-08-09T10:06:53","modified_gmt":"2025-08-09T08:06:53","slug":"madi-essenza-ohrringe-mit-rotem-hydrothermalquarz-copy","status":"publish","type":"product","link":"https:\/\/www.fabioferro.eu\/de\/madi-essenza-ohrringe-mit-rotem-hydrothermalquarz-copy.html","title":{"rendered":"Madi Essenza Ohrringe mit beigefarbenem hydrothermalem Quarz"},"content":{"rendered":"<p>Paar Ohrringe aus ros\u00e9-vergoldetem 925er Silber. Praktische Monachella auf der R\u00fcckseite mit Federverschluss. Made in Italy. Mit Box und offizieller Mad\u00ec Garantie.<\/p>\n","protected":false},"excerpt":{"rendered":"<p>Ein Juwelenpaar, das sich durch seine unendliche Sch\u00f6nheit ausdr\u00fcckt.<\/p>\n","protected":false},"featured_media":159964,"comment_status":"open","ping_status":"closed","template":"","meta":[],"product_brand":[],"product_cat":[5921],"product_tag":[],"class_list":{"0":"post-160124","1":"product","2":"type-product","3":"status-publish","4":"has-post-thumbnail","6":"product_cat-madi-ohrringe","8":"first","9":"instock","10":"sale","11":"taxable","12":"shipping-taxable","13":"purchasable","14":"product-type-simple"},"exclude_global_add_ons":[],"addons":[],"df_price":151.2,"df_sale_price":151.2,"df_regular_price":168,"df_image_link":"https:\/\/cdn02.fabioferro.eu\/wp-content\/uploads\/orecchini-madi-collezione-essenza-beige-39175.jpg","_links":{"self":[{"href":"https:\/\/www.fabioferro.eu\/de\/wp-json\/wp\/v2\/product\/160124","targetHints":{"allow":["GET"]}}],"collection":[{"href":"https:\/\/www.fabioferro.eu\/de\/wp-json\/wp\/v2\/product"}],"about":[{"href":"https:\/\/www.fabioferro.eu\/de\/wp-json\/wp\/v2\/types\/product"}],"replies":[{"embeddable":true,"href":"https:\/\/www.fabioferro.eu\/de\/wp-json\/wp\/v2\/comments?post=160124"}],"version-history":[{"count":1,"href":"https:\/\/www.fabioferro.eu\/de\/wp-json\/wp\/v2\/product\/160124\/revisions"}],"predecessor-version":[{"id":188899,"href":"https:\/\/www.fabioferro.eu\/de\/wp-json\/wp\/v2\/product\/160124\/revisions\/188899"}],"wp:featuredmedia":[{"embeddable":true,"href":"https:\/\/www.fabioferro.eu\/de\/wp-json\/wp\/v2\/media\/159964"}],"wp:attachment":[{"href":"https:\/\/www.fabioferro.eu\/de\/wp-json\/wp\/v2\/media?parent=160124"}],"wp:term":[{"taxonomy":"product_brand","embeddable":true,"href":"https:\/\/www.fabioferro.eu\/de\/wp-json\/wp\/v2\/product_brand?post=160124"},{"taxonomy":"product_cat","embeddable":true,"href":"https:\/\/www.fabioferro.eu\/de\/wp-json\/wp\/v2\/product_cat?post=160124"},{"taxonomy":"product_tag","embeddable":true,"href":"https:\/\/www.fabioferro.eu\/de\/wp-json\/wp\/v2\/product_tag?post=160124"}],"curies":[{"name":"wp","href":"https:\/\/api.w.org\/{rel}","templated":true}]}}