{"id":160184,"date":"2024-10-04T17:08:14","date_gmt":"2024-10-04T15:08:14","guid":{"rendered":"https:\/\/www.fabioferro.eu\/.html?post_type=product&#038;p=160184"},"modified":"2025-10-25T16:00:09","modified_gmt":"2025-10-25T14:00:09","slug":"madi-essenza-anhaenger-halskette-mit-rosa-hydrothermalquarz","status":"publish","type":"product","link":"https:\/\/www.fabioferro.eu\/de\/madi-essenza-anhaenger-halskette-mit-rosa-hydrothermalquarz.html","title":{"rendered":"Madi Essenza Anh\u00e4nger Halskette mit rosa Hydrothermalquarz"},"content":{"rendered":"<p>Halskette aus 925er ros\u00e9vergoldetem Silber.<\/p>\n<p>Der Stein ist ein farbiger hydrothermaler Quarz.<\/p>\n<p>Praktischer Karabinerhaken mit Karabinerverschluss.<\/p>\n<p>Hergestellt in Italien.<\/p>\n<p>Mit Box und offizieller Mad\u00ec Garantie.<\/p>\n","protected":false},"excerpt":{"rendered":"<p>Ein wundersch\u00f6ner Anh\u00e4nger mit schattiertem Quarz, der von unvergleichlicher Sch\u00f6nheit erz\u00e4hlt.<\/p>\n","protected":false},"featured_media":160009,"comment_status":"open","ping_status":"closed","template":"","meta":[],"product_brand":[],"product_cat":[5951],"product_tag":[7442],"class_list":{"0":"post-160184","1":"product","2":"type-product","3":"status-publish","4":"has-post-thumbnail","6":"product_cat-madi-halsketten","7":"product_tag-verfugbar","9":"first","10":"instock","11":"sale","12":"taxable","13":"shipping-taxable","14":"purchasable","15":"product-type-simple"},"exclude_global_add_ons":[],"addons":[],"df_price":130.5,"df_sale_price":130.5,"df_regular_price":145,"df_image_link":"https:\/\/cdn02.fabioferro.eu\/wp-content\/uploads\/collana-madi-essenza-rosa-39178.jpg","_links":{"self":[{"href":"https:\/\/www.fabioferro.eu\/de\/wp-json\/wp\/v2\/product\/160184","targetHints":{"allow":["GET"]}}],"collection":[{"href":"https:\/\/www.fabioferro.eu\/de\/wp-json\/wp\/v2\/product"}],"about":[{"href":"https:\/\/www.fabioferro.eu\/de\/wp-json\/wp\/v2\/types\/product"}],"replies":[{"embeddable":true,"href":"https:\/\/www.fabioferro.eu\/de\/wp-json\/wp\/v2\/comments?post=160184"}],"version-history":[{"count":1,"href":"https:\/\/www.fabioferro.eu\/de\/wp-json\/wp\/v2\/product\/160184\/revisions"}],"predecessor-version":[{"id":199867,"href":"https:\/\/www.fabioferro.eu\/de\/wp-json\/wp\/v2\/product\/160184\/revisions\/199867"}],"wp:featuredmedia":[{"embeddable":true,"href":"https:\/\/www.fabioferro.eu\/de\/wp-json\/wp\/v2\/media\/160009"}],"wp:attachment":[{"href":"https:\/\/www.fabioferro.eu\/de\/wp-json\/wp\/v2\/media?parent=160184"}],"wp:term":[{"taxonomy":"product_brand","embeddable":true,"href":"https:\/\/www.fabioferro.eu\/de\/wp-json\/wp\/v2\/product_brand?post=160184"},{"taxonomy":"product_cat","embeddable":true,"href":"https:\/\/www.fabioferro.eu\/de\/wp-json\/wp\/v2\/product_cat?post=160184"},{"taxonomy":"product_tag","embeddable":true,"href":"https:\/\/www.fabioferro.eu\/de\/wp-json\/wp\/v2\/product_tag?post=160184"}],"curies":[{"name":"wp","href":"https:\/\/api.w.org\/{rel}","templated":true}]}}