{"id":160196,"date":"2024-10-04T17:36:36","date_gmt":"2024-10-04T15:36:36","guid":{"rendered":"https:\/\/www.fabioferro.eu\/.html?post_type=product&#038;p=160196"},"modified":"2025-07-16T17:50:29","modified_gmt":"2025-07-16T15:50:29","slug":"madi-essenza-ring-mit-rotem-hydrothermalquarz","status":"publish","type":"product","link":"https:\/\/www.fabioferro.eu\/de\/madi-essenza-ring-mit-rotem-hydrothermalquarz.html","title":{"rendered":"Madi Essenza Ring mit rotem Hydrothermalquarz"},"content":{"rendered":"<p>Ring aus 925er ros\u00e9vergoldetem Silber.<\/p>\n<p>Der Stein ist ein gef\u00e4rbter hydrothermaler Quarz. Unten offen f\u00fcr eine kleine Gr\u00f6\u00dfenanpassung.<\/p>\n<p>Hergestellt in Italien.<\/p>\n<p>Wird von der offiziellen Mad\u00ec Box und Garantie begleitet.<\/p>\n","protected":false},"excerpt":{"rendered":"<p>Ein Ring von unendlicher Sch\u00f6nheit und Raffinesse, der in jeder Hinsicht unvergleichlich ist.<\/p>\n","protected":false},"featured_media":162685,"comment_status":"open","ping_status":"closed","template":"","meta":[],"product_brand":[],"product_cat":[7595],"product_tag":[],"class_list":{"0":"post-160196","1":"product","2":"type-product","3":"status-publish","4":"has-post-thumbnail","6":"product_cat-madi-ringe-de","8":"first","9":"instock","10":"sale","11":"taxable","12":"shipping-taxable","13":"purchasable","14":"product-type-variable","15":"has-default-attributes"},"exclude_global_add_ons":[],"addons":[],"df_price":146.25,"df_sale_price":"","df_regular_price":146.25,"df_image_link":"https:\/\/cdn02.fabioferro.eu\/wp-content\/uploads\/anello-madi-collezione-essenza-rosa-e-rosso-39186.jpg","_links":{"self":[{"href":"https:\/\/www.fabioferro.eu\/de\/wp-json\/wp\/v2\/product\/160196","targetHints":{"allow":["GET"]}}],"collection":[{"href":"https:\/\/www.fabioferro.eu\/de\/wp-json\/wp\/v2\/product"}],"about":[{"href":"https:\/\/www.fabioferro.eu\/de\/wp-json\/wp\/v2\/types\/product"}],"replies":[{"embeddable":true,"href":"https:\/\/www.fabioferro.eu\/de\/wp-json\/wp\/v2\/comments?post=160196"}],"version-history":[{"count":2,"href":"https:\/\/www.fabioferro.eu\/de\/wp-json\/wp\/v2\/product\/160196\/revisions"}],"predecessor-version":[{"id":189016,"href":"https:\/\/www.fabioferro.eu\/de\/wp-json\/wp\/v2\/product\/160196\/revisions\/189016"}],"wp:featuredmedia":[{"embeddable":true,"href":"https:\/\/www.fabioferro.eu\/de\/wp-json\/wp\/v2\/media\/162685"}],"wp:attachment":[{"href":"https:\/\/www.fabioferro.eu\/de\/wp-json\/wp\/v2\/media?parent=160196"}],"wp:term":[{"taxonomy":"product_brand","embeddable":true,"href":"https:\/\/www.fabioferro.eu\/de\/wp-json\/wp\/v2\/product_brand?post=160196"},{"taxonomy":"product_cat","embeddable":true,"href":"https:\/\/www.fabioferro.eu\/de\/wp-json\/wp\/v2\/product_cat?post=160196"},{"taxonomy":"product_tag","embeddable":true,"href":"https:\/\/www.fabioferro.eu\/de\/wp-json\/wp\/v2\/product_tag?post=160196"}],"curies":[{"name":"wp","href":"https:\/\/api.w.org\/{rel}","templated":true}]}}